{"id":208832,"date":"2025-03-22T16:05:00","date_gmt":"2025-03-22T16:05:00","guid":{"rendered":"https:\/\/aromasentia.com\/product\/himalayan-salt-bbq-cooking-plate-30x20x5cm\/"},"modified":"2025-05-31T05:29:25","modified_gmt":"2025-05-31T05:29:25","slug":"grilltallerken-med-himalayasalt-30x20x5cm","status":"publish","type":"product","link":"https:\/\/aromasentia.com\/no\/grilltallerken-med-himalayasalt-30x20x5cm\/","title":{"rendered":"Grilltallerken med Himalayasalt &#8211; 30x20x5cm"},"content":{"rendered":"<p><span style=\"color: rgb(75, 80, 88);\"><strong>L\u00f8ft grillopplevelsen utend\u00f8rs med v\u00e5r Himalayan Salt BBQ-tallerken<\/strong>. Denne <strong>30x20x5 cm rektangul\u00e6re platen<\/strong> er h\u00e5ndsk\u00e5ret av uber\u00f8rte Himalayan-saltblokker, og tilbyr en visuelt imponerende og smakfull matlagingsopplevelse. Den er perfekt for grilling av kj\u00f8tt og gr\u00f8nnsaker, og tilf\u00f8rer en subtil saltsmak til rettene dine. Med utmerket varmebevaring forvandler den grill\u00f8ktene dine til kulinariske gourmeteventyr.<\/span><\/p>\n<p><span style=\"color: rgb(75, 80, 88);\">Disse tallerkenene er fulle av essensielle mineraler som <strong>kalium, magnesium og kalsium.<\/strong><\/span><\/p>\n<p><span style=\"color: rgb(75, 80, 88);\">Varm den gradvis opp til \u00f8nsket steketemperatur, start med lav varme for \u00e5 unng\u00e5 sprekkdannelser. B\u00f8rst eller olje overflaten lett for \u00e5 forhindre at den fester seg. N\u00e5r du er klar til \u00e5 lage mat, plasserer du ingrediensene direkte p\u00e5 tallerkenen for jevn tilberedning og en subtil salt smak. Den fungerer ogs\u00e5 som et elegant serveringsfat og kan avkj\u00f8les til kalde retter. Etter bruk, la den avkj\u00f8les, skrap av rester, skyll med vann og unng\u00e5 \u00e5 bruke s\u00e5pe for \u00e5 bevare dens unike egenskaper.<\/span><\/p>\n<p><span style=\"color: rgb(141, 186, 216);\"><strong>En unik kj\u00f8kkenopplevelse for h\u00e5nden<\/strong><\/span><\/p>\n","protected":false},"excerpt":{"rendered":"<p>L\u00f8ft grillopplevelsen utend\u00f8rs med v\u00e5r Himalayan Salt BBQ-tallerken. Denne 30x20x5 cm rektangul\u00e6re platen er h\u00e5ndsk\u00e5ret av uber\u00f8rte Himalayan-saltblokker, og tilbyr en visuelt imponerende og smakfull matlagingsopplevelse. Den er perfekt for grilling av kj\u00f8tt og gr\u00f8nnsaker, og tilf\u00f8rer en subtil saltsmak til rettene dine. Med utmerket varmebevaring forvandler den grill\u00f8ktene dine til kulinariske gourmeteventyr. Disse tallerkenene [&hellip;]<\/p>\n","protected":false},"featured_media":364273,"comment_status":"closed","ping_status":"open","template":"","meta":{"_angie_page":false},"product_brand":[],"product_cat":[8394,10420],"product_tag":[],"class_list":{"0":"post-208832","1":"product","2":"type-product","3":"status-publish","4":"has-post-thumbnail","6":"product_cat-hjem-og-hage","7":"product_cat-kjokken-og-tilbehor","8":"pa_collection-himalayan-salt-cooking-plate-no","9":"pa_made-in-pakistan","11":"first","12":"instock","13":"purchasable","14":"product-type-simple"},"supplier_id":null,"supplier_sku":"CSalt-01","barcode":null,"atum_controlled":true,"out_stock_date":null,"out_stock_threshold":null,"inheritable":false,"inbound_stock":null,"stock_on_hold":0,"sold_today":0,"sales_last_days":0,"reserved_stock":null,"customer_returns":null,"warehouse_damage":null,"lost_in_post":null,"other_logs":null,"out_stock_days":0,"lost_sales":0,"has_location":null,"update_date":"2026-04-29T18:50:32","atum_locations":[],"atum_stock_status":"instock","restock_status":false,"low_stock_amount":"","sales_update_date":"2026-01-30T01:26:27","calc_backorders":null,"_links":{"self":[{"href":"https:\/\/aromasentia.com\/no\/wp-json\/wp\/v2\/product\/208832","targetHints":{"allow":["GET"]}}],"collection":[{"href":"https:\/\/aromasentia.com\/no\/wp-json\/wp\/v2\/product"}],"about":[{"href":"https:\/\/aromasentia.com\/no\/wp-json\/wp\/v2\/types\/product"}],"replies":[{"embeddable":true,"href":"https:\/\/aromasentia.com\/no\/wp-json\/wp\/v2\/comments?post=208832"}],"version-history":[{"count":0,"href":"https:\/\/aromasentia.com\/no\/wp-json\/wp\/v2\/product\/208832\/revisions"}],"wp:featuredmedia":[{"embeddable":true,"href":"https:\/\/aromasentia.com\/no\/wp-json\/wp\/v2\/media\/364273"}],"wp:attachment":[{"href":"https:\/\/aromasentia.com\/no\/wp-json\/wp\/v2\/media?parent=208832"}],"wp:term":[{"taxonomy":"product_brand","embeddable":true,"href":"https:\/\/aromasentia.com\/no\/wp-json\/wp\/v2\/product_brand?post=208832"},{"taxonomy":"product_cat","embeddable":true,"href":"https:\/\/aromasentia.com\/no\/wp-json\/wp\/v2\/product_cat?post=208832"},{"taxonomy":"product_tag","embeddable":true,"href":"https:\/\/aromasentia.com\/no\/wp-json\/wp\/v2\/product_tag?post=208832"}],"curies":[{"name":"wp","href":"https:\/\/api.w.org\/{rel}","templated":true}]}}