{"id":208829,"date":"2025-03-22T16:05:00","date_gmt":"2025-03-22T16:05:00","guid":{"rendered":"https:\/\/aromasentia.com\/product\/cotton-pario-throw-100x180-cm-hot-pink\/"},"modified":"2025-05-31T05:29:17","modified_gmt":"2025-05-31T05:29:17","slug":"bomull-pario-pledd-100x180-cm-hot-pink","status":"publish","type":"product","link":"https:\/\/aromasentia.com\/no\/bomull-pario-pledd-100x180-cm-hot-pink\/","title":{"rendered":"Bomull Pario Pledd &#8211; 100&#215;180 cm &#8211; Hot Pink"},"content":{"rendered":"<p>Indisk h\u00e5ndlaget pareo-pledd i bomull. Disse naturlige bomullsfibrene absorberer vann mer effektivt og er sk\u00e5nsomme mot huden. Med sommeren som n\u00e6rmer seg og de kj\u00f8lige kveldene, vil disse pareoene definitivt selge.<\/p>\n<p><\/p>\n<p>Pareoen er laget i en perfekt st\u00f8rrelse for \u00e5 vikles rundt livet. Hvert design leveres pakket med jutehyssing og merket med en merkelapp. De er lette, hurtigt\u00f8rkende, b\u00e6rbare og moteriktige.<\/p>\n<p><\/p>\n<p>De kan v\u00e6re b\u00e5de sporty og elegante, ideelle for strandh\u00e5ndkl\u00e6r, kan brukes som piknikteppe. Multifunksjonelt.<\/p>\n<p><\/p>\n<p>F\u00e5 inspirasjon og bestill disse unike pareoene i dag.<\/p>\n<p><\/p>\n<p>St\u00f8rrelse: Lengde 100 cm, Bredde 180 cm: Materiale: Bomull, Polyester: Laget i India<\/p>\n","protected":false},"excerpt":{"rendered":"<p>Indisk h\u00e5ndlaget pareo-pledd i bomull. Disse naturlige bomullsfibrene absorberer vann mer effektivt og er sk\u00e5nsomme mot huden. Med sommeren som n\u00e6rmer seg og de kj\u00f8lige kveldene, vil disse pareoene definitivt selge. Pareoen er laget i en perfekt st\u00f8rrelse for \u00e5 vikles rundt livet. Hvert design leveres pakket med jutehyssing og merket med en merkelapp. De [&hellip;]<\/p>\n","protected":false},"featured_media":364126,"comment_status":"closed","ping_status":"open","template":"","meta":{"_angie_page":false},"product_brand":[],"product_cat":[8394,10617,10395],"product_tag":[],"class_list":{"0":"post-208829","1":"product","2":"type-product","3":"status-publish","4":"has-post-thumbnail","6":"product_cat-hjem-og-hage","7":"product_cat-pledd","8":"product_cat-tekstiler","9":"pa_collection-cotton-pareo-throws-and-towels-no","10":"pa_made-in-india","12":"first","13":"outofstock","14":"purchasable","15":"product-type-simple"},"supplier_id":null,"supplier_sku":"CPT-08","barcode":null,"atum_controlled":true,"out_stock_date":"2025-09-04 22:24:38","out_stock_threshold":null,"inheritable":false,"inbound_stock":null,"stock_on_hold":0,"sold_today":0,"sales_last_days":0,"reserved_stock":null,"customer_returns":null,"warehouse_damage":null,"lost_in_post":null,"other_logs":null,"out_stock_days":34,"lost_sales":0,"has_location":null,"update_date":"2026-04-27T06:58:25","atum_locations":[],"atum_stock_status":"outofstock","restock_status":false,"low_stock_amount":"","sales_update_date":"2025-10-09T03:28:32","calc_backorders":null,"_links":{"self":[{"href":"https:\/\/aromasentia.com\/no\/wp-json\/wp\/v2\/product\/208829","targetHints":{"allow":["GET"]}}],"collection":[{"href":"https:\/\/aromasentia.com\/no\/wp-json\/wp\/v2\/product"}],"about":[{"href":"https:\/\/aromasentia.com\/no\/wp-json\/wp\/v2\/types\/product"}],"replies":[{"embeddable":true,"href":"https:\/\/aromasentia.com\/no\/wp-json\/wp\/v2\/comments?post=208829"}],"version-history":[{"count":0,"href":"https:\/\/aromasentia.com\/no\/wp-json\/wp\/v2\/product\/208829\/revisions"}],"wp:featuredmedia":[{"embeddable":true,"href":"https:\/\/aromasentia.com\/no\/wp-json\/wp\/v2\/media\/364126"}],"wp:attachment":[{"href":"https:\/\/aromasentia.com\/no\/wp-json\/wp\/v2\/media?parent=208829"}],"wp:term":[{"taxonomy":"product_brand","embeddable":true,"href":"https:\/\/aromasentia.com\/no\/wp-json\/wp\/v2\/product_brand?post=208829"},{"taxonomy":"product_cat","embeddable":true,"href":"https:\/\/aromasentia.com\/no\/wp-json\/wp\/v2\/product_cat?post=208829"},{"taxonomy":"product_tag","embeddable":true,"href":"https:\/\/aromasentia.com\/no\/wp-json\/wp\/v2\/product_tag?post=208829"}],"curies":[{"name":"wp","href":"https:\/\/api.w.org\/{rel}","templated":true}]}}