{"id":208818,"date":"2025-03-22T16:05:00","date_gmt":"2025-03-22T16:05:00","guid":{"rendered":"https:\/\/aromasentia.com\/product\/coconut-capiz-windchimes-blue-dolphins-30cm\/"},"modified":"2025-05-31T05:28:37","modified_gmt":"2025-05-31T05:28:37","slug":"vindklokker-av-kokosnott-og-capiz-bla-delfiner-30-cm","status":"publish","type":"product","link":"https:\/\/aromasentia.com\/no\/vindklokker-av-kokosnott-og-capiz-bla-delfiner-30-cm\/","title":{"rendered":"Vindklokker Av Kokosn\u00f8tt Og Capiz &#8211; Bl\u00e5 Delfiner &#8211; 30 cm"},"content":{"rendered":"<p><span style=\"color: rgb(75, 80, 88);\">Ta en titt p\u00e5 dette kunstverket. Fantastiske <strong>Kokos- og Capiz-vindklokker &#8211; Bl\u00e5 delfiner &#8211; 30 cm<\/strong> er h\u00e5ndlaget av Capiz-glass.<\/span><\/p>\n<p><span style=\"color: rgb(75, 80, 88);\">Mange tror de beskytter omgivelsene mot onde \u00e5nder og negativ energi.<\/span><\/p>\n<p><span style=\"color: rgb(75, 80, 88);\">Heng dette unike dekorative verket innend\u00f8rs eller, for en bedre effekt, p\u00e5 verandaen eller i hagen. De klirrer fint sammen i brisen, og lyden vil bringe ro til ethvert rom.<\/span><\/p>\n<p><span style=\"color: rgb(75, 80, 88);\">Skap et hyggelig og livlig rom i hjemmet eller hagen din.<\/span><\/p>\n<p><span style=\"color: rgb(75, 80, 88);\">Bestill n\u00e5 og f\u00e5 din zen p\u00e5.<\/span><\/p>\n","protected":false},"excerpt":{"rendered":"<p>Ta en titt p\u00e5 dette kunstverket. Fantastiske Kokos- og Capiz-vindklokker &#8211; Bl\u00e5 delfiner &#8211; 30 cm er h\u00e5ndlaget av Capiz-glass. Mange tror de beskytter omgivelsene mot onde \u00e5nder og negativ energi. Heng dette unike dekorative verket innend\u00f8rs eller, for en bedre effekt, p\u00e5 verandaen eller i hagen. De klirrer fint sammen i brisen, og lyden [&hellip;]<\/p>\n","protected":false},"featured_media":363499,"comment_status":"closed","ping_status":"open","template":"","meta":{"_angie_page":false},"product_brand":[],"product_cat":[8394,10625],"product_tag":[],"class_list":{"0":"post-208818","1":"product","2":"type-product","3":"status-publish","4":"has-post-thumbnail","6":"product_cat-hjem-og-hage","7":"product_cat-vindspill","8":"pa_collection-driftwood-chime-no","9":"pa_made-in-indonesia","11":"first","12":"instock","13":"purchasable","14":"product-type-simple"},"supplier_id":null,"supplier_sku":"Copi-11","barcode":null,"atum_controlled":true,"out_stock_date":null,"out_stock_threshold":null,"inheritable":false,"inbound_stock":null,"stock_on_hold":0,"sold_today":0,"sales_last_days":0,"reserved_stock":null,"customer_returns":null,"warehouse_damage":null,"lost_in_post":null,"other_logs":null,"out_stock_days":0,"lost_sales":0,"has_location":null,"update_date":"2026-05-08T05:07:17","atum_locations":[],"atum_stock_status":"instock","restock_status":false,"low_stock_amount":"","sales_update_date":"2026-01-30T01:25:58","calc_backorders":null,"_links":{"self":[{"href":"https:\/\/aromasentia.com\/no\/wp-json\/wp\/v2\/product\/208818","targetHints":{"allow":["GET"]}}],"collection":[{"href":"https:\/\/aromasentia.com\/no\/wp-json\/wp\/v2\/product"}],"about":[{"href":"https:\/\/aromasentia.com\/no\/wp-json\/wp\/v2\/types\/product"}],"replies":[{"embeddable":true,"href":"https:\/\/aromasentia.com\/no\/wp-json\/wp\/v2\/comments?post=208818"}],"version-history":[{"count":0,"href":"https:\/\/aromasentia.com\/no\/wp-json\/wp\/v2\/product\/208818\/revisions"}],"wp:featuredmedia":[{"embeddable":true,"href":"https:\/\/aromasentia.com\/no\/wp-json\/wp\/v2\/media\/363499"}],"wp:attachment":[{"href":"https:\/\/aromasentia.com\/no\/wp-json\/wp\/v2\/media?parent=208818"}],"wp:term":[{"taxonomy":"product_brand","embeddable":true,"href":"https:\/\/aromasentia.com\/no\/wp-json\/wp\/v2\/product_brand?post=208818"},{"taxonomy":"product_cat","embeddable":true,"href":"https:\/\/aromasentia.com\/no\/wp-json\/wp\/v2\/product_cat?post=208818"},{"taxonomy":"product_tag","embeddable":true,"href":"https:\/\/aromasentia.com\/no\/wp-json\/wp\/v2\/product_tag?post=208818"}],"curies":[{"name":"wp","href":"https:\/\/api.w.org\/{rel}","templated":true}]}}