{"id":208816,"date":"2025-03-22T16:05:00","date_gmt":"2025-03-22T16:05:00","guid":{"rendered":"https:\/\/aromasentia.com\/product\/rainbow-large-leaf-chime\/"},"modified":"2025-05-31T05:28:31","modified_gmt":"2025-05-31T05:28:31","slug":"rainbow-large-leaf-chime","status":"publish","type":"product","link":"https:\/\/aromasentia.com\/no\/rainbow-large-leaf-chime\/","title":{"rendered":"Rainbow Large Leaf Chime"},"content":{"rendered":"<p>Bring naturen inn i huset med disse vakre <strong>Driftwood Chimes<\/strong>. De er h\u00e5ndlaget av sm\u00e5 familiebedrifter p\u00e5 Bali av strandmaterialer som drivved og Capiz-glass. Capiz er et velkjent skjell som skaper en behagelig lyd n\u00e5r det bl\u00e5ser i vinden og sl\u00e5r mot et annet.<\/p>\n<p>Mange mennesker tror at Wind Chimes beskytter omgivelsene mot onde \u00e5nder og negativ energi. Disse Driftwood Chimes er klare til \u00e5 henge i ethvert rom og skaper en mild, tr\u00f8stende atmosf\u00e6re, kundene dine kan bruke den innend\u00f8rs eller utend\u00f8rs; De klirrer fint sammen i brisen, lyden vil gi ro i ethvert rom. Du vil kanskje ogs\u00e5 like <a href=\"https:\/\/aromasentia.com\/birdb\"><strong>Fuglehus i sj\u00f8gress.<\/strong><\/a><\/p>\n<p>Du kan lage en i\u00f8ynefallende utstilling i butikken din i dag med <strong>Ancient Wisdom Wholesale Driftwood Chime<\/strong>, de vil bidra til \u00e5 tiltrekke kunder inn i butikken din.&nbsp;<\/p>\n<ul style=\"padding: 0px; farge: rgb(114, 114, 114); font-family: Raleway, sans-serif; font-size: 15px; font-style: normal; font-variant-ligatures: normal; font-variant-caps: normal; font-weight: 400; letter-spacing: normal; orphans: 2; text-align: start; text-indent: 0px; text-transform: none; white-space: normal; widows: 2; word-spacing: 0px; -webkit-text-stroke-width: 0px; background-color: rgb(255, 255, 255); text-decoration-thickness: initial; text-decoration-style: initial; text-decoration-color: initial;\">\n<li>Laget av capiz og drivved<\/li>\n<li>H\u00e5ndlaget<\/li>\n<li>Klar til utstilling<\/li>\n<\/ul>\n<p>Lengde (fra pinne): 46 cm, bredde: 30 cm, h\u00e5ndtakslengde: 21 cm<\/p>\n<p>&nbsp;<strong>F\u00e5 fart p\u00e5 kassa ved \u00e5 bestille i dag.<\/strong><\/p>\n","protected":false},"excerpt":{"rendered":"<p>Bring naturen inn i huset med disse vakre Driftwood Chimes. De er h\u00e5ndlaget av sm\u00e5 familiebedrifter p\u00e5 Bali av strandmaterialer som drivved og Capiz-glass. Capiz er et velkjent skjell som skaper en behagelig lyd n\u00e5r det bl\u00e5ser i vinden og sl\u00e5r mot et annet. Mange mennesker tror at Wind Chimes beskytter omgivelsene mot onde \u00e5nder [&hellip;]<\/p>\n","protected":false},"featured_media":363449,"comment_status":"closed","ping_status":"open","template":"","meta":[],"product_brand":[],"product_cat":[8394,10625],"product_tag":[],"class_list":{"0":"post-208816","1":"product","2":"type-product","3":"status-publish","4":"has-post-thumbnail","6":"product_cat-hjem-og-hage","7":"product_cat-vindspill","8":"pa_collection-driftwood-chime-no","9":"pa_made-in-indonesia","11":"first","12":"instock","13":"purchasable","14":"product-type-simple"},"supplier_id":null,"supplier_sku":"Copi-08","barcode":null,"atum_controlled":true,"out_stock_date":null,"out_stock_threshold":null,"inheritable":false,"inbound_stock":null,"stock_on_hold":0,"sold_today":0,"sales_last_days":0,"reserved_stock":null,"customer_returns":null,"warehouse_damage":null,"lost_in_post":null,"other_logs":null,"out_stock_days":0,"lost_sales":0,"has_location":null,"update_date":"2026-02-10T08:27:07","atum_locations":[],"atum_stock_status":"instock","restock_status":false,"low_stock_amount":"","sales_update_date":"2026-01-30T01:24:30","calc_backorders":null,"_links":{"self":[{"href":"https:\/\/aromasentia.com\/no\/wp-json\/wp\/v2\/product\/208816","targetHints":{"allow":["GET"]}}],"collection":[{"href":"https:\/\/aromasentia.com\/no\/wp-json\/wp\/v2\/product"}],"about":[{"href":"https:\/\/aromasentia.com\/no\/wp-json\/wp\/v2\/types\/product"}],"replies":[{"embeddable":true,"href":"https:\/\/aromasentia.com\/no\/wp-json\/wp\/v2\/comments?post=208816"}],"version-history":[{"count":0,"href":"https:\/\/aromasentia.com\/no\/wp-json\/wp\/v2\/product\/208816\/revisions"}],"wp:featuredmedia":[{"embeddable":true,"href":"https:\/\/aromasentia.com\/no\/wp-json\/wp\/v2\/media\/363449"}],"wp:attachment":[{"href":"https:\/\/aromasentia.com\/no\/wp-json\/wp\/v2\/media?parent=208816"}],"wp:term":[{"taxonomy":"product_brand","embeddable":true,"href":"https:\/\/aromasentia.com\/no\/wp-json\/wp\/v2\/product_brand?post=208816"},{"taxonomy":"product_cat","embeddable":true,"href":"https:\/\/aromasentia.com\/no\/wp-json\/wp\/v2\/product_cat?post=208816"},{"taxonomy":"product_tag","embeddable":true,"href":"https:\/\/aromasentia.com\/no\/wp-json\/wp\/v2\/product_tag?post=208816"}],"curies":[{"name":"wp","href":"https:\/\/api.w.org\/{rel}","templated":true}]}}