{"id":208803,"date":"2025-03-22T16:05:00","date_gmt":"2025-03-22T16:05:00","guid":{"rendered":"https:\/\/aromasentia.com\/product\/coconut-dragon-wind-chimes\/"},"modified":"2025-05-31T05:27:33","modified_gmt":"2025-05-31T05:27:33","slug":"kokosnott-drage-vindspill","status":"publish","type":"product","link":"https:\/\/aromasentia.com\/no\/kokosnott-drage-vindspill\/","title":{"rendered":"Kokosn\u00f8tt Drage Vindspill"},"content":{"rendered":"<p>Denne <strong>grossist Coconut Dragon Wind chime<\/strong> er et nydelig dekorativt stykke som passer b\u00e5de innend\u00f8rs og utend\u00f8rs.<\/p>\n<p>Disse vakre kokosn\u00f8tt vindklokkene er sensasjonelt h\u00e5ndlaget i Indonesia og har et naturlig dragedesign.<\/p>\n<p>Et rett og slett fantastisk, billig tillegg til ethvert hjem eller hage. Det produseres fantastiske naturlige toner som vil gi deg total ro.<\/p>\n<p>Den har en lengde p\u00e5 50 cm og et vingespenn p\u00e5 ca. 30 cm og henger 40 cm ned fra kroken.<\/p>\n<p><strong>Bestill i dag og se dem fly ut av butikken din.<\/strong><\/p>\n<\/p>\n<p> <strong>Bestill i dag og se dem fly ut av butikken din.<\/strong><\/p>\n","protected":false},"excerpt":{"rendered":"<p>Denne grossist Coconut Dragon Wind chime er et nydelig dekorativt stykke som passer b\u00e5de innend\u00f8rs og utend\u00f8rs. Disse vakre kokosn\u00f8tt vindklokkene er sensasjonelt h\u00e5ndlaget i Indonesia og har et naturlig dragedesign. Et rett og slett fantastisk, billig tillegg til ethvert hjem eller hage. Det produseres fantastiske naturlige toner som vil gi deg total ro. Den [&hellip;]<\/p>\n","protected":false},"featured_media":363204,"comment_status":"closed","ping_status":"open","template":"","meta":[],"product_brand":[],"product_cat":[8394],"product_tag":[],"class_list":{"0":"post-208803","1":"product","2":"type-product","3":"status-publish","4":"has-post-thumbnail","6":"product_cat-hjem-og-hage","7":"pa_collection-coconut-dragon-mobiles-no","8":"pa_made-in-indonesia","10":"first","11":"instock","12":"purchasable","13":"product-type-simple"},"supplier_id":null,"supplier_sku":"CocoD-06","barcode":null,"atum_controlled":true,"out_stock_date":null,"out_stock_threshold":null,"inheritable":false,"inbound_stock":null,"stock_on_hold":0,"sold_today":0,"sales_last_days":0,"reserved_stock":null,"customer_returns":null,"warehouse_damage":null,"lost_in_post":null,"other_logs":null,"out_stock_days":0,"lost_sales":0,"has_location":null,"update_date":"2026-01-30T01:25:25","atum_locations":[],"atum_stock_status":"instock","restock_status":false,"low_stock_amount":"","sales_update_date":"2026-01-30T01:25:25","calc_backorders":null,"_links":{"self":[{"href":"https:\/\/aromasentia.com\/no\/wp-json\/wp\/v2\/product\/208803","targetHints":{"allow":["GET"]}}],"collection":[{"href":"https:\/\/aromasentia.com\/no\/wp-json\/wp\/v2\/product"}],"about":[{"href":"https:\/\/aromasentia.com\/no\/wp-json\/wp\/v2\/types\/product"}],"replies":[{"embeddable":true,"href":"https:\/\/aromasentia.com\/no\/wp-json\/wp\/v2\/comments?post=208803"}],"version-history":[{"count":0,"href":"https:\/\/aromasentia.com\/no\/wp-json\/wp\/v2\/product\/208803\/revisions"}],"wp:featuredmedia":[{"embeddable":true,"href":"https:\/\/aromasentia.com\/no\/wp-json\/wp\/v2\/media\/363204"}],"wp:attachment":[{"href":"https:\/\/aromasentia.com\/no\/wp-json\/wp\/v2\/media?parent=208803"}],"wp:term":[{"taxonomy":"product_brand","embeddable":true,"href":"https:\/\/aromasentia.com\/no\/wp-json\/wp\/v2\/product_brand?post=208803"},{"taxonomy":"product_cat","embeddable":true,"href":"https:\/\/aromasentia.com\/no\/wp-json\/wp\/v2\/product_cat?post=208803"},{"taxonomy":"product_tag","embeddable":true,"href":"https:\/\/aromasentia.com\/no\/wp-json\/wp\/v2\/product_tag?post=208803"}],"curies":[{"name":"wp","href":"https:\/\/api.w.org\/{rel}","templated":true}]}}