{"id":208802,"date":"2025-03-22T16:05:00","date_gmt":"2025-03-22T16:05:00","guid":{"rendered":"https:\/\/aromasentia.com\/product\/lrg-nat-coconut-dragon-mobile-46cm\/"},"modified":"2025-05-31T05:27:30","modified_gmt":"2025-05-31T05:27:30","slug":"nat-coconut-dragon-mobile-46cm-stor","status":"publish","type":"product","link":"https:\/\/aromasentia.com\/no\/nat-coconut-dragon-mobile-46cm-stor\/","title":{"rendered":"Nat Coconut Dragon Mobile 46cm Stor"},"content":{"rendered":"<p>Denne flotte <strong>grossist<\/strong><strong>&nbsp;Large Natural&nbsp;<\/strong><strong>Kokosn\u00f8ttdrage-uroen<\/strong> vil v\u00e6re et str\u00e5lende tilskudd til butikken din.<\/p>\n<p>Laget i Indonesia har denne vakre drageuroen et vingespenn p\u00e5 ca. 46 cm og en lengde p\u00e5 40 cm, og den henger 40 cm ned fra kroken.<\/p>\n<p>Bare heng denne vakre flygende dragen innend\u00f8rs eller ute &#8230; helst i hagen din og se den fly rundt. <\/p>\n<\/p>\n<p> <strong>Bestill i dag og se dem fly ut av butikken din.<\/strong> <\/strong><\/p>\n","protected":false},"excerpt":{"rendered":"<p>Denne flotte grossist&nbsp;Large Natural&nbsp;Kokosn\u00f8ttdrage-uroen vil v\u00e6re et str\u00e5lende tilskudd til butikken din. Laget i Indonesia har denne vakre drageuroen et vingespenn p\u00e5 ca. 46 cm og en lengde p\u00e5 40 cm, og den henger 40 cm ned fra kroken. Bare heng denne vakre flygende dragen innend\u00f8rs eller ute &#8230; helst i hagen din og se [&hellip;]<\/p>\n","protected":false},"featured_media":363195,"comment_status":"closed","ping_status":"open","template":"","meta":[],"product_brand":[],"product_cat":[8394],"product_tag":[],"class_list":{"0":"post-208802","1":"product","2":"type-product","3":"status-publish","4":"has-post-thumbnail","6":"product_cat-hjem-og-hage","7":"pa_collection-coconut-dragon-mobiles-no","8":"pa_made-in-indonesia","10":"first","11":"instock","12":"purchasable","13":"product-type-simple"},"supplier_id":null,"supplier_sku":"CocoD-04","barcode":null,"atum_controlled":true,"out_stock_date":null,"out_stock_threshold":null,"inheritable":false,"inbound_stock":null,"stock_on_hold":0,"sold_today":0,"sales_last_days":0,"reserved_stock":null,"customer_returns":null,"warehouse_damage":null,"lost_in_post":null,"other_logs":null,"out_stock_days":0,"lost_sales":0,"has_location":null,"update_date":"2026-02-06T00:02:33","atum_locations":[],"atum_stock_status":"instock","restock_status":false,"low_stock_amount":"","sales_update_date":"2026-02-06T00:02:33","calc_backorders":null,"_links":{"self":[{"href":"https:\/\/aromasentia.com\/no\/wp-json\/wp\/v2\/product\/208802","targetHints":{"allow":["GET"]}}],"collection":[{"href":"https:\/\/aromasentia.com\/no\/wp-json\/wp\/v2\/product"}],"about":[{"href":"https:\/\/aromasentia.com\/no\/wp-json\/wp\/v2\/types\/product"}],"replies":[{"embeddable":true,"href":"https:\/\/aromasentia.com\/no\/wp-json\/wp\/v2\/comments?post=208802"}],"version-history":[{"count":0,"href":"https:\/\/aromasentia.com\/no\/wp-json\/wp\/v2\/product\/208802\/revisions"}],"wp:featuredmedia":[{"embeddable":true,"href":"https:\/\/aromasentia.com\/no\/wp-json\/wp\/v2\/media\/363195"}],"wp:attachment":[{"href":"https:\/\/aromasentia.com\/no\/wp-json\/wp\/v2\/media?parent=208802"}],"wp:term":[{"taxonomy":"product_brand","embeddable":true,"href":"https:\/\/aromasentia.com\/no\/wp-json\/wp\/v2\/product_brand?post=208802"},{"taxonomy":"product_cat","embeddable":true,"href":"https:\/\/aromasentia.com\/no\/wp-json\/wp\/v2\/product_cat?post=208802"},{"taxonomy":"product_tag","embeddable":true,"href":"https:\/\/aromasentia.com\/no\/wp-json\/wp\/v2\/product_tag?post=208802"}],"curies":[{"name":"wp","href":"https:\/\/api.w.org\/{rel}","templated":true}]}}