{"id":208800,"date":"2025-03-22T16:05:00","date_gmt":"2025-03-22T16:05:00","guid":{"rendered":"https:\/\/aromasentia.com\/product\/lrg-red-coconut-dragon-mobile-46cm\/"},"modified":"2025-05-31T05:27:22","modified_gmt":"2025-05-31T05:27:22","slug":"rod-kokosnott-drage-mobil-46-cm-stor","status":"publish","type":"product","link":"https:\/\/aromasentia.com\/no\/rod-kokosnott-drage-mobil-46-cm-stor\/","title":{"rendered":"R\u00f8d Kokosn\u00f8tt Drage Mobil 46 cm Stor"},"content":{"rendered":"<p>Denne serien med kreative kokosn\u00f8ttdrage-mobiler vil v\u00e6re et str\u00e5lende syn.<\/p>\n<p>Du kan forestille deg dem dingle i hagen mens de flyr rundt. Disse kokosn\u00f8ttdragene har et vingespenn p\u00e5 omtrent 37 cm x 30 cm og henger 40 cm ned fra kroken. Virkelig imponerende drage, trenger ikke \u00e5 trenes.<\/p>\n<p>De er n\u00f8ye h\u00e5ndlaget i Indonesia av en h\u00e5ndverkerfamilie med omhu og kj\u00e6rlighet.<\/p>\n<p>Heng denne vakre flygende dragen innend\u00f8rs eller utend\u00f8rs &#8230; helst i hagen og se den fly rundt.<\/p>\n","protected":false},"excerpt":{"rendered":"<p>Denne serien med kreative kokosn\u00f8ttdrage-mobiler vil v\u00e6re et str\u00e5lende syn. Du kan forestille deg dem dingle i hagen mens de flyr rundt. Disse kokosn\u00f8ttdragene har et vingespenn p\u00e5 omtrent 37 cm x 30 cm og henger 40 cm ned fra kroken. Virkelig imponerende drage, trenger ikke \u00e5 trenes. De er n\u00f8ye h\u00e5ndlaget i Indonesia av [&hellip;]<\/p>\n","protected":false},"featured_media":363145,"comment_status":"closed","ping_status":"open","template":"","meta":[],"product_brand":[],"product_cat":[8394],"product_tag":[],"class_list":{"0":"post-208800","1":"product","2":"type-product","3":"status-publish","4":"has-post-thumbnail","6":"product_cat-hjem-og-hage","7":"pa_collection-coconut-dragon-mobiles-no","8":"pa_made-in-indonesia","10":"first","11":"instock","12":"purchasable","13":"product-type-simple"},"supplier_id":null,"supplier_sku":"CocoD-05","barcode":null,"atum_controlled":true,"out_stock_date":null,"out_stock_threshold":null,"inheritable":false,"inbound_stock":null,"stock_on_hold":0,"sold_today":0,"sales_last_days":0,"reserved_stock":null,"customer_returns":null,"warehouse_damage":null,"lost_in_post":null,"other_logs":null,"out_stock_days":0,"lost_sales":0,"has_location":null,"update_date":"2026-02-07T18:39:22","atum_locations":[],"atum_stock_status":"instock","restock_status":false,"low_stock_amount":"","sales_update_date":"2026-02-06T00:01:26","calc_backorders":null,"_links":{"self":[{"href":"https:\/\/aromasentia.com\/no\/wp-json\/wp\/v2\/product\/208800","targetHints":{"allow":["GET"]}}],"collection":[{"href":"https:\/\/aromasentia.com\/no\/wp-json\/wp\/v2\/product"}],"about":[{"href":"https:\/\/aromasentia.com\/no\/wp-json\/wp\/v2\/types\/product"}],"replies":[{"embeddable":true,"href":"https:\/\/aromasentia.com\/no\/wp-json\/wp\/v2\/comments?post=208800"}],"version-history":[{"count":0,"href":"https:\/\/aromasentia.com\/no\/wp-json\/wp\/v2\/product\/208800\/revisions"}],"wp:featuredmedia":[{"embeddable":true,"href":"https:\/\/aromasentia.com\/no\/wp-json\/wp\/v2\/media\/363145"}],"wp:attachment":[{"href":"https:\/\/aromasentia.com\/no\/wp-json\/wp\/v2\/media?parent=208800"}],"wp:term":[{"taxonomy":"product_brand","embeddable":true,"href":"https:\/\/aromasentia.com\/no\/wp-json\/wp\/v2\/product_brand?post=208800"},{"taxonomy":"product_cat","embeddable":true,"href":"https:\/\/aromasentia.com\/no\/wp-json\/wp\/v2\/product_cat?post=208800"},{"taxonomy":"product_tag","embeddable":true,"href":"https:\/\/aromasentia.com\/no\/wp-json\/wp\/v2\/product_tag?post=208800"}],"curies":[{"name":"wp","href":"https:\/\/api.w.org\/{rel}","templated":true}]}}