{"id":208789,"date":"2025-03-22T16:05:00","date_gmt":"2025-03-22T16:05:00","guid":{"rendered":"https:\/\/aromasentia.com\/product\/coconut-leaf-fruit-bowl-set-whitewash\/"},"modified":"2025-05-31T05:26:36","modified_gmt":"2025-05-31T05:26:36","slug":"kokosnott-blad-fruktskalsett-hvitkalket","status":"publish","type":"product","link":"https:\/\/aromasentia.com\/no\/kokosnott-blad-fruktskalsett-hvitkalket\/","title":{"rendered":"Kokosn\u00f8tt Blad Fruktsk\u00e5lsett &#8211; Hvitkalket"},"content":{"rendered":"<p><span style=\"color: rgb(75, 80, 88);\"><strong>Kokosblad-fruktsk\u00e5ler sett med tre &#8211; hvitvasket<\/strong>er laget av et ekte kokosblad, en spesiell type som kan omformes og b\u00f8yes til former n\u00e5r det varmes opp. Hvert blad er et <strong>unikt naturprodukt<\/strong>, og hvert blad har en litt forskjellig st\u00f8rrelse og form. Ta naturen inn med disse helt vakre (og rimelige) naturlige kunstverkene, som kundene dine virkelig vil eie. Selges i sett med tre i hvitvasket, naturlig og sjokolade, disse vakre fargene med en slitt finish vil gi kundene dine flere valgmuligheter.<\/span><\/p>\n<p><span style=\"color: rgb(75, 80, 88);\">Alle settene er gjennomtenkte<strong>&nbsp;milj\u00f8vennlige gaver<\/strong>, individuelt pakket inn i h\u00e5ndverkspapir for \u00e5 beskytte dem under transport og pakket i en eske laget av resirkulert papp. Du kan lage en eksotisk borddekorasjon med disse fruktsk\u00e5lsettene i kokosblader. De er enkle \u00e5 rengj\u00f8re, bare bruk en fuktig svamp eller klut.<\/span><\/p>\n<p><span style=\"color: rgb(75, 80, 88);\"><strong>Merk:<\/strong> Disse produktene er laget av naturlige materialer, s\u00e5 den n\u00f8yaktige fargen og finishen vil variere. Hver er litt forskjellig, derfor unik.<\/span><\/p>\n<p><span style=\"color: rgb(75, 80, 88);\"><strong>St\u00f8rrelser: Stor 40x20cm, Medium 30x15cm og Liten 25x11cm.<\/strong><\/span><\/p>\n<p><span style=\"color: rgb(75, 80, 88);\"><em>Selges i sett p\u00e5 3 &#8211; H\u00e5ndlaget p\u00e5 Bali &ndash; Milj\u00f8vennlig &#8211; Vegansk &#8211; Flott \u00f8ko-gave<\/em>&nbsp;<\/span><\/p>\n<p><span style=\"color: rgb(141, 186, 216);\"><strong>Gi kundene dine en vakker og eksotisk hjemmedekorasjon, bestill n\u00e5.<\/strong><\/span><\/p>\n","protected":false},"excerpt":{"rendered":"<p>Kokosblad-fruktsk\u00e5ler sett med tre &#8211; hvitvasketer laget av et ekte kokosblad, en spesiell type som kan omformes og b\u00f8yes til former n\u00e5r det varmes opp. Hvert blad er et unikt naturprodukt, og hvert blad har en litt forskjellig st\u00f8rrelse og form. Ta naturen inn med disse helt vakre (og rimelige) naturlige kunstverkene, som kundene dine [&hellip;]<\/p>\n","protected":false},"featured_media":362766,"comment_status":"closed","ping_status":"open","template":"","meta":{"_angie_page":false},"product_brand":[],"product_cat":[10400,8394],"product_tag":[],"class_list":{"0":"post-208789","1":"product","2":"type-product","3":"status-publish","4":"has-post-thumbnail","6":"product_cat-dekorasjon","7":"product_cat-hjem-og-hage","8":"pa_collection-coconut-leaf-fruit-bowl-sets-no","9":"pa_made-in-indonesia","11":"first","12":"instock","13":"purchasable","14":"product-type-simple"},"supplier_id":null,"supplier_sku":"CLFB-02","barcode":null,"atum_controlled":true,"out_stock_date":null,"out_stock_threshold":null,"inheritable":false,"inbound_stock":null,"stock_on_hold":0,"sold_today":0,"sales_last_days":0,"reserved_stock":null,"customer_returns":null,"warehouse_damage":null,"lost_in_post":null,"other_logs":null,"out_stock_days":0,"lost_sales":0,"has_location":null,"update_date":"2026-05-04T00:02:51","atum_locations":[],"atum_stock_status":"instock","restock_status":false,"low_stock_amount":"","sales_update_date":"2026-01-30T01:25:57","calc_backorders":null,"_links":{"self":[{"href":"https:\/\/aromasentia.com\/no\/wp-json\/wp\/v2\/product\/208789","targetHints":{"allow":["GET"]}}],"collection":[{"href":"https:\/\/aromasentia.com\/no\/wp-json\/wp\/v2\/product"}],"about":[{"href":"https:\/\/aromasentia.com\/no\/wp-json\/wp\/v2\/types\/product"}],"replies":[{"embeddable":true,"href":"https:\/\/aromasentia.com\/no\/wp-json\/wp\/v2\/comments?post=208789"}],"version-history":[{"count":0,"href":"https:\/\/aromasentia.com\/no\/wp-json\/wp\/v2\/product\/208789\/revisions"}],"wp:featuredmedia":[{"embeddable":true,"href":"https:\/\/aromasentia.com\/no\/wp-json\/wp\/v2\/media\/362766"}],"wp:attachment":[{"href":"https:\/\/aromasentia.com\/no\/wp-json\/wp\/v2\/media?parent=208789"}],"wp:term":[{"taxonomy":"product_brand","embeddable":true,"href":"https:\/\/aromasentia.com\/no\/wp-json\/wp\/v2\/product_brand?post=208789"},{"taxonomy":"product_cat","embeddable":true,"href":"https:\/\/aromasentia.com\/no\/wp-json\/wp\/v2\/product_cat?post=208789"},{"taxonomy":"product_tag","embeddable":true,"href":"https:\/\/aromasentia.com\/no\/wp-json\/wp\/v2\/product_tag?post=208789"}],"curies":[{"name":"wp","href":"https:\/\/api.w.org\/{rel}","templated":true}]}}