{"id":208787,"date":"2025-03-22T16:05:00","date_gmt":"2025-03-22T16:05:00","guid":{"rendered":"https:\/\/aromasentia.com\/product\/coconut-leaf-wind-chimes-chocolate\/"},"modified":"2025-05-31T05:26:21","modified_gmt":"2025-05-31T05:26:21","slug":"vindspill-med-kokosnott-blad-sjokolade","status":"publish","type":"product","link":"https:\/\/aromasentia.com\/no\/vindspill-med-kokosnott-blad-sjokolade\/","title":{"rendered":"Vindspill med Kokosn\u00f8tt Blad &#8211; Sjokolade"},"content":{"rendered":"<p><span style=\"background-color: transparent;\"><strong>Disse kokosn\u00f8ttbladvindklokkene<\/strong><\/span><span style=\"color: rgb(75, 80, 88);\"><strong>&nbsp;Bladvindklokkene &#8211; Sjokolade<\/strong>. er laget av et ekte kokosn\u00f8ttblad, h\u00e5ndlaget p\u00e5 Bali. De er laget av et ekte kokosn\u00f8ttblad, en spesiell type som kan omformes og b\u00f8yes til former n\u00e5r de varmes opp, perfekt for innend\u00f8rs bruk, men kan ogs\u00e5 brukes i hagen eller p\u00e5 terrassen hvor klokkene kan leke forsiktig i brisen. &nbsp; I vinterm\u00e5nedene eller v\u00e5tt v\u00e6r b\u00f8r klokkene bringes innend\u00f8rs eller plasseres p\u00e5 et skjermet sted i hagen. Du liker kanskje ogs\u00e5 Naturlig kokoslampe.<\/span><\/p>\n<p><span style=\"color: rgb(75, 80, 88);\"><em><strong>Etisk &#8211; H\u00e5ndlaget i Java &#8211; Milj\u00f8vennlig<\/strong><\/em><\/span><\/p>\n<p><span style=\"color: rgb(141, 186, 216);\"><strong>Bestill i dag og la kundene dine h\u00f8re de vakre vindklokkelydene.<\/strong><\/span><\/p>\n","protected":false},"excerpt":{"rendered":"<p>Disse kokosn\u00f8ttbladvindklokkene&nbsp;Bladvindklokkene &#8211; Sjokolade. er laget av et ekte kokosn\u00f8ttblad, h\u00e5ndlaget p\u00e5 Bali. De er laget av et ekte kokosn\u00f8ttblad, en spesiell type som kan omformes og b\u00f8yes til former n\u00e5r de varmes opp, perfekt for innend\u00f8rs bruk, men kan ogs\u00e5 brukes i hagen eller p\u00e5 terrassen hvor klokkene kan leke forsiktig i brisen. &nbsp; [&hellip;]<\/p>\n","protected":false},"featured_media":362676,"comment_status":"closed","ping_status":"open","template":"","meta":{"_angie_page":false},"product_brand":[],"product_cat":[8394,10625],"product_tag":[],"class_list":{"0":"post-208787","1":"product","2":"type-product","3":"status-publish","4":"has-post-thumbnail","6":"product_cat-hjem-og-hage","7":"product_cat-vindspill","8":"pa_collection-coconut-leaf-wind-chimes-no","9":"pa_made-in-indonesia","11":"first","12":"instock","13":"purchasable","14":"product-type-simple"},"supplier_id":null,"supplier_sku":"CLCH-03","barcode":null,"atum_controlled":true,"out_stock_date":null,"out_stock_threshold":null,"inheritable":false,"inbound_stock":null,"stock_on_hold":0,"sold_today":0,"sales_last_days":0,"reserved_stock":null,"customer_returns":null,"warehouse_damage":null,"lost_in_post":null,"other_logs":null,"out_stock_days":0,"lost_sales":0,"has_location":null,"update_date":"2026-05-08T05:06:10","atum_locations":[],"atum_stock_status":"instock","restock_status":false,"low_stock_amount":"","sales_update_date":"2026-02-06T00:02:11","calc_backorders":null,"_links":{"self":[{"href":"https:\/\/aromasentia.com\/no\/wp-json\/wp\/v2\/product\/208787","targetHints":{"allow":["GET"]}}],"collection":[{"href":"https:\/\/aromasentia.com\/no\/wp-json\/wp\/v2\/product"}],"about":[{"href":"https:\/\/aromasentia.com\/no\/wp-json\/wp\/v2\/types\/product"}],"replies":[{"embeddable":true,"href":"https:\/\/aromasentia.com\/no\/wp-json\/wp\/v2\/comments?post=208787"}],"version-history":[{"count":0,"href":"https:\/\/aromasentia.com\/no\/wp-json\/wp\/v2\/product\/208787\/revisions"}],"wp:featuredmedia":[{"embeddable":true,"href":"https:\/\/aromasentia.com\/no\/wp-json\/wp\/v2\/media\/362676"}],"wp:attachment":[{"href":"https:\/\/aromasentia.com\/no\/wp-json\/wp\/v2\/media?parent=208787"}],"wp:term":[{"taxonomy":"product_brand","embeddable":true,"href":"https:\/\/aromasentia.com\/no\/wp-json\/wp\/v2\/product_brand?post=208787"},{"taxonomy":"product_cat","embeddable":true,"href":"https:\/\/aromasentia.com\/no\/wp-json\/wp\/v2\/product_cat?post=208787"},{"taxonomy":"product_tag","embeddable":true,"href":"https:\/\/aromasentia.com\/no\/wp-json\/wp\/v2\/product_tag?post=208787"}],"curies":[{"name":"wp","href":"https:\/\/api.w.org\/{rel}","templated":true}]}}