{"id":208775,"date":"2025-03-22T16:05:00","date_gmt":"2025-03-22T16:05:00","guid":{"rendered":"https:\/\/aromasentia.com\/product\/classic-cushion-cover-herringbone-fine-grey-40x40cm\/"},"modified":"2025-05-31T05:25:05","modified_gmt":"2025-05-31T05:25:05","slug":"classic-putetrekk-fiskebeinsstruktur-fin-gra-40x40cm","status":"publish","type":"product","link":"https:\/\/aromasentia.com\/no\/classic-putetrekk-fiskebeinsstruktur-fin-gra-40x40cm\/","title":{"rendered":"Classic Putetrekk &#8211; Fiskebeinsstruktur Fin Gr\u00e5 &#8211; 40x40Cm"},"content":{"rendered":"<p>Indiske klassiske putetrekk er sv\u00e6rt dekorative, med tradisjonelle indiske geometriske m\u00f8nstre. Laget av bomull av h\u00f8y kvalitet i n\u00f8ytrale farger som beige, gr\u00e5 eller svart.<br style=\"box-sizing: inherit; color: rgb(29, 28, 29); font-family: Slack-Lato, Slack-Fractions, appleLogo, sans-serif; font-size: 15px; font-style: normal; font-variant-ligatures: common-ligatures; font-variant-caps: normal; font-weight: 400; letter-spacing: normal; orphans: 2; text-align: left; text-indent: 0px; text-transform: none; white-space: normal; widows: 2; word-spacing: 0px; -webkit-text-stroke-width: 0px; background-color: rgb(255, 255, 255); text-decoration-thickness: initial; text-decoration-style: initial; text-decoration-color: initial;\">Disse n\u00f8ytrale fargene gj\u00f8r dem allsidige og enkle \u00e5 mikse og matche med andre interi\u00f8rstiler.<\/p>\n<p>De kan brukes i en rekke rom, inkludert stuer, soverom og til og med utend\u00f8rs. Et popul\u00e6rt valg for dem som \u00f8nsker \u00e5 tilf\u00f8re hjemmet et snev av tradisjonell indisk design.<\/p>\n<p><em>St\u00f8rrelse: 40&#215;40 cm<\/em><\/p>\n<p><strong>Innersider er ikke inkludert &#8211; du kan bestille dem separat&nbsp;<\/strong><a href=\"https:\/\/aromasentia.com\/inner\"><u><strong>her<\/strong><\/u><\/a><strong>.&nbsp;<\/strong><\/p>\n","protected":false},"excerpt":{"rendered":"<p>Indiske klassiske putetrekk er sv\u00e6rt dekorative, med tradisjonelle indiske geometriske m\u00f8nstre. Laget av bomull av h\u00f8y kvalitet i n\u00f8ytrale farger som beige, gr\u00e5 eller svart.Disse n\u00f8ytrale fargene gj\u00f8r dem allsidige og enkle \u00e5 mikse og matche med andre interi\u00f8rstiler. De kan brukes i en rekke rom, inkludert stuer, soverom og til og med utend\u00f8rs. Et [&hellip;]<\/p>\n","protected":false},"featured_media":362288,"comment_status":"closed","ping_status":"open","template":"","meta":{"_angie_page":false},"product_brand":[],"product_cat":[8394,10592,10395],"product_tag":[],"class_list":{"0":"post-208775","1":"product","2":"type-product","3":"status-publish","4":"has-post-thumbnail","6":"product_cat-hjem-og-hage","7":"product_cat-putevar-og-putetrekk","8":"product_cat-tekstiler","9":"pa_collection-classic-cushion-cover-no","10":"pa_made-in-india","12":"first","13":"instock","14":"purchasable","15":"product-type-simple"},"supplier_id":null,"supplier_sku":"CICC-01","barcode":null,"atum_controlled":true,"out_stock_date":null,"out_stock_threshold":null,"inheritable":false,"inbound_stock":null,"stock_on_hold":0,"sold_today":0,"sales_last_days":0,"reserved_stock":null,"customer_returns":null,"warehouse_damage":null,"lost_in_post":null,"other_logs":null,"out_stock_days":0,"lost_sales":0,"has_location":null,"update_date":"2026-04-27T06:57:28","atum_locations":[],"atum_stock_status":"instock","restock_status":false,"low_stock_amount":"","sales_update_date":"2026-01-30T01:25:25","calc_backorders":null,"_links":{"self":[{"href":"https:\/\/aromasentia.com\/no\/wp-json\/wp\/v2\/product\/208775","targetHints":{"allow":["GET"]}}],"collection":[{"href":"https:\/\/aromasentia.com\/no\/wp-json\/wp\/v2\/product"}],"about":[{"href":"https:\/\/aromasentia.com\/no\/wp-json\/wp\/v2\/types\/product"}],"replies":[{"embeddable":true,"href":"https:\/\/aromasentia.com\/no\/wp-json\/wp\/v2\/comments?post=208775"}],"version-history":[{"count":0,"href":"https:\/\/aromasentia.com\/no\/wp-json\/wp\/v2\/product\/208775\/revisions"}],"wp:featuredmedia":[{"embeddable":true,"href":"https:\/\/aromasentia.com\/no\/wp-json\/wp\/v2\/media\/362288"}],"wp:attachment":[{"href":"https:\/\/aromasentia.com\/no\/wp-json\/wp\/v2\/media?parent=208775"}],"wp:term":[{"taxonomy":"product_brand","embeddable":true,"href":"https:\/\/aromasentia.com\/no\/wp-json\/wp\/v2\/product_brand?post=208775"},{"taxonomy":"product_cat","embeddable":true,"href":"https:\/\/aromasentia.com\/no\/wp-json\/wp\/v2\/product_cat?post=208775"},{"taxonomy":"product_tag","embeddable":true,"href":"https:\/\/aromasentia.com\/no\/wp-json\/wp\/v2\/product_tag?post=208775"}],"curies":[{"name":"wp","href":"https:\/\/api.w.org\/{rel}","templated":true}]}}