{"id":208768,"date":"2025-03-22T16:05:00","date_gmt":"2025-03-22T16:05:00","guid":{"rendered":"https:\/\/aromasentia.com\/product\/cantal-grass-bunch-rust\/"},"modified":"2025-05-31T05:24:42","modified_gmt":"2025-05-31T05:24:42","slug":"cantal-gressbunt-rust","status":"publish","type":"product","link":"https:\/\/aromasentia.com\/no\/cantal-gressbunt-rust\/","title":{"rendered":"Cantal Gressbunt &#8211; Rust"},"content":{"rendered":"<p>Tilf\u00f8r et snev av h\u00f8stlig skj\u00f8nnhet til innredningen din med denne Cantal Grass Bunch &#8211; Rust. Denne dekorative bunten med Cantalgress i en varm rustfarge gir naturlig tekstur og jordn\u00e6re toner til ethvert blomsterarrangement eller innslag i hjemmet. Perfekt for \u00e5 skape rustikke midtstykker, kranser eller bare i en vase, og de fj\u00e6rlette fj\u00e6rene gir mykhet og et snev av vill, enginspirert sjarm. En nydelig m\u00e5te \u00e5 inkorporere varige naturelementer i interi\u00f8ret p\u00e5 med varig stil.<\/p>\n","protected":false},"excerpt":{"rendered":"<p>Tilf\u00f8r et snev av h\u00f8stlig skj\u00f8nnhet til innredningen din med denne Cantal Grass Bunch &#8211; Rust. Denne dekorative bunten med Cantalgress i en varm rustfarge gir naturlig tekstur og jordn\u00e6re toner til ethvert blomsterarrangement eller innslag i hjemmet. Perfekt for \u00e5 skape rustikke midtstykker, kranser eller bare i en vase, og de fj\u00e6rlette fj\u00e6rene gir [&hellip;]<\/p>\n","protected":false},"featured_media":362161,"comment_status":"closed","ping_status":"open","template":"","meta":{"_angie_page":false},"product_brand":[],"product_cat":[10400,8394],"product_tag":[],"class_list":{"0":"post-208768","1":"product","2":"type-product","3":"status-publish","4":"has-post-thumbnail","6":"product_cat-dekorasjon","7":"product_cat-hjem-og-hage","8":"pa_collection-cantal-grass-bunch-no","9":"pa_made-in-indonesia","11":"first","12":"instock","13":"purchasable","14":"product-type-simple"},"supplier_id":null,"supplier_sku":"CGB-04","barcode":null,"atum_controlled":true,"out_stock_date":null,"out_stock_threshold":null,"inheritable":false,"inbound_stock":null,"stock_on_hold":0,"sold_today":0,"sales_last_days":0,"reserved_stock":null,"customer_returns":null,"warehouse_damage":null,"lost_in_post":null,"other_logs":null,"out_stock_days":0,"lost_sales":0,"has_location":null,"update_date":"2026-04-27T06:56:28","atum_locations":[],"atum_stock_status":"instock","restock_status":false,"low_stock_amount":"","sales_update_date":"2026-01-30T01:24:37","calc_backorders":null,"_links":{"self":[{"href":"https:\/\/aromasentia.com\/no\/wp-json\/wp\/v2\/product\/208768","targetHints":{"allow":["GET"]}}],"collection":[{"href":"https:\/\/aromasentia.com\/no\/wp-json\/wp\/v2\/product"}],"about":[{"href":"https:\/\/aromasentia.com\/no\/wp-json\/wp\/v2\/types\/product"}],"replies":[{"embeddable":true,"href":"https:\/\/aromasentia.com\/no\/wp-json\/wp\/v2\/comments?post=208768"}],"version-history":[{"count":0,"href":"https:\/\/aromasentia.com\/no\/wp-json\/wp\/v2\/product\/208768\/revisions"}],"wp:featuredmedia":[{"embeddable":true,"href":"https:\/\/aromasentia.com\/no\/wp-json\/wp\/v2\/media\/362161"}],"wp:attachment":[{"href":"https:\/\/aromasentia.com\/no\/wp-json\/wp\/v2\/media?parent=208768"}],"wp:term":[{"taxonomy":"product_brand","embeddable":true,"href":"https:\/\/aromasentia.com\/no\/wp-json\/wp\/v2\/product_brand?post=208768"},{"taxonomy":"product_cat","embeddable":true,"href":"https:\/\/aromasentia.com\/no\/wp-json\/wp\/v2\/product_cat?post=208768"},{"taxonomy":"product_tag","embeddable":true,"href":"https:\/\/aromasentia.com\/no\/wp-json\/wp\/v2\/product_tag?post=208768"}],"curies":[{"name":"wp","href":"https:\/\/api.w.org\/{rel}","templated":true}]}}