{"id":208766,"date":"2025-03-22T16:05:00","date_gmt":"2025-03-22T16:05:00","guid":{"rendered":"https:\/\/aromasentia.com\/product\/cantal-grass-bunch-pink\/"},"modified":"2025-05-31T05:24:26","modified_gmt":"2025-05-31T05:24:26","slug":"cantal-gressbunt-rosa","status":"publish","type":"product","link":"https:\/\/aromasentia.com\/no\/cantal-gressbunt-rosa\/","title":{"rendered":"Cantal Gressbunt &#8211; Rosa"},"content":{"rendered":"<p><span style=\"color: rgb(75, 80, 88);\">La kundene dine bringe naturen inn med disse Cantal Grass Rosa &#8211; Svarte. Friske farger som ser gener\u00f8se og elegante ut.<\/span><\/p>\n<p><span style=\"color: rgb(75, 80, 88);\">De er perfekte for \u00e5 dekorere ganger, stuer eller kontorlokaler. Du kan til og med selge dem som moderne dekorasjon til bryllup eller fester med et naturtema.<\/span><\/p>\n<p><span style=\"color: rgb(75, 80, 88);\">Gj\u00f8r ethvert hjem fullt av liv med denne bladrike dekorasjonen. Det vil gi en \u00f8nskelig bohemsk stil og f\u00f8lelsen av \u00e5 v\u00e6re n\u00e6r naturen.<\/span><\/p>\n<p><span style=\"color: rgb(75, 80, 88);\">Milj\u00f8vennlige materialer er virkelig trendy, spesielt produkter laget av gress er moderne og lett \u00e5 selge.<\/span><\/p>\n<p><span style=\"color: rgb(75, 80, 88);\"><strong>MERK: P\u00e5 grunn av bruk av naturlige materialer kan det v\u00e6re noen farge- og st\u00f8rrelsesforskjeller enn p\u00e5 bildet.<\/strong><\/span><\/p>\n<p><span style=\"color: rgb(141, 186, 216);\"><strong>Bestill n\u00e5 og gi kundene dine denne trendy bohemske innredningen.<\/strong><\/span><\/p>\n","protected":false},"excerpt":{"rendered":"<p>La kundene dine bringe naturen inn med disse Cantal Grass Rosa &#8211; Svarte. Friske farger som ser gener\u00f8se og elegante ut. De er perfekte for \u00e5 dekorere ganger, stuer eller kontorlokaler. Du kan til og med selge dem som moderne dekorasjon til bryllup eller fester med et naturtema. Gj\u00f8r ethvert hjem fullt av liv med [&hellip;]<\/p>\n","protected":false},"featured_media":362111,"comment_status":"closed","ping_status":"open","template":"","meta":{"_angie_page":false},"product_brand":[],"product_cat":[10400,8394],"product_tag":[],"class_list":{"0":"post-208766","1":"product","2":"type-product","3":"status-publish","4":"has-post-thumbnail","6":"product_cat-dekorasjon","7":"product_cat-hjem-og-hage","8":"pa_collection-cantal-grass-bunch-no","9":"pa_made-in-indonesia","11":"first","12":"instock","13":"purchasable","14":"product-type-simple"},"supplier_id":null,"supplier_sku":"CGB-07","barcode":null,"atum_controlled":true,"out_stock_date":null,"out_stock_threshold":null,"inheritable":false,"inbound_stock":null,"stock_on_hold":0,"sold_today":0,"sales_last_days":0,"reserved_stock":null,"customer_returns":null,"warehouse_damage":null,"lost_in_post":null,"other_logs":null,"out_stock_days":0,"lost_sales":0,"has_location":null,"update_date":"2026-04-29T05:09:16","atum_locations":[],"atum_stock_status":"instock","restock_status":false,"low_stock_amount":"","sales_update_date":"2026-02-06T00:02:31","calc_backorders":null,"_links":{"self":[{"href":"https:\/\/aromasentia.com\/no\/wp-json\/wp\/v2\/product\/208766","targetHints":{"allow":["GET"]}}],"collection":[{"href":"https:\/\/aromasentia.com\/no\/wp-json\/wp\/v2\/product"}],"about":[{"href":"https:\/\/aromasentia.com\/no\/wp-json\/wp\/v2\/types\/product"}],"replies":[{"embeddable":true,"href":"https:\/\/aromasentia.com\/no\/wp-json\/wp\/v2\/comments?post=208766"}],"version-history":[{"count":0,"href":"https:\/\/aromasentia.com\/no\/wp-json\/wp\/v2\/product\/208766\/revisions"}],"wp:featuredmedia":[{"embeddable":true,"href":"https:\/\/aromasentia.com\/no\/wp-json\/wp\/v2\/media\/362111"}],"wp:attachment":[{"href":"https:\/\/aromasentia.com\/no\/wp-json\/wp\/v2\/media?parent=208766"}],"wp:term":[{"taxonomy":"product_brand","embeddable":true,"href":"https:\/\/aromasentia.com\/no\/wp-json\/wp\/v2\/product_brand?post=208766"},{"taxonomy":"product_cat","embeddable":true,"href":"https:\/\/aromasentia.com\/no\/wp-json\/wp\/v2\/product_cat?post=208766"},{"taxonomy":"product_tag","embeddable":true,"href":"https:\/\/aromasentia.com\/no\/wp-json\/wp\/v2\/product_tag?post=208766"}],"curies":[{"name":"wp","href":"https:\/\/api.w.org\/{rel}","templated":true}]}}