{"id":208744,"date":"2025-03-22T16:05:12","date_gmt":"2025-03-22T16:05:12","guid":{"rendered":"https:\/\/aromasentia.com\/product\/lrg-diy-peg-photo-frames-paris\/"},"modified":"2025-05-31T05:22:58","modified_gmt":"2025-05-31T05:22:58","slug":"diy-fotorammer-med-pinner-paris-stor","status":"publish","type":"product","link":"https:\/\/aromasentia.com\/no\/diy-fotorammer-med-pinner-paris-stor\/","title":{"rendered":"Diy Fotorammer med Pinner &#8211; Paris Stor"},"content":{"rendered":"<p>Vis frem eventyrene dine med denne store DIY-fotorammen med knagger &#8211; Paris. Denne sjarmerende, store fotorammen har et &laquo;Paris&raquo;-tema, eventuelt med ikoniske bilder eller et romantisk, elegant design, og bruker knagger eller klips til \u00e5 vise frem favorittbildene og minnene dine. Den er en fantastisk allsidig og personlig m\u00e5te \u00e5 skape en foranderlig collage av minner p\u00e5, og gir hjemmet ditt et snev av parisisk stil og en personlig fortelling. Perfekt til reisebilder eller romantiske minner.<\/p>\n","protected":false},"excerpt":{"rendered":"<p>Vis frem eventyrene dine med denne store DIY-fotorammen med knagger &#8211; Paris. Denne sjarmerende, store fotorammen har et &laquo;Paris&raquo;-tema, eventuelt med ikoniske bilder eller et romantisk, elegant design, og bruker knagger eller klips til \u00e5 vise frem favorittbildene og minnene dine. Den er en fantastisk allsidig og personlig m\u00e5te \u00e5 skape en foranderlig collage av [&hellip;]<\/p>\n","protected":false},"featured_media":365873,"comment_status":"closed","ping_status":"open","template":"","meta":[],"product_brand":[],"product_cat":[8394],"product_tag":[],"class_list":{"0":"post-208744","1":"product","2":"type-product","3":"status-publish","4":"has-post-thumbnail","6":"product_cat-hjem-og-hage","7":"pa_made-in-kina","9":"first","10":"instock","11":"purchasable","12":"product-type-simple"},"supplier_id":null,"supplier_sku":"DMPF-03","barcode":null,"atum_controlled":true,"out_stock_date":null,"out_stock_threshold":null,"inheritable":false,"inbound_stock":null,"stock_on_hold":0,"sold_today":0,"sales_last_days":0,"reserved_stock":null,"customer_returns":null,"warehouse_damage":null,"lost_in_post":null,"other_logs":null,"out_stock_days":0,"lost_sales":0,"has_location":null,"update_date":"2026-01-30T01:25:25","atum_locations":[],"atum_stock_status":"instock","restock_status":false,"low_stock_amount":"","sales_update_date":"2026-01-30T01:25:25","calc_backorders":null,"_links":{"self":[{"href":"https:\/\/aromasentia.com\/no\/wp-json\/wp\/v2\/product\/208744","targetHints":{"allow":["GET"]}}],"collection":[{"href":"https:\/\/aromasentia.com\/no\/wp-json\/wp\/v2\/product"}],"about":[{"href":"https:\/\/aromasentia.com\/no\/wp-json\/wp\/v2\/types\/product"}],"replies":[{"embeddable":true,"href":"https:\/\/aromasentia.com\/no\/wp-json\/wp\/v2\/comments?post=208744"}],"version-history":[{"count":0,"href":"https:\/\/aromasentia.com\/no\/wp-json\/wp\/v2\/product\/208744\/revisions"}],"wp:featuredmedia":[{"embeddable":true,"href":"https:\/\/aromasentia.com\/no\/wp-json\/wp\/v2\/media\/365873"}],"wp:attachment":[{"href":"https:\/\/aromasentia.com\/no\/wp-json\/wp\/v2\/media?parent=208744"}],"wp:term":[{"taxonomy":"product_brand","embeddable":true,"href":"https:\/\/aromasentia.com\/no\/wp-json\/wp\/v2\/product_brand?post=208744"},{"taxonomy":"product_cat","embeddable":true,"href":"https:\/\/aromasentia.com\/no\/wp-json\/wp\/v2\/product_cat?post=208744"},{"taxonomy":"product_tag","embeddable":true,"href":"https:\/\/aromasentia.com\/no\/wp-json\/wp\/v2\/product_tag?post=208744"}],"curies":[{"name":"wp","href":"https:\/\/api.w.org\/{rel}","templated":true}]}}