{"id":208743,"date":"2025-03-22T16:05:12","date_gmt":"2025-03-22T16:05:12","guid":{"rendered":"https:\/\/aromasentia.com\/product\/lrg-diy-peg-photo-frames-mozart\/"},"modified":"2025-05-31T05:22:55","modified_gmt":"2025-05-31T05:22:55","slug":"diy-peg-fotorammer-mozart-stor","status":"publish","type":"product","link":"https:\/\/aromasentia.com\/no\/diy-peg-fotorammer-mozart-stor\/","title":{"rendered":"Diy Peg Fotorammer &#8211; Mozart Stor"},"content":{"rendered":"<p>Vis frem dine kj\u00e6reste minner med denne store DIY-fotorammen med knagger &#8211; Mozart. Med denne kreative fotorammen kan du enkelt vise frem flere bilder, notater eller minner ved hjelp av sm\u00e5 pinner eller klips, alt sammen innenfor en stor ramme med temaet &laquo;Mozart&raquo; &#8211; kanskje med musikalske motiver eller en klassisk, elegant stil. Perfekt for \u00e5 vise frem en samling minner p\u00e5 en morsom, utskiftbar og kunstnerisk m\u00e5te, og den gir et personlig og litt vintage eller kulturelt preg til vegginnredningen din.<\/p>\n","protected":false},"excerpt":{"rendered":"<p>Vis frem dine kj\u00e6reste minner med denne store DIY-fotorammen med knagger &#8211; Mozart. Med denne kreative fotorammen kan du enkelt vise frem flere bilder, notater eller minner ved hjelp av sm\u00e5 pinner eller klips, alt sammen innenfor en stor ramme med temaet &laquo;Mozart&raquo; &#8211; kanskje med musikalske motiver eller en klassisk, elegant stil. Perfekt for [&hellip;]<\/p>\n","protected":false},"featured_media":365840,"comment_status":"closed","ping_status":"open","template":"","meta":[],"product_brand":[],"product_cat":[8394],"product_tag":[],"class_list":{"0":"post-208743","1":"product","2":"type-product","3":"status-publish","4":"has-post-thumbnail","6":"product_cat-hjem-og-hage","7":"pa_made-in-kina","9":"first","10":"instock","11":"purchasable","12":"product-type-simple"},"supplier_id":null,"supplier_sku":"DMPF-02","barcode":null,"atum_controlled":true,"out_stock_date":null,"out_stock_threshold":null,"inheritable":false,"inbound_stock":null,"stock_on_hold":0,"sold_today":0,"sales_last_days":0,"reserved_stock":null,"customer_returns":null,"warehouse_damage":null,"lost_in_post":null,"other_logs":null,"out_stock_days":0,"lost_sales":0,"has_location":null,"update_date":"2026-01-30T01:25:24","atum_locations":[],"atum_stock_status":"instock","restock_status":false,"low_stock_amount":"","sales_update_date":"2026-01-30T01:25:24","calc_backorders":null,"_links":{"self":[{"href":"https:\/\/aromasentia.com\/no\/wp-json\/wp\/v2\/product\/208743","targetHints":{"allow":["GET"]}}],"collection":[{"href":"https:\/\/aromasentia.com\/no\/wp-json\/wp\/v2\/product"}],"about":[{"href":"https:\/\/aromasentia.com\/no\/wp-json\/wp\/v2\/types\/product"}],"replies":[{"embeddable":true,"href":"https:\/\/aromasentia.com\/no\/wp-json\/wp\/v2\/comments?post=208743"}],"version-history":[{"count":0,"href":"https:\/\/aromasentia.com\/no\/wp-json\/wp\/v2\/product\/208743\/revisions"}],"wp:featuredmedia":[{"embeddable":true,"href":"https:\/\/aromasentia.com\/no\/wp-json\/wp\/v2\/media\/365840"}],"wp:attachment":[{"href":"https:\/\/aromasentia.com\/no\/wp-json\/wp\/v2\/media?parent=208743"}],"wp:term":[{"taxonomy":"product_brand","embeddable":true,"href":"https:\/\/aromasentia.com\/no\/wp-json\/wp\/v2\/product_brand?post=208743"},{"taxonomy":"product_cat","embeddable":true,"href":"https:\/\/aromasentia.com\/no\/wp-json\/wp\/v2\/product_cat?post=208743"},{"taxonomy":"product_tag","embeddable":true,"href":"https:\/\/aromasentia.com\/no\/wp-json\/wp\/v2\/product_tag?post=208743"}],"curies":[{"name":"wp","href":"https:\/\/api.w.org\/{rel}","templated":true}]}}