{"id":208738,"date":"2025-03-22T16:05:12","date_gmt":"2025-03-22T16:05:12","guid":{"rendered":"https:\/\/aromasentia.com\/product\/cotton-wall-art-mandala-elephant\/"},"modified":"2025-05-31T05:22:36","modified_gmt":"2025-05-31T05:22:36","slug":"bomull-veggkunst-mandala-elephant","status":"publish","type":"product","link":"https:\/\/aromasentia.com\/no\/bomull-veggkunst-mandala-elephant\/","title":{"rendered":"Bomull Veggkunst &#8211; Mandala Elephant"},"content":{"rendered":"<p><span style=\"color: rgb(75, 80, 88);\">Disse veggteppene i bomull er ekte kunstverk. Fulle av symbolske betydninger hentet fra gamle indiske tradisjoner. Ikke forveksle med billige masseproduserte maskintrykte varer.<\/span><\/p>\n<p><span style=\"color: rgb(75, 80, 88);\">Disse har sterke, livlige farger (svart er veldig svart) og livlige, eksotiske design. God kvalitet, vakkert designet og str\u00e5lende valuta for pengene. Hvordan skal kundene dine klare \u00e5 motst\u00e5 det?<\/span><\/p>\n<p><span style=\"color: rgb(75, 80, 88);\">Veggeteppene er pakket med et lite kort med et bilde av produktet, en strekkode og en beskrivelse. St\u00f8rrelse: Bredde 78 cm, H\u00f8yde 112 cm.<\/span><\/p>\n<p><span style=\"color: rgb(75, 80, 88);\">Bestill noen i dag og se dem fly av hyllene.<\/span><\/p>\n","protected":false},"excerpt":{"rendered":"<p>Disse veggteppene i bomull er ekte kunstverk. Fulle av symbolske betydninger hentet fra gamle indiske tradisjoner. Ikke forveksle med billige masseproduserte maskintrykte varer. Disse har sterke, livlige farger (svart er veldig svart) og livlige, eksotiske design. God kvalitet, vakkert designet og str\u00e5lende valuta for pengene. Hvordan skal kundene dine klare \u00e5 motst\u00e5 det? Veggeteppene er [&hellip;]<\/p>\n","protected":false},"featured_media":365605,"comment_status":"closed","ping_status":"open","template":"","meta":{"_angie_page":false},"product_brand":[],"product_cat":[8394,10395,10654],"product_tag":[],"class_list":{"0":"post-208738","1":"product","2":"type-product","3":"status-publish","4":"has-post-thumbnail","6":"product_cat-hjem-og-hage","7":"product_cat-tekstiler","8":"product_cat-veggoppheng-og-veggpynt","9":"pa_collection-indian-cotton-wall-art-no","10":"pa_made-in-india","12":"first","13":"instock","14":"purchasable","15":"product-type-simple"},"supplier_id":null,"supplier_sku":"CWA-15","barcode":null,"atum_controlled":true,"out_stock_date":null,"out_stock_threshold":null,"inheritable":false,"inbound_stock":null,"stock_on_hold":0,"sold_today":0,"sales_last_days":0,"reserved_stock":null,"customer_returns":null,"warehouse_damage":null,"lost_in_post":null,"other_logs":null,"out_stock_days":0,"lost_sales":0,"has_location":null,"update_date":"2026-04-27T06:58:43","atum_locations":[],"atum_stock_status":"instock","restock_status":false,"low_stock_amount":"","sales_update_date":"2026-01-30T01:24:48","calc_backorders":null,"_links":{"self":[{"href":"https:\/\/aromasentia.com\/no\/wp-json\/wp\/v2\/product\/208738","targetHints":{"allow":["GET"]}}],"collection":[{"href":"https:\/\/aromasentia.com\/no\/wp-json\/wp\/v2\/product"}],"about":[{"href":"https:\/\/aromasentia.com\/no\/wp-json\/wp\/v2\/types\/product"}],"replies":[{"embeddable":true,"href":"https:\/\/aromasentia.com\/no\/wp-json\/wp\/v2\/comments?post=208738"}],"version-history":[{"count":0,"href":"https:\/\/aromasentia.com\/no\/wp-json\/wp\/v2\/product\/208738\/revisions"}],"wp:featuredmedia":[{"embeddable":true,"href":"https:\/\/aromasentia.com\/no\/wp-json\/wp\/v2\/media\/365605"}],"wp:attachment":[{"href":"https:\/\/aromasentia.com\/no\/wp-json\/wp\/v2\/media?parent=208738"}],"wp:term":[{"taxonomy":"product_brand","embeddable":true,"href":"https:\/\/aromasentia.com\/no\/wp-json\/wp\/v2\/product_brand?post=208738"},{"taxonomy":"product_cat","embeddable":true,"href":"https:\/\/aromasentia.com\/no\/wp-json\/wp\/v2\/product_cat?post=208738"},{"taxonomy":"product_tag","embeddable":true,"href":"https:\/\/aromasentia.com\/no\/wp-json\/wp\/v2\/product_tag?post=208738"}],"curies":[{"name":"wp","href":"https:\/\/api.w.org\/{rel}","templated":true}]}}