{"id":208724,"date":"2025-03-22T16:05:12","date_gmt":"2025-03-22T16:05:12","guid":{"rendered":"https:\/\/aromasentia.com\/product\/love-chime-green\/"},"modified":"2025-05-31T05:21:20","modified_gmt":"2025-05-31T05:21:20","slug":"love-chime-gronn","status":"publish","type":"product","link":"https:\/\/aromasentia.com\/no\/love-chime-gronn\/","title":{"rendered":"Love Chime &#8211; Gr\u00f8nn"},"content":{"rendered":"<p><span style=\"color: rgb(75, 80, 88);\"><strong>H\u00e5ndlaget i Indonesia<\/strong> med <strong>resirkulert glass<\/strong> og <strong>drivved<\/strong>, disse helt fantastiske <strong>EU-glassvindklokkene &#8211; Love Chime &#8211; Green<\/strong> er et kunstverk.<\/span><\/p>\n<p><span style=\"color: rgb(75, 80, 88);\">En flott m\u00e5te \u00e5 resirkulere avfallsglass p\u00e5. Dette er en ideell <strong>milj\u00f8vennlig gave<\/strong> som <strong>vil bringe naturen inn<\/strong>. For en bedre effekt kan kundene dine henge den p\u00e5 favorittreet sitt i hagen eller la den klinge rolig p\u00e5 balkongen.<\/span><\/p>\n<p><span style=\"color: rgb(75, 80, 88);\">Mange tror at vindklokker <strong>beskytter omgivelsene mot onde \u00e5nder og uflaks<\/strong>. \u00c5 henge opp en glassklokke gir en delikat klingende lyd n\u00e5r den fanger vinden. Det sies at det hjelper den positive energien \u00e5 vare og dermed tiltrekke seg velstand.<\/span><\/p>\n<p><span style=\"color: rgb(75, 80, 88);\">Deres sjarmerende lyd og fine farger vil tiltrekke kunder til din fysiske butikk umiddelbart, og de vakre designene er i\u00f8ynefallende. Vindklokker er klare til \u00e5 henges opp og vil hjelpe deg med \u00e5 lage en i\u00f8ynefallende utstilling. Du liker kanskje ogs\u00e5<\/span><a href=\"https:\/\/aromasentia.com\/vdc\"><span style=\"color: rgb(149, 122, 101);\">Bali naturlige dr\u00f8mmefangere<\/span><\/a><span style=\"color: rgb(75, 80, 88);\">.<\/span><\/p>\n<p><span style=\"color: rgb(141, 186, 216);\"><strong>Legg til i produktportef\u00f8ljen og bestill n\u00e5 for \u00e5 f\u00e5 kundene dine til \u00e5 spille med.<\/strong><\/span><\/p>\n","protected":false},"excerpt":{"rendered":"<p>H\u00e5ndlaget i Indonesia med resirkulert glass og drivved, disse helt fantastiske EU-glassvindklokkene &#8211; Love Chime &#8211; Green er et kunstverk. En flott m\u00e5te \u00e5 resirkulere avfallsglass p\u00e5. Dette er en ideell milj\u00f8vennlig gave som vil bringe naturen inn. For en bedre effekt kan kundene dine henge den p\u00e5 favorittreet sitt i hagen eller la den [&hellip;]<\/p>\n","protected":false},"featured_media":367486,"comment_status":"closed","ping_status":"open","template":"","meta":{"_angie_page":false},"product_brand":[],"product_cat":[8394,10625],"product_tag":[],"class_list":{"0":"post-208724","1":"product","2":"type-product","3":"status-publish","4":"has-post-thumbnail","6":"product_cat-hjem-og-hage","7":"product_cat-vindspill","8":"pa_collection-recycled-glass-wind-chimes-no","9":"pa_made-in-indonesia","11":"first","12":"instock","13":"purchasable","14":"product-type-simple"},"supplier_id":null,"supplier_sku":"GWC-09","barcode":null,"atum_controlled":true,"out_stock_date":null,"out_stock_threshold":null,"inheritable":false,"inbound_stock":null,"stock_on_hold":0,"sold_today":0,"sales_last_days":0,"reserved_stock":null,"customer_returns":null,"warehouse_damage":null,"lost_in_post":null,"other_logs":null,"out_stock_days":0,"lost_sales":0,"has_location":null,"update_date":"2026-05-08T05:10:47","atum_locations":[],"atum_stock_status":"instock","restock_status":false,"low_stock_amount":"","sales_update_date":"2026-02-06T00:02:07","calc_backorders":null,"_links":{"self":[{"href":"https:\/\/aromasentia.com\/no\/wp-json\/wp\/v2\/product\/208724","targetHints":{"allow":["GET"]}}],"collection":[{"href":"https:\/\/aromasentia.com\/no\/wp-json\/wp\/v2\/product"}],"about":[{"href":"https:\/\/aromasentia.com\/no\/wp-json\/wp\/v2\/types\/product"}],"replies":[{"embeddable":true,"href":"https:\/\/aromasentia.com\/no\/wp-json\/wp\/v2\/comments?post=208724"}],"version-history":[{"count":0,"href":"https:\/\/aromasentia.com\/no\/wp-json\/wp\/v2\/product\/208724\/revisions"}],"wp:featuredmedia":[{"embeddable":true,"href":"https:\/\/aromasentia.com\/no\/wp-json\/wp\/v2\/media\/367486"}],"wp:attachment":[{"href":"https:\/\/aromasentia.com\/no\/wp-json\/wp\/v2\/media?parent=208724"}],"wp:term":[{"taxonomy":"product_brand","embeddable":true,"href":"https:\/\/aromasentia.com\/no\/wp-json\/wp\/v2\/product_brand?post=208724"},{"taxonomy":"product_cat","embeddable":true,"href":"https:\/\/aromasentia.com\/no\/wp-json\/wp\/v2\/product_cat?post=208724"},{"taxonomy":"product_tag","embeddable":true,"href":"https:\/\/aromasentia.com\/no\/wp-json\/wp\/v2\/product_tag?post=208724"}],"curies":[{"name":"wp","href":"https:\/\/api.w.org\/{rel}","templated":true}]}}