{"id":208716,"date":"2025-03-22T16:05:12","date_gmt":"2025-03-22T16:05:12","guid":{"rendered":"https:\/\/aromasentia.com\/product\/lrg-glass-vase-terarium-inside-dark-tung-wood-18x5x32cm\/"},"modified":"2025-05-31T05:20:51","modified_gmt":"2025-05-31T05:20:51","slug":"glassvase-terarium-i-morkt-tungtre-18x5x32-cm-stor","status":"publish","type":"product","link":"https:\/\/aromasentia.com\/no\/glassvase-terarium-i-morkt-tungtre-18x5x32-cm-stor\/","title":{"rendered":"Glassvase \/ Terarium I M\u00f8rkt Tungtre &#8211; 18x5x32 cm Stor"},"content":{"rendered":"<p>Den <strong>store glassvasen\/terrariet<\/strong> har et elegant design med en m\u00f8rk tung-trebase. Dette elegante m\u00f8belet kombinerer klarheten til glass med de rike, dype tonene til tung-tre, noe som skaper en sl\u00e5ende kontrast som fremhever den moderne estetikken.<\/p>\n<p>Lagd med et slitesterkt glasskar og en m\u00f8rk tung-trebase, kjent for sin styrke og attraktive finish. Den minimalistiske formen p\u00e5 vasen eller terrariet gj\u00f8r at den s\u00f8ml\u00f8st integreres med enhver innredningsstil, fra moderne til tradisjonell.<\/p>\n<p>Perfekt for \u00e5 vise frem blomster, og gir et snev av eleganse til ethvert rom. Ogs\u00e5 ideell for \u00e5 lage en liten innend\u00f8rs hage eller terrarium, som gir mulighet for kreative utstillinger av planter, mose eller dekorative elementer. Kan brukes som et frittst\u00e5ende m\u00f8bel for \u00e5 forbedre den visuelle appellen til hyller, bord eller peishyller.<\/p>\n<p>Enten det brukes til blomsterdekorasjoner eller som et terrarium, tilbyr dette m\u00f8belet b\u00e5de funksjonalitet og visuell appell.<\/p>\n<p><strong>St\u00f8rrelse<\/strong>: ca. 18 x 5 x 32 cm<\/p>\n<p>Tilf\u00f8y et snev av raffinement og allsidighet til innredningen din med den store glassvasen\/terrariet med m\u00f8rk tungtrebase. Dens elegante design og funksjonelle funksjoner gj\u00f8r den til et verdifullt tillegg til ethvert rom.<\/p>\n","protected":false},"excerpt":{"rendered":"<p>Den store glassvasen\/terrariet har et elegant design med en m\u00f8rk tung-trebase. Dette elegante m\u00f8belet kombinerer klarheten til glass med de rike, dype tonene til tung-tre, noe som skaper en sl\u00e5ende kontrast som fremhever den moderne estetikken. Lagd med et slitesterkt glasskar og en m\u00f8rk tung-trebase, kjent for sin styrke og attraktive finish. Den minimalistiske formen [&hellip;]<\/p>\n","protected":false},"featured_media":367358,"comment_status":"closed","ping_status":"open","template":"","meta":{"_angie_page":false},"product_brand":[],"product_cat":[10539,8394],"product_tag":[],"class_list":{"0":"post-208716","1":"product","2":"type-product","3":"status-publish","4":"has-post-thumbnail","6":"product_cat-glass-dekorasjoner","7":"product_cat-hjem-og-hage","8":"pa_collection-glass-terrariums-no","9":"pa_made-in-kina","11":"first","12":"instock","13":"purchasable","14":"product-type-simple"},"supplier_id":null,"supplier_sku":"Gter-17","barcode":null,"atum_controlled":true,"out_stock_date":null,"out_stock_threshold":null,"inheritable":false,"inbound_stock":null,"stock_on_hold":0,"sold_today":0,"sales_last_days":0,"reserved_stock":null,"customer_returns":null,"warehouse_damage":null,"lost_in_post":null,"other_logs":null,"out_stock_days":0,"lost_sales":0,"has_location":null,"update_date":"2026-05-08T05:10:47","atum_locations":[],"atum_stock_status":"instock","restock_status":false,"low_stock_amount":"","sales_update_date":"2026-01-30T01:25:29","calc_backorders":null,"_links":{"self":[{"href":"https:\/\/aromasentia.com\/no\/wp-json\/wp\/v2\/product\/208716","targetHints":{"allow":["GET"]}}],"collection":[{"href":"https:\/\/aromasentia.com\/no\/wp-json\/wp\/v2\/product"}],"about":[{"href":"https:\/\/aromasentia.com\/no\/wp-json\/wp\/v2\/types\/product"}],"replies":[{"embeddable":true,"href":"https:\/\/aromasentia.com\/no\/wp-json\/wp\/v2\/comments?post=208716"}],"version-history":[{"count":0,"href":"https:\/\/aromasentia.com\/no\/wp-json\/wp\/v2\/product\/208716\/revisions"}],"wp:featuredmedia":[{"embeddable":true,"href":"https:\/\/aromasentia.com\/no\/wp-json\/wp\/v2\/media\/367358"}],"wp:attachment":[{"href":"https:\/\/aromasentia.com\/no\/wp-json\/wp\/v2\/media?parent=208716"}],"wp:term":[{"taxonomy":"product_brand","embeddable":true,"href":"https:\/\/aromasentia.com\/no\/wp-json\/wp\/v2\/product_brand?post=208716"},{"taxonomy":"product_cat","embeddable":true,"href":"https:\/\/aromasentia.com\/no\/wp-json\/wp\/v2\/product_cat?post=208716"},{"taxonomy":"product_tag","embeddable":true,"href":"https:\/\/aromasentia.com\/no\/wp-json\/wp\/v2\/product_tag?post=208716"}],"curies":[{"name":"wp","href":"https:\/\/api.w.org\/{rel}","templated":true}]}}