{"id":208714,"date":"2025-03-22T16:05:12","date_gmt":"2025-03-22T16:05:12","guid":{"rendered":"https:\/\/aromasentia.com\/product\/ex-large-ball-top-terarium-on-dark-tung-wood-23x23cm\/"},"modified":"2025-05-31T05:20:44","modified_gmt":"2025-05-31T05:20:44","slug":"eks-stort-kuleformet-terarium-pa-morkt-tungtre-23x23cm","status":"publish","type":"product","link":"https:\/\/aromasentia.com\/no\/eks-stort-kuleformet-terarium-pa-morkt-tungtre-23x23cm\/","title":{"rendered":"Eks-Stort Kuleformet Terarium P\u00e5 M\u00f8rkt Tungtre &#8211; 23x23cm"},"content":{"rendered":"<p><span style=\"color: rgb(75, 80, 88);\"><strong>Ekstra stort terrarium med kuletopp i m\u00f8rkt tungtre<\/strong> er en stor glassbeholder med en sf\u00e6risk topp, designet for \u00e5 vise frem planter, miniatyrer eller andre dekorative elementer. Den m\u00f8rke tungtrebasen gir et snev av eleganse og en naturlig kontrast til glasset.<\/span><\/p>\n<p><span style=\"color: rgb(75, 80, 88);\">\u00c5 sette opp et terrarium kan v\u00e6re en morsom og kreativ prosess. Det er en vakker m\u00e5te \u00e5 bringe naturen inn p\u00e5. Terrarier er ganske allsidige og vil v\u00e6re en fantastisk gave til ulike m\u00e5lgrupper, fra plante- og interi\u00f8rentusiaster til alle som liker \u00e5 lage h\u00e5ndverk eller lage sin egen dekor.<\/span><\/p>\n<p><span style=\"color: rgb(75, 80, 88);\">Det elegante glasset og det m\u00f8rke treverket gj\u00f8r det til et elegant tillegg til ethvert rom. Den kan tjene som et blikkfang p\u00e5 salongbord, sidebord eller hyller, og fungerer ogs\u00e5 bra p\u00e5 benkeplater eller vinduskarmer. Den vil definitivt gi et varmt og innbydende inntrykk p\u00e5 entr\u00e9bord eller konsollbord.<\/span><\/p>\n<p><span style=\"color: rgb(75, 80, 88);\">Terrarier er ogs\u00e5 flotte for \u00e5 lyse opp et kontoromr\u00e5de med litt gr\u00f8ntomr\u00e5der. Plasser dem p\u00e5 skrivebord, bokhyller eller resepsjonsomr\u00e5der for \u00e5 legge til et preg av natur.<\/span><\/p>\n<p><span style=\"color: rgb(75, 80, 88);\">Tilpass dem til bryllup, fester eller andre arrangementer som borddekorasjoner eller gaver. Kundene dine vil elske dem.<\/span><\/p>\n<p><span style=\"color: rgb(75, 80, 88);\"><strong>St\u00f8rrelse<\/strong>: ca. 23&#215;23 cm<\/span><\/p>\n<p><span style=\"color: rgb(75, 80, 88);\">Ulike terrarier har v\u00e6rt popul\u00e6re i flere \u00e5r og fortsetter \u00e5 v\u00e6re en trend innen hjemmeinnredning og hagearbeid. De<strong>passer godt til dagens trender innen innend\u00f8rs hagearbeid, b\u00e6rekraft og minimalistisk design.<\/strong><\/span><\/p>\n","protected":false},"excerpt":{"rendered":"<p>Ekstra stort terrarium med kuletopp i m\u00f8rkt tungtre er en stor glassbeholder med en sf\u00e6risk topp, designet for \u00e5 vise frem planter, miniatyrer eller andre dekorative elementer. Den m\u00f8rke tungtrebasen gir et snev av eleganse og en naturlig kontrast til glasset. \u00c5 sette opp et terrarium kan v\u00e6re en morsom og kreativ prosess. Det er [&hellip;]<\/p>\n","protected":false},"featured_media":367284,"comment_status":"closed","ping_status":"open","template":"","meta":{"_angie_page":false},"product_brand":[],"product_cat":[10539,8394],"product_tag":[],"class_list":{"0":"post-208714","1":"product","2":"type-product","3":"status-publish","4":"has-post-thumbnail","6":"product_cat-glass-dekorasjoner","7":"product_cat-hjem-og-hage","8":"pa_collection-glass-terrariums-no","9":"pa_made-in-kina","11":"first","12":"instock","13":"purchasable","14":"product-type-simple"},"supplier_id":null,"supplier_sku":"Gter-15","barcode":null,"atum_controlled":true,"out_stock_date":null,"out_stock_threshold":null,"inheritable":false,"inbound_stock":null,"stock_on_hold":0,"sold_today":0,"sales_last_days":0,"reserved_stock":null,"customer_returns":null,"warehouse_damage":null,"lost_in_post":null,"other_logs":null,"out_stock_days":0,"lost_sales":0,"has_location":null,"update_date":"2026-05-08T00:17:18","atum_locations":[],"atum_stock_status":"instock","restock_status":false,"low_stock_amount":"","sales_update_date":"2026-01-30T01:26:01","calc_backorders":null,"_links":{"self":[{"href":"https:\/\/aromasentia.com\/no\/wp-json\/wp\/v2\/product\/208714","targetHints":{"allow":["GET"]}}],"collection":[{"href":"https:\/\/aromasentia.com\/no\/wp-json\/wp\/v2\/product"}],"about":[{"href":"https:\/\/aromasentia.com\/no\/wp-json\/wp\/v2\/types\/product"}],"replies":[{"embeddable":true,"href":"https:\/\/aromasentia.com\/no\/wp-json\/wp\/v2\/comments?post=208714"}],"version-history":[{"count":0,"href":"https:\/\/aromasentia.com\/no\/wp-json\/wp\/v2\/product\/208714\/revisions"}],"wp:featuredmedia":[{"embeddable":true,"href":"https:\/\/aromasentia.com\/no\/wp-json\/wp\/v2\/media\/367284"}],"wp:attachment":[{"href":"https:\/\/aromasentia.com\/no\/wp-json\/wp\/v2\/media?parent=208714"}],"wp:term":[{"taxonomy":"product_brand","embeddable":true,"href":"https:\/\/aromasentia.com\/no\/wp-json\/wp\/v2\/product_brand?post=208714"},{"taxonomy":"product_cat","embeddable":true,"href":"https:\/\/aromasentia.com\/no\/wp-json\/wp\/v2\/product_cat?post=208714"},{"taxonomy":"product_tag","embeddable":true,"href":"https:\/\/aromasentia.com\/no\/wp-json\/wp\/v2\/product_tag?post=208714"}],"curies":[{"name":"wp","href":"https:\/\/api.w.org\/{rel}","templated":true}]}}