{"id":208712,"date":"2025-03-22T16:05:12","date_gmt":"2025-03-22T16:05:12","guid":{"rendered":"https:\/\/aromasentia.com\/product\/medium-ball-top-terarium-on-dark-tung-wood-17x22cm\/"},"modified":"2025-05-31T05:20:36","modified_gmt":"2025-05-31T05:20:36","slug":"ball-top-terarium-pa-morkt-tungtre-17x22-cm","status":"publish","type":"product","link":"https:\/\/aromasentia.com\/no\/ball-top-terarium-pa-morkt-tungtre-17x22-cm\/","title":{"rendered":"Ball Top Terarium P\u00e5 M\u00f8rkt Tungtre &#8211; 17&#215;22 cm"},"content":{"rendered":"<p><span style=\"color: rgb(75, 80, 88);\"><strong>Medium kuletoppterrarium p\u00e5 m\u00f8rkt tungtre<\/strong> er en stilig glassbeholder med en avrundet, sf\u00e6risk topp, perfekt for \u00e5 vise frem planter, miniatyrer eller dekorative detaljer. Den m\u00f8rke tungtrebasen st\u00e5r i elegant kontrast til glasset og gir et snev av naturlig raffinement.<\/span><\/p>\n<p><span style=\"color: rgb(75, 80, 88);\">\u00c5 sette sammen et terrarium er en herlig og kreativ oppgave, og gir en sjarmerende m\u00e5te \u00e5 bringe litt natur inn i ethvert rom. Disse terrariene er fantastisk allsidige og er fantastiske gaver til et bredt spekter av mottakere, inkludert planteelskere, interi\u00f8rentusiaster og de som liker \u00e5 lage sin egen dekor.<\/span><\/p>\n<p><span style=\"color: rgb(75, 80, 88);\">Kombinasjonen av elegant glass og m\u00f8rkt tre gir et stilig preg til ethvert milj\u00f8. Dette terrariet fungerer som et i\u00f8ynefallende midtpunkt p\u00e5 salongbord, sidebord eller hyller, og passer s\u00f8ml\u00f8st p\u00e5 benkeplater eller vinduskarmer. Det gir ogs\u00e5 et varmt og innbydende preg n\u00e5r det vises p\u00e5 entr\u00e9- eller konsollbord.<\/span><\/p>\n<p><span style=\"color: rgb(75, 80, 88);\">Videre er terrarier et utmerket tillegg til kontormilj\u00f8er, og gir et forfriskende hint av gr\u00f8nt til skrivebord, bokhyller eller resepsjonsomr\u00e5der.<\/span><\/p>\n<p><span style=\"color: rgb(75, 80, 88);\">De kan skreddersys for spesielle anledninger som bryllup, fester eller andre arrangementer, og skaper s\u00e6regne midtpunktsdekorasjoner eller omtenksomme gaver. Kundene dine vil garantert sette pris p\u00e5 den unike appellen deres.<\/span><\/p>\n<p><span style=\"color: rgb(75, 80, 88);\"><strong>St\u00f8rrelse<\/strong>: ca. 17&#215;22 cm<\/span><\/p>\n<p><span style=\"color: rgb(75, 80, 88);\">Terrarier har konsekvent v\u00e6rt en<strong>&nbsp;&nbsp;<\/strong><strong>favoritt innen interi\u00f8r og hagetrender, og gjenspeiler perfekt dagens smak for innend\u00f8rs hagearbeid, milj\u00f8vennlighet og minimalistisk design.<\/strong><\/span><\/p>\n","protected":false},"excerpt":{"rendered":"<p>Medium kuletoppterrarium p\u00e5 m\u00f8rkt tungtre er en stilig glassbeholder med en avrundet, sf\u00e6risk topp, perfekt for \u00e5 vise frem planter, miniatyrer eller dekorative detaljer. Den m\u00f8rke tungtrebasen st\u00e5r i elegant kontrast til glasset og gir et snev av naturlig raffinement. \u00c5 sette sammen et terrarium er en herlig og kreativ oppgave, og gir en sjarmerende [&hellip;]<\/p>\n","protected":false},"featured_media":367234,"comment_status":"closed","ping_status":"open","template":"","meta":{"_angie_page":false},"product_brand":[],"product_cat":[10539,8394],"product_tag":[],"class_list":{"0":"post-208712","1":"product","2":"type-product","3":"status-publish","4":"has-post-thumbnail","6":"product_cat-glass-dekorasjoner","7":"product_cat-hjem-og-hage","8":"pa_collection-glass-terrariums-no","9":"pa_made-in-kina","11":"first","12":"instock","13":"purchasable","14":"product-type-simple"},"supplier_id":null,"supplier_sku":"Gter-13","barcode":null,"atum_controlled":true,"out_stock_date":null,"out_stock_threshold":null,"inheritable":false,"inbound_stock":null,"stock_on_hold":0,"sold_today":0,"sales_last_days":0,"reserved_stock":null,"customer_returns":null,"warehouse_damage":null,"lost_in_post":null,"other_logs":null,"out_stock_days":0,"lost_sales":0,"has_location":null,"update_date":"2026-05-08T05:10:47","atum_locations":[],"atum_stock_status":"instock","restock_status":false,"low_stock_amount":"","sales_update_date":"2026-01-30T01:24:52","calc_backorders":null,"_links":{"self":[{"href":"https:\/\/aromasentia.com\/no\/wp-json\/wp\/v2\/product\/208712","targetHints":{"allow":["GET"]}}],"collection":[{"href":"https:\/\/aromasentia.com\/no\/wp-json\/wp\/v2\/product"}],"about":[{"href":"https:\/\/aromasentia.com\/no\/wp-json\/wp\/v2\/types\/product"}],"replies":[{"embeddable":true,"href":"https:\/\/aromasentia.com\/no\/wp-json\/wp\/v2\/comments?post=208712"}],"version-history":[{"count":0,"href":"https:\/\/aromasentia.com\/no\/wp-json\/wp\/v2\/product\/208712\/revisions"}],"wp:featuredmedia":[{"embeddable":true,"href":"https:\/\/aromasentia.com\/no\/wp-json\/wp\/v2\/media\/367234"}],"wp:attachment":[{"href":"https:\/\/aromasentia.com\/no\/wp-json\/wp\/v2\/media?parent=208712"}],"wp:term":[{"taxonomy":"product_brand","embeddable":true,"href":"https:\/\/aromasentia.com\/no\/wp-json\/wp\/v2\/product_brand?post=208712"},{"taxonomy":"product_cat","embeddable":true,"href":"https:\/\/aromasentia.com\/no\/wp-json\/wp\/v2\/product_cat?post=208712"},{"taxonomy":"product_tag","embeddable":true,"href":"https:\/\/aromasentia.com\/no\/wp-json\/wp\/v2\/product_tag?post=208712"}],"curies":[{"name":"wp","href":"https:\/\/api.w.org\/{rel}","templated":true}]}}