{"id":208711,"date":"2025-03-22T16:05:12","date_gmt":"2025-03-22T16:05:12","guid":{"rendered":"https:\/\/aromasentia.com\/product\/medium-shaped-terarium-on-dark-tung-wood-16x18cm\/"},"modified":"2025-05-31T05:20:32","modified_gmt":"2025-05-31T05:20:32","slug":"mediumformet-terarium-pa-morkt-tungtre-16x18-cm","status":"publish","type":"product","link":"https:\/\/aromasentia.com\/no\/mediumformet-terarium-pa-morkt-tungtre-16x18-cm\/","title":{"rendered":"Mediumformet Terarium P\u00e5 M\u00f8rkt Tungtre &#8211; 16&#215;18 cm"},"content":{"rendered":"<p><span style=\"color: rgb(75, 80, 88);\">Det <strong>mellomformede terrariet p\u00e5 m\u00f8rkt tungtre<\/strong> er en stilig glassbeholder med et unikt design, ideelt for \u00e5 vise frem planter, miniatyrer eller dekorative elementer. Den m\u00f8rke tungtrebasen introduserer et element av eleganse og gir en sl\u00e5ende naturlig kontrast til glasset.<\/span><\/p>\n<p><span style=\"color: rgb(75, 80, 88);\">\u00c5 sette sammen et terrarium er en morsom og kreativ aktivitet, og tilbyr en herlig m\u00e5te \u00e5 innlemme naturen i hjemmet ditt. Dette allsidige terrariet er en flott gave til ulike m\u00e5lgrupper, inkludert planteelskere, interi\u00f8rentusiaster og gj\u00f8r-det-selv-entusiaster.<\/span><\/p>\n<p><span style=\"color: rgb(75, 80, 88);\">Med sitt moderne glassdesign og rike trebase forbedrer dette terrariet ethvert rom. Det fungerer som en sl\u00e5ende aksent p\u00e5 salongbord, sidebord eller hyller og passer vakkert p\u00e5 benkeplater eller vinduskarmer. I tillegg gir den et innbydende inntrykk i inngangspartier eller p\u00e5 konsollbord.<\/span><\/p>\n<p><span style=\"color: rgb(75, 80, 88);\">Terrarier er ogs\u00e5 perfekte for \u00e5 lyse opp kontormilj\u00f8er. Plasser dem p\u00e5 skrivebord, bokhyller eller resepsjonsomr\u00e5der for \u00e5 introdusere et forfriskende preg av gr\u00f8nt.<\/span><\/p>\n<p><span style=\"color: rgb(75, 80, 88);\">Disse terrariene kan tilpasses for spesielle arrangementer som bryllup, fester eller andre feiringer, og fungerer som unike midtpunktdekorasjoner eller minneverdige gaver som kundene dine vil elske.<\/span><\/p>\n<p><span style=\"color: rgb(75, 80, 88);\"><strong>St\u00f8rrelse<\/strong>: ca. 16&#215;18 cm<\/span><\/p>\n<p><span style=\"color: rgb(75, 80, 88);\">Terrarier fortsetter \u00e5 v\u00e6re en <strong>popul\u00e6r trend innen hjemmeinnredning og hagearbeid, og samsvarer med moderne preferanser for innend\u00f8rs hagearbeid, b\u00e6rekraft og minimalistisk estetikk.<\/strong><\/span><\/p>\n","protected":false},"excerpt":{"rendered":"<p>Det mellomformede terrariet p\u00e5 m\u00f8rkt tungtre er en stilig glassbeholder med et unikt design, ideelt for \u00e5 vise frem planter, miniatyrer eller dekorative elementer. Den m\u00f8rke tungtrebasen introduserer et element av eleganse og gir en sl\u00e5ende naturlig kontrast til glasset. \u00c5 sette sammen et terrarium er en morsom og kreativ aktivitet, og tilbyr en herlig [&hellip;]<\/p>\n","protected":false},"featured_media":367217,"comment_status":"closed","ping_status":"open","template":"","meta":{"_angie_page":false},"product_brand":[],"product_cat":[10539,8394],"product_tag":[],"class_list":{"0":"post-208711","1":"product","2":"type-product","3":"status-publish","4":"has-post-thumbnail","6":"product_cat-glass-dekorasjoner","7":"product_cat-hjem-og-hage","8":"pa_collection-glass-terrariums-no","9":"pa_made-in-kina","11":"first","12":"instock","13":"purchasable","14":"product-type-simple"},"supplier_id":null,"supplier_sku":"Gter-12","barcode":null,"atum_controlled":true,"out_stock_date":null,"out_stock_threshold":null,"inheritable":false,"inbound_stock":null,"stock_on_hold":0,"sold_today":0,"sales_last_days":0,"reserved_stock":null,"customer_returns":null,"warehouse_damage":null,"lost_in_post":null,"other_logs":null,"out_stock_days":0,"lost_sales":0,"has_location":null,"update_date":"2026-05-08T00:17:18","atum_locations":[],"atum_stock_status":"instock","restock_status":false,"low_stock_amount":"","sales_update_date":"2026-02-06T00:00:46","calc_backorders":null,"_links":{"self":[{"href":"https:\/\/aromasentia.com\/no\/wp-json\/wp\/v2\/product\/208711","targetHints":{"allow":["GET"]}}],"collection":[{"href":"https:\/\/aromasentia.com\/no\/wp-json\/wp\/v2\/product"}],"about":[{"href":"https:\/\/aromasentia.com\/no\/wp-json\/wp\/v2\/types\/product"}],"replies":[{"embeddable":true,"href":"https:\/\/aromasentia.com\/no\/wp-json\/wp\/v2\/comments?post=208711"}],"version-history":[{"count":0,"href":"https:\/\/aromasentia.com\/no\/wp-json\/wp\/v2\/product\/208711\/revisions"}],"wp:featuredmedia":[{"embeddable":true,"href":"https:\/\/aromasentia.com\/no\/wp-json\/wp\/v2\/media\/367217"}],"wp:attachment":[{"href":"https:\/\/aromasentia.com\/no\/wp-json\/wp\/v2\/media?parent=208711"}],"wp:term":[{"taxonomy":"product_brand","embeddable":true,"href":"https:\/\/aromasentia.com\/no\/wp-json\/wp\/v2\/product_brand?post=208711"},{"taxonomy":"product_cat","embeddable":true,"href":"https:\/\/aromasentia.com\/no\/wp-json\/wp\/v2\/product_cat?post=208711"},{"taxonomy":"product_tag","embeddable":true,"href":"https:\/\/aromasentia.com\/no\/wp-json\/wp\/v2\/product_tag?post=208711"}],"curies":[{"name":"wp","href":"https:\/\/api.w.org\/{rel}","templated":true}]}}