{"id":208710,"date":"2025-03-22T16:05:12","date_gmt":"2025-03-22T16:05:12","guid":{"rendered":"https:\/\/aromasentia.com\/product\/small-shaped-terarium-on-dark-tung-wood-12x13cm\/"},"modified":"2025-05-31T05:20:28","modified_gmt":"2025-05-31T05:20:28","slug":"formet-terarium-pa-morkt-tungtre-12x13-cm-liten","status":"publish","type":"product","link":"https:\/\/aromasentia.com\/no\/formet-terarium-pa-morkt-tungtre-12x13-cm-liten\/","title":{"rendered":"Formet Terarium P\u00e5 M\u00f8rkt Tungtre &#8211; 12&#215;13 cm Liten"},"content":{"rendered":"<p><span style=\"color: rgb(75, 80, 88);\">Det <strong>sm\u00e5formede terrariet p\u00e5 m\u00f8rkt tungtre<\/strong> er en sjarmerende glassbeholder med et unikt design, ideelt for \u00e5 vise frem planter, miniatyrer eller dekorative gjenstander. Den m\u00f8rke tungtrebasen forsterker den generelle estetikken og gir en elegant og naturlig kontrast til glasset.<\/span><\/p>\n<p><span style=\"color: rgb(75, 80, 88);\">\u00c5 lage et terrarium er en herlig og kreativ oppgave, og gir en fantastisk m\u00e5te \u00e5 bringe et snev av naturen inn i hjemmet ditt. Dette allsidige terrariet er en perfekt gave til forskjellige individer, inkludert planteentusiaster, interi\u00f8relskere og gj\u00f8r-det-selv-fans.<\/span><\/p>\n<p><span style=\"color: rgb(75, 80, 88);\">Med sin kompakte st\u00f8rrelse og stilige kombinasjon av glass og m\u00f8rkt tre, passer dette terrariet vakkert inn i ethvert milj\u00f8. Den fungerer som en fin aksent p\u00e5 skrivebord, hyller eller vinduskarmer, og kan ogs\u00e5 lyse opp inngangspartier eller konsollbord.<\/span><\/p>\n<p><span style=\"color: rgb(75, 80, 88);\">I tillegg er terrarier utmerkede for \u00e5 friske opp kontorplasser. Plasser dem p\u00e5 skrivebord eller i resepsjonsomr\u00e5der for \u00e5 introdusere et forfriskende hint av gr\u00f8nt.<\/span><\/p>\n<p><span style=\"color: rgb(75, 80, 88);\">Disse terrariene kan tilpasses spesielle anledninger som bryllup, fester eller andre arrangementer, og fungerer som unike midtpunktdekorasjoner eller omtenksomme gaver som kundene dine vil sette pris p\u00e5.<\/span><\/p>\n<p><span style=\"color: rgb(75, 80, 88);\"><strong>St\u00f8rrelse<\/strong>: 12&#215;13 cm<\/span><\/p>\n<p><span style=\"color: rgb(75, 80, 88);\">Terrarier fortsetter \u00e5 v\u00e6re et<\/span><strong><span style=\"color: rgb(75, 80, 88);\">popul\u00e6rt valg innen hjemmeinnredning og hagearbeid, og samsvarer med moderne trender innen innend\u00f8rs hagearbeid, b\u00e6rekraft og minimalistisk design.<\/span><\/strong><\/p>\n","protected":false},"excerpt":{"rendered":"<p>Det sm\u00e5formede terrariet p\u00e5 m\u00f8rkt tungtre er en sjarmerende glassbeholder med et unikt design, ideelt for \u00e5 vise frem planter, miniatyrer eller dekorative gjenstander. Den m\u00f8rke tungtrebasen forsterker den generelle estetikken og gir en elegant og naturlig kontrast til glasset. \u00c5 lage et terrarium er en herlig og kreativ oppgave, og gir en fantastisk m\u00e5te [&hellip;]<\/p>\n","protected":false},"featured_media":367200,"comment_status":"closed","ping_status":"open","template":"","meta":{"_angie_page":false},"product_brand":[],"product_cat":[10539,8394],"product_tag":[],"class_list":{"0":"post-208710","1":"product","2":"type-product","3":"status-publish","4":"has-post-thumbnail","6":"product_cat-glass-dekorasjoner","7":"product_cat-hjem-og-hage","8":"pa_collection-glass-terrariums-no","9":"pa_made-in-kina","11":"first","12":"instock","13":"purchasable","14":"product-type-simple"},"supplier_id":null,"supplier_sku":"Gter-11","barcode":null,"atum_controlled":true,"out_stock_date":null,"out_stock_threshold":null,"inheritable":false,"inbound_stock":null,"stock_on_hold":0,"sold_today":0,"sales_last_days":0,"reserved_stock":null,"customer_returns":null,"warehouse_damage":null,"lost_in_post":null,"other_logs":null,"out_stock_days":0,"lost_sales":0,"has_location":null,"update_date":"2026-05-08T05:10:47","atum_locations":[],"atum_stock_status":"instock","restock_status":false,"low_stock_amount":"","sales_update_date":"2026-01-30T01:25:00","calc_backorders":null,"_links":{"self":[{"href":"https:\/\/aromasentia.com\/no\/wp-json\/wp\/v2\/product\/208710","targetHints":{"allow":["GET"]}}],"collection":[{"href":"https:\/\/aromasentia.com\/no\/wp-json\/wp\/v2\/product"}],"about":[{"href":"https:\/\/aromasentia.com\/no\/wp-json\/wp\/v2\/types\/product"}],"replies":[{"embeddable":true,"href":"https:\/\/aromasentia.com\/no\/wp-json\/wp\/v2\/comments?post=208710"}],"version-history":[{"count":0,"href":"https:\/\/aromasentia.com\/no\/wp-json\/wp\/v2\/product\/208710\/revisions"}],"wp:featuredmedia":[{"embeddable":true,"href":"https:\/\/aromasentia.com\/no\/wp-json\/wp\/v2\/media\/367200"}],"wp:attachment":[{"href":"https:\/\/aromasentia.com\/no\/wp-json\/wp\/v2\/media?parent=208710"}],"wp:term":[{"taxonomy":"product_brand","embeddable":true,"href":"https:\/\/aromasentia.com\/no\/wp-json\/wp\/v2\/product_brand?post=208710"},{"taxonomy":"product_cat","embeddable":true,"href":"https:\/\/aromasentia.com\/no\/wp-json\/wp\/v2\/product_cat?post=208710"},{"taxonomy":"product_tag","embeddable":true,"href":"https:\/\/aromasentia.com\/no\/wp-json\/wp\/v2\/product_tag?post=208710"}],"curies":[{"name":"wp","href":"https:\/\/api.w.org\/{rel}","templated":true}]}}