{"id":208708,"date":"2025-03-22T16:05:12","date_gmt":"2025-03-22T16:05:12","guid":{"rendered":"https:\/\/aromasentia.com\/product\/medium-terarium-on-natural-tung-wood-15x15cm\/"},"modified":"2025-05-31T05:20:22","modified_gmt":"2025-05-31T05:20:22","slug":"terarium-pa-naturlig-tungtre-15x15cm","status":"publish","type":"product","link":"https:\/\/aromasentia.com\/no\/terarium-pa-naturlig-tungtre-15x15cm\/","title":{"rendered":"Terarium P\u00e5 Naturlig Tungtre &#8211; 15x15cm"},"content":{"rendered":"<p><span style=\"color: rgb(75, 80, 88);\">Det <strong>medium terrariet p\u00e5 naturlig tungtre<\/strong> er en vakkert designet glassbeholder, ideell for \u00e5 vise frem et utvalg av planter, miniatyrer eller dekorative detaljer. Den naturlige tungtrebasen gir et snev av varme og organisk sjarm, noe som forbedrer den generelle estetikken.<\/span><\/p>\n<p><span style=\"color: rgb(75, 80, 88);\">\u00c5 lage et terrarium er en hyggelig og fantasifull opplevelse, og gir en fantastisk m\u00e5te \u00e5 bringe et stykke natur innend\u00f8rs p\u00e5. Dette allsidige m\u00f8belet er en omtenksom gave til planteentusiaster, interi\u00f8relskere og gj\u00f8r-det-selv-entusiaster.<\/span><\/p>\n<p><span style=\"color: rgb(75, 80, 88);\">Med sitt kompakte, men romslige design og elegante kombinasjon av glass og naturlig tre, kan dette terrariet tjene som et stilig aksent p\u00e5 salongbord, hyller eller benkeplater. Det er ogs\u00e5 et innbydende tillegg til inngangspartier eller konsollbord.<\/span><\/p>\n<p><span style=\"color: rgb(75, 80, 88);\">I tillegg er terrarier perfekte for \u00e5 lyse opp kontorplasser, og gi et forfriskende preg av gr\u00f8nt til skrivebord, bokhyller eller resepsjonsomr\u00e5der.<\/span><\/p>\n<p><span style=\"color: rgb(75, 80, 88);\">Disse terrariene kan tilpasses for spesielle anledninger som bryllup, fester eller andre arrangementer, og fungerer som unike midtpunktdekorasjoner eller minneverdige gaver som kundene dine vil sette pris p\u00e5.<\/span><\/p>\n<p><span style=\"color: rgb(75, 80, 88);\"><strong>St\u00f8rrelse<\/strong>: 15&#215;15 cm<\/span><\/p>\n<p><span style=\"color: rgb(75, 80, 88);\">Terrarier er fortsatt et <\/span><strong><span style=\"color: rgb(75, 80, 88);\">popul\u00e6rt valg i hjemmeinnredning og hagearbeid som gjenspeiler moderne trender innen innend\u00f8rs hagearbeid, b\u00e6rekraft og minimalistisk design.<\/span><\/strong><\/p>\n","protected":false},"excerpt":{"rendered":"<p>Det medium terrariet p\u00e5 naturlig tungtre er en vakkert designet glassbeholder, ideell for \u00e5 vise frem et utvalg av planter, miniatyrer eller dekorative detaljer. Den naturlige tungtrebasen gir et snev av varme og organisk sjarm, noe som forbedrer den generelle estetikken. \u00c5 lage et terrarium er en hyggelig og fantasifull opplevelse, og gir en fantastisk [&hellip;]<\/p>\n","protected":false},"featured_media":367166,"comment_status":"closed","ping_status":"open","template":"","meta":{"_angie_page":false},"product_brand":[],"product_cat":[10539,8394],"product_tag":[],"class_list":{"0":"post-208708","1":"product","2":"type-product","3":"status-publish","4":"has-post-thumbnail","6":"product_cat-glass-dekorasjoner","7":"product_cat-hjem-og-hage","8":"pa_collection-glass-terrariums-no","9":"pa_made-in-kina","11":"first","12":"instock","13":"purchasable","14":"product-type-simple"},"supplier_id":null,"supplier_sku":"Gter-09","barcode":null,"atum_controlled":true,"out_stock_date":null,"out_stock_threshold":null,"inheritable":false,"inbound_stock":null,"stock_on_hold":0,"sold_today":0,"sales_last_days":0,"reserved_stock":null,"customer_returns":null,"warehouse_damage":null,"lost_in_post":null,"other_logs":null,"out_stock_days":0,"lost_sales":0,"has_location":null,"update_date":"2026-05-08T05:10:47","atum_locations":[],"atum_stock_status":"instock","restock_status":false,"low_stock_amount":"","sales_update_date":"2026-01-30T01:24:34","calc_backorders":null,"_links":{"self":[{"href":"https:\/\/aromasentia.com\/no\/wp-json\/wp\/v2\/product\/208708","targetHints":{"allow":["GET"]}}],"collection":[{"href":"https:\/\/aromasentia.com\/no\/wp-json\/wp\/v2\/product"}],"about":[{"href":"https:\/\/aromasentia.com\/no\/wp-json\/wp\/v2\/types\/product"}],"replies":[{"embeddable":true,"href":"https:\/\/aromasentia.com\/no\/wp-json\/wp\/v2\/comments?post=208708"}],"version-history":[{"count":0,"href":"https:\/\/aromasentia.com\/no\/wp-json\/wp\/v2\/product\/208708\/revisions"}],"wp:featuredmedia":[{"embeddable":true,"href":"https:\/\/aromasentia.com\/no\/wp-json\/wp\/v2\/media\/367166"}],"wp:attachment":[{"href":"https:\/\/aromasentia.com\/no\/wp-json\/wp\/v2\/media?parent=208708"}],"wp:term":[{"taxonomy":"product_brand","embeddable":true,"href":"https:\/\/aromasentia.com\/no\/wp-json\/wp\/v2\/product_brand?post=208708"},{"taxonomy":"product_cat","embeddable":true,"href":"https:\/\/aromasentia.com\/no\/wp-json\/wp\/v2\/product_cat?post=208708"},{"taxonomy":"product_tag","embeddable":true,"href":"https:\/\/aromasentia.com\/no\/wp-json\/wp\/v2\/product_tag?post=208708"}],"curies":[{"name":"wp","href":"https:\/\/api.w.org\/{rel}","templated":true}]}}