{"id":208707,"date":"2025-03-22T16:05:12","date_gmt":"2025-03-22T16:05:12","guid":{"rendered":"https:\/\/aromasentia.com\/product\/small-terarium-on-natural-tung-wood-13x13cm\/"},"modified":"2025-05-31T05:20:19","modified_gmt":"2025-05-31T05:20:19","slug":"lite-terarium-pa-naturlig-tungtre-13x13-cm","status":"publish","type":"product","link":"https:\/\/aromasentia.com\/no\/lite-terarium-pa-naturlig-tungtre-13x13-cm\/","title":{"rendered":"Lite Terarium P\u00e5 Naturlig Tungtre &#8211; 13&#215;13 cm"},"content":{"rendered":"<p>Det <strong>Lille terrariet i naturlig tungtre<\/strong> er en herlig glassbeholder designet for \u00e5 vise frem en rekke planter, miniatyrer eller dekorative elementer. Den naturlige tungtrebasen gir et snev av varme og karakter, noe som forbedrer helhetsinntrykket.<\/p>\n<p>\u00c5 bygge et terrarium er en morsom og kreativ aktivitet, og tilbyr en sjarmerende m\u00e5te \u00e5 bringe litt natur inn i hjemmet ditt. Dette allsidige m\u00f8belet er en flott gave til b\u00e5de planteelskere, interi\u00f8rentusiaster og gj\u00f8r-det-selv-fans.<\/p>\n<p>Med sin kompakte st\u00f8rrelse og stilige kombinasjon av glass og naturlig tre, er dette terrariet perfekt for \u00e5 fremheve skrivebord, hyller eller vinduskarmer. Det er ogs\u00e5 et fint tillegg til inngangspartier eller konsollbord.<\/p>\n<p>Terrarier kan dessuten lyse opp kontorplasser og gi et forfriskende gr\u00f8ntomr\u00e5de til skrivebord, bokhyller eller resepsjonsomr\u00e5der.<\/p>\n<p>Disse terrariene kan tilpasses spesielle anledninger som bryllup, fester eller andre arrangementer, og tjene som unike midtpunkter eller omtenksomme gaver som kundene dine vil sette pris p\u00e5.<\/p>\n<p><strong>St\u00f8rrelse<\/strong>: 13&#215;13 cm<\/p>\n<p>Terrarier har konsekvent v\u00e6rt en <strong>favoritt innen hjemmeinnredning og hagearbeid, og gjenspeiler dagens trender innen innend\u00f8rs hagearbeid, b\u00e6rekraft og minimalistisk design.<\/strong><\/p>\n","protected":false},"excerpt":{"rendered":"<p>Det Lille terrariet i naturlig tungtre er en herlig glassbeholder designet for \u00e5 vise frem en rekke planter, miniatyrer eller dekorative elementer. Den naturlige tungtrebasen gir et snev av varme og karakter, noe som forbedrer helhetsinntrykket. \u00c5 bygge et terrarium er en morsom og kreativ aktivitet, og tilbyr en sjarmerende m\u00e5te \u00e5 bringe litt natur [&hellip;]<\/p>\n","protected":false},"featured_media":367149,"comment_status":"closed","ping_status":"open","template":"","meta":{"_angie_page":false},"product_brand":[],"product_cat":[10539,8394],"product_tag":[],"class_list":{"0":"post-208707","1":"product","2":"type-product","3":"status-publish","4":"has-post-thumbnail","6":"product_cat-glass-dekorasjoner","7":"product_cat-hjem-og-hage","8":"pa_collection-glass-terrariums-no","9":"pa_made-in-kina","11":"first","12":"instock","13":"purchasable","14":"product-type-simple"},"supplier_id":null,"supplier_sku":"Gter-08","barcode":null,"atum_controlled":true,"out_stock_date":null,"out_stock_threshold":null,"inheritable":false,"inbound_stock":null,"stock_on_hold":0,"sold_today":0,"sales_last_days":0,"reserved_stock":null,"customer_returns":null,"warehouse_damage":null,"lost_in_post":null,"other_logs":null,"out_stock_days":0,"lost_sales":0,"has_location":null,"update_date":"2026-05-08T00:17:18","atum_locations":[],"atum_stock_status":"instock","restock_status":false,"low_stock_amount":"","sales_update_date":"2026-01-30T01:24:59","calc_backorders":null,"_links":{"self":[{"href":"https:\/\/aromasentia.com\/no\/wp-json\/wp\/v2\/product\/208707","targetHints":{"allow":["GET"]}}],"collection":[{"href":"https:\/\/aromasentia.com\/no\/wp-json\/wp\/v2\/product"}],"about":[{"href":"https:\/\/aromasentia.com\/no\/wp-json\/wp\/v2\/types\/product"}],"replies":[{"embeddable":true,"href":"https:\/\/aromasentia.com\/no\/wp-json\/wp\/v2\/comments?post=208707"}],"version-history":[{"count":0,"href":"https:\/\/aromasentia.com\/no\/wp-json\/wp\/v2\/product\/208707\/revisions"}],"wp:featuredmedia":[{"embeddable":true,"href":"https:\/\/aromasentia.com\/no\/wp-json\/wp\/v2\/media\/367149"}],"wp:attachment":[{"href":"https:\/\/aromasentia.com\/no\/wp-json\/wp\/v2\/media?parent=208707"}],"wp:term":[{"taxonomy":"product_brand","embeddable":true,"href":"https:\/\/aromasentia.com\/no\/wp-json\/wp\/v2\/product_brand?post=208707"},{"taxonomy":"product_cat","embeddable":true,"href":"https:\/\/aromasentia.com\/no\/wp-json\/wp\/v2\/product_cat?post=208707"},{"taxonomy":"product_tag","embeddable":true,"href":"https:\/\/aromasentia.com\/no\/wp-json\/wp\/v2\/product_tag?post=208707"}],"curies":[{"name":"wp","href":"https:\/\/api.w.org\/{rel}","templated":true}]}}