{"id":208706,"date":"2025-03-22T16:05:12","date_gmt":"2025-03-22T16:05:12","guid":{"rendered":"https:\/\/aromasentia.com\/product\/mini-terarium-on-natural-tung-wood-10x10cm\/"},"modified":"2025-05-31T05:20:11","modified_gmt":"2025-05-31T05:20:11","slug":"mini-terrarium-pa-naturlig-tungtre-10x10-cm","status":"publish","type":"product","link":"https:\/\/aromasentia.com\/no\/mini-terrarium-pa-naturlig-tungtre-10x10-cm\/","title":{"rendered":"Mini Terrarium P\u00e5 Naturlig Tungtre &#8211; 10&#215;10 cm"},"content":{"rendered":"<p><span style=\"color: rgb(75, 80, 88);\"><strong>Mini-terrariet i naturlig tungtre<\/strong> er en sjarmerende liten glassbeholder som er perfekt for \u00e5 vise frem sm\u00e5 planter, miniatyrer eller dekorative detaljer. Den naturlige tungtrebasen gir et snev av varme og eleganse, noe som forbedrer den generelle appellen.<\/span><\/p>\n<p><span style=\"color: rgb(75, 80, 88);\">\u00c5 lage et terrarium er en herlig og kreativ m\u00e5te \u00e5 bringe et stykke natur inn i rommet ditt. Dette lille terrariet er en fin gave til planteentusiaster, interi\u00f8relskere og gj\u00f8r-det-selv-h\u00e5ndverkere.<\/span><\/p>\n<p><span style=\"color: rgb(75, 80, 88);\">Med sitt kompakte design og stilige blanding av glass og naturlig tre passer dette terrariet vakkert p\u00e5 skrivebord, hyller eller vinduskarmer. Det er ogs\u00e5 et flott tillegg til inngangspartier eller konsollbord.<\/span><\/p>\n<p><span style=\"color: rgb(75, 80, 88);\">I tillegg er miniterrarier ideelle for \u00e5 lyse opp kontormilj\u00f8er, og gi et forfriskende hint av gr\u00f8nt til skrivebord eller resepsjonsomr\u00e5der.<\/span><\/p>\n<p><span style=\"color: rgb(75, 80, 88);\">Disse terrariene kan tilpasses for spesielle anledninger som bryllup, fester eller andre arrangementer, og fungerer som unike midtpunktdekorasjoner eller omtenksomme gaver som kundene dine vil sette pris p\u00e5.<\/span><\/p>\n<p><span style=\"color: rgb(75, 80, 88);\"><strong>St\u00f8rrelse<\/strong>: 10&#215;10 cm<\/span><\/p>\n<p><span style=\"color: rgb(75, 80, 88);\">Miniterrarier fortsetter \u00e5 v\u00e6re et <strong>popul\u00e6rt valg innen hjemmeinnredning og hagearbeid, og gjenspeiler dagens trender innen innend\u00f8rs hagearbeid, b\u00e6rekraft og minimalisme. estetikk.<\/strong><\/span><\/p>\n","protected":false},"excerpt":{"rendered":"<p>Mini-terrariet i naturlig tungtre er en sjarmerende liten glassbeholder som er perfekt for \u00e5 vise frem sm\u00e5 planter, miniatyrer eller dekorative detaljer. Den naturlige tungtrebasen gir et snev av varme og eleganse, noe som forbedrer den generelle appellen. \u00c5 lage et terrarium er en herlig og kreativ m\u00e5te \u00e5 bringe et stykke natur inn i [&hellip;]<\/p>\n","protected":false},"featured_media":367132,"comment_status":"closed","ping_status":"open","template":"","meta":{"_angie_page":false},"product_brand":[],"product_cat":[10539,8394],"product_tag":[],"class_list":{"0":"post-208706","1":"product","2":"type-product","3":"status-publish","4":"has-post-thumbnail","6":"product_cat-glass-dekorasjoner","7":"product_cat-hjem-og-hage","8":"pa_collection-glass-terrariums-no","9":"pa_made-in-kina","11":"first","12":"instock","13":"purchasable","14":"product-type-simple"},"supplier_id":null,"supplier_sku":"Gter-07","barcode":null,"atum_controlled":true,"out_stock_date":null,"out_stock_threshold":null,"inheritable":false,"inbound_stock":null,"stock_on_hold":0,"sold_today":0,"sales_last_days":0,"reserved_stock":null,"customer_returns":null,"warehouse_damage":null,"lost_in_post":null,"other_logs":null,"out_stock_days":0,"lost_sales":0,"has_location":null,"update_date":"2026-05-08T05:10:47","atum_locations":[],"atum_stock_status":"instock","restock_status":false,"low_stock_amount":"","sales_update_date":"2026-01-30T01:25:00","calc_backorders":null,"_links":{"self":[{"href":"https:\/\/aromasentia.com\/no\/wp-json\/wp\/v2\/product\/208706","targetHints":{"allow":["GET"]}}],"collection":[{"href":"https:\/\/aromasentia.com\/no\/wp-json\/wp\/v2\/product"}],"about":[{"href":"https:\/\/aromasentia.com\/no\/wp-json\/wp\/v2\/types\/product"}],"replies":[{"embeddable":true,"href":"https:\/\/aromasentia.com\/no\/wp-json\/wp\/v2\/comments?post=208706"}],"version-history":[{"count":0,"href":"https:\/\/aromasentia.com\/no\/wp-json\/wp\/v2\/product\/208706\/revisions"}],"wp:featuredmedia":[{"embeddable":true,"href":"https:\/\/aromasentia.com\/no\/wp-json\/wp\/v2\/media\/367132"}],"wp:attachment":[{"href":"https:\/\/aromasentia.com\/no\/wp-json\/wp\/v2\/media?parent=208706"}],"wp:term":[{"taxonomy":"product_brand","embeddable":true,"href":"https:\/\/aromasentia.com\/no\/wp-json\/wp\/v2\/product_brand?post=208706"},{"taxonomy":"product_cat","embeddable":true,"href":"https:\/\/aromasentia.com\/no\/wp-json\/wp\/v2\/product_cat?post=208706"},{"taxonomy":"product_tag","embeddable":true,"href":"https:\/\/aromasentia.com\/no\/wp-json\/wp\/v2\/product_tag?post=208706"}],"curies":[{"name":"wp","href":"https:\/\/api.w.org\/{rel}","templated":true}]}}