{"id":208699,"date":"2025-03-22T16:05:12","date_gmt":"2025-03-22T16:05:12","guid":{"rendered":"https:\/\/aromasentia.com\/product\/large-ganpati-iron-frame-turquoise-relief-0-7x1m\/"},"modified":"2025-05-31T05:19:47","modified_gmt":"2025-05-31T05:19:47","slug":"ganpati-jernramme-turkis-relieff-07x1m-stor","status":"publish","type":"product","link":"https:\/\/aromasentia.com\/no\/ganpati-jernramme-turkis-relieff-07x1m-stor\/","title":{"rendered":"Ganpati Jernramme Turkis Relieff &#8211; 0,7x1M Stor"},"content":{"rendered":"<p>Inviter lykkebringende energier med denne store Ganpati Iron Frame Turquoise Relief. Denne sl\u00e5ende jernrammen p\u00e5 0,7 x 1 m viser et vakkert relieff av Lord Ganpati (Ganesha) med levende turkise aksenter, som symboliserer visdom, beskyttelse og ro. Den store st\u00f8rrelsen og det detaljerte h\u00e5ndverket skaper et fengslende \u00e5ndelig midtpunkt, perfekt for \u00e5 forbedre et meditasjonsrom, inngangsparti eller et hvilket som helst sted der man \u00f8nsker velsignelser og positive vibrasjoner, og blander tradisjonell ikonografi med i\u00f8ynefallende farger.<\/p>\n","protected":false},"excerpt":{"rendered":"<p>Inviter lykkebringende energier med denne store Ganpati Iron Frame Turquoise Relief. Denne sl\u00e5ende jernrammen p\u00e5 0,7 x 1 m viser et vakkert relieff av Lord Ganpati (Ganesha) med levende turkise aksenter, som symboliserer visdom, beskyttelse og ro. Den store st\u00f8rrelsen og det detaljerte h\u00e5ndverket skaper et fengslende \u00e5ndelig midtpunkt, perfekt for \u00e5 forbedre et meditasjonsrom, [&hellip;]<\/p>\n","protected":false},"featured_media":366821,"comment_status":"closed","ping_status":"open","template":"","meta":{"_angie_page":false},"product_brand":[],"product_cat":[8394,10417],"product_tag":[],"class_list":{"0":"post-208699","1":"product","2":"type-product","3":"status-publish","4":"has-post-thumbnail","6":"product_cat-hjem-og-hage","7":"product_cat-statuetter-og-figurer","8":"pa_collection-extra-large-buddha-statues-no","9":"pa_made-in-indonesia","11":"first","12":"instock","13":"purchasable","14":"product-type-simple"},"supplier_id":null,"supplier_sku":"GAS-13","barcode":null,"atum_controlled":true,"out_stock_date":null,"out_stock_threshold":null,"inheritable":false,"inbound_stock":null,"stock_on_hold":0,"sold_today":0,"sales_last_days":0,"reserved_stock":null,"customer_returns":null,"warehouse_damage":null,"lost_in_post":null,"other_logs":null,"out_stock_days":0,"lost_sales":0,"has_location":null,"update_date":"2026-04-27T07:04:52","atum_locations":[],"atum_stock_status":"instock","restock_status":false,"low_stock_amount":"","sales_update_date":"2025-09-05T00:28:25","calc_backorders":null,"_links":{"self":[{"href":"https:\/\/aromasentia.com\/no\/wp-json\/wp\/v2\/product\/208699","targetHints":{"allow":["GET"]}}],"collection":[{"href":"https:\/\/aromasentia.com\/no\/wp-json\/wp\/v2\/product"}],"about":[{"href":"https:\/\/aromasentia.com\/no\/wp-json\/wp\/v2\/types\/product"}],"replies":[{"embeddable":true,"href":"https:\/\/aromasentia.com\/no\/wp-json\/wp\/v2\/comments?post=208699"}],"version-history":[{"count":0,"href":"https:\/\/aromasentia.com\/no\/wp-json\/wp\/v2\/product\/208699\/revisions"}],"wp:featuredmedia":[{"embeddable":true,"href":"https:\/\/aromasentia.com\/no\/wp-json\/wp\/v2\/media\/366821"}],"wp:attachment":[{"href":"https:\/\/aromasentia.com\/no\/wp-json\/wp\/v2\/media?parent=208699"}],"wp:term":[{"taxonomy":"product_brand","embeddable":true,"href":"https:\/\/aromasentia.com\/no\/wp-json\/wp\/v2\/product_brand?post=208699"},{"taxonomy":"product_cat","embeddable":true,"href":"https:\/\/aromasentia.com\/no\/wp-json\/wp\/v2\/product_cat?post=208699"},{"taxonomy":"product_tag","embeddable":true,"href":"https:\/\/aromasentia.com\/no\/wp-json\/wp\/v2\/product_tag?post=208699"}],"curies":[{"name":"wp","href":"https:\/\/api.w.org\/{rel}","templated":true}]}}