{"id":208698,"date":"2025-03-22T16:05:12","date_gmt":"2025-03-22T16:05:12","guid":{"rendered":"https:\/\/aromasentia.com\/product\/grand-cadre-en-fer-ganpati-en-relief-dore-antique-07x1m\/"},"modified":"2025-05-31T05:19:41","modified_gmt":"2025-05-31T05:19:41","slug":"grand-cadre-en-fer-ganpati-en-relief-dore-antique-07x1m","status":"publish","type":"product","link":"https:\/\/aromasentia.com\/no\/grand-cadre-en-fer-ganpati-en-relief-dore-antique-07x1m\/","title":{"rendered":"Grand Cadre En Fer Ganpati En Relief Dor\u00e9 Antique &#8211; 0,7x1M"},"content":{"rendered":"<p>Utsmykk det hellige rommet ditt med denne Grand Cadre en Fer Ganpati en Relief Dor\u00e9 Antique. Denne store jernrammen, som m\u00e5ler 0,7 x 1 m, har et fantastisk antikt gullrelieff av lord Ganpati (Ganesha), den som fjerner hindringer og bringer lykke. Den imponerende st\u00f8rrelsen og de intrikate detaljene gj\u00f8r den til et kraftfullt og lykkebringende fokuspunkt for ethvert rom, meditasjonsomr\u00e5de eller tempel, og den p\u00e5kaller velsignelser, visdom og guddommelig n\u00e6rv\u00e6r med sitt tradisjonelle, overd\u00e5dige kunstnerskap.<\/p>\n","protected":false},"excerpt":{"rendered":"<p>Utsmykk det hellige rommet ditt med denne Grand Cadre en Fer Ganpati en Relief Dor\u00e9 Antique. Denne store jernrammen, som m\u00e5ler 0,7 x 1 m, har et fantastisk antikt gullrelieff av lord Ganpati (Ganesha), den som fjerner hindringer og bringer lykke. Den imponerende st\u00f8rrelsen og de intrikate detaljene gj\u00f8r den til et kraftfullt og lykkebringende [&hellip;]<\/p>\n","protected":false},"featured_media":366812,"comment_status":"closed","ping_status":"open","template":"","meta":{"_angie_page":false},"product_brand":[],"product_cat":[8394,10417],"product_tag":[],"class_list":{"0":"post-208698","1":"product","2":"type-product","3":"status-publish","4":"has-post-thumbnail","6":"product_cat-hjem-og-hage","7":"product_cat-statuetter-og-figurer","8":"pa_collection-extra-large-buddha-statues-no","9":"pa_made-in-indonesia","11":"first","12":"instock","13":"purchasable","14":"product-type-simple"},"supplier_id":null,"supplier_sku":"GAS-12","barcode":null,"atum_controlled":true,"out_stock_date":null,"out_stock_threshold":null,"inheritable":false,"inbound_stock":null,"stock_on_hold":0,"sold_today":0,"sales_last_days":0,"reserved_stock":null,"customer_returns":null,"warehouse_damage":null,"lost_in_post":null,"other_logs":null,"out_stock_days":0,"lost_sales":0,"has_location":null,"update_date":"2026-04-27T07:04:52","atum_locations":[],"atum_stock_status":"instock","restock_status":false,"low_stock_amount":"","sales_update_date":"2025-09-05T00:28:25","calc_backorders":null,"_links":{"self":[{"href":"https:\/\/aromasentia.com\/no\/wp-json\/wp\/v2\/product\/208698","targetHints":{"allow":["GET"]}}],"collection":[{"href":"https:\/\/aromasentia.com\/no\/wp-json\/wp\/v2\/product"}],"about":[{"href":"https:\/\/aromasentia.com\/no\/wp-json\/wp\/v2\/types\/product"}],"replies":[{"embeddable":true,"href":"https:\/\/aromasentia.com\/no\/wp-json\/wp\/v2\/comments?post=208698"}],"version-history":[{"count":0,"href":"https:\/\/aromasentia.com\/no\/wp-json\/wp\/v2\/product\/208698\/revisions"}],"wp:featuredmedia":[{"embeddable":true,"href":"https:\/\/aromasentia.com\/no\/wp-json\/wp\/v2\/media\/366812"}],"wp:attachment":[{"href":"https:\/\/aromasentia.com\/no\/wp-json\/wp\/v2\/media?parent=208698"}],"wp:term":[{"taxonomy":"product_brand","embeddable":true,"href":"https:\/\/aromasentia.com\/no\/wp-json\/wp\/v2\/product_brand?post=208698"},{"taxonomy":"product_cat","embeddable":true,"href":"https:\/\/aromasentia.com\/no\/wp-json\/wp\/v2\/product_cat?post=208698"},{"taxonomy":"product_tag","embeddable":true,"href":"https:\/\/aromasentia.com\/no\/wp-json\/wp\/v2\/product_tag?post=208698"}],"curies":[{"name":"wp","href":"https:\/\/api.w.org\/{rel}","templated":true}]}}