{"id":208676,"date":"2025-03-22T16:05:12","date_gmt":"2025-03-22T16:05:12","guid":{"rendered":"https:\/\/aromasentia.com\/product\/protection-dream-cather-med-macrame-eye-white-gey-brown\/"},"modified":"2025-05-31T05:18:13","modified_gmt":"2025-05-31T05:18:13","slug":"beskyttelse-drommefanger-med-makrame-eye-hvit-grey-brun","status":"publish","type":"product","link":"https:\/\/aromasentia.com\/no\/beskyttelse-drommefanger-med-makrame-eye-hvit-grey-brun\/","title":{"rendered":"Beskyttelse Dr\u00f8mmefanger &#8211; med Makrame Eye Hvit\/Grey\/Brun"},"content":{"rendered":"<p>I mange gamle kulturer er det onde \u00f8yet et symbol p\u00e5 beskyttelse mot det onde. Denne kombinasjonen av dr\u00f8mmefanger og det onde \u00f8yet p\u00e5kaller magien fra begge.<\/p>\n<p>Du kan henge den p\u00e5 soverommet for \u00e5 beskytte mot onde mareritt &#8211; de gode dr\u00f8mmene passerer gjennom dr\u00f8mmefangeren, og de onde blir viklet inn i nettet og g\u00e5r til grunne ved daggry.<\/p>\n<p>Dr\u00f8mmefangere er alltid popul\u00e6re, og denne serien er noe helt spesielt i kombinasjon med det onde \u00f8yet. &nbsp;Du vil kanskje ogs\u00e5 like&nbsp;<\/p>\n<p><a href=\"https:\/\/aromasentia.com\/mdc\"><strong>Dr\u00f8mmefangere i pastellmakrame<\/strong><\/a>.<\/p>\n<p>H\u00e5ndlaget med makramedetaljer og rammer i naturlig rotting. En vakkert utformet gave i levende design som kundene dine vil elske.<\/p>\n<p>S\u00e5 bestill i dag og f\u00e5 ekstra salg.<\/p>\n<p><strong>St\u00f8rrelser: &nbsp;Dream Cather-ramme 52x1x09cm &nbsp;med fj\u00e6r&nbsp;<\/strong><\/p>\n<p><strong>52x1x09x64cm<\/strong><\/p>\n","protected":false},"excerpt":{"rendered":"<p>I mange gamle kulturer er det onde \u00f8yet et symbol p\u00e5 beskyttelse mot det onde. Denne kombinasjonen av dr\u00f8mmefanger og det onde \u00f8yet p\u00e5kaller magien fra begge. Du kan henge den p\u00e5 soverommet for \u00e5 beskytte mot onde mareritt &#8211; de gode dr\u00f8mmene passerer gjennom dr\u00f8mmefangeren, og de onde blir viklet inn i nettet og [&hellip;]<\/p>\n","protected":false},"featured_media":366214,"comment_status":"closed","ping_status":"open","template":"","meta":[],"product_brand":[],"product_cat":[8394,8395,8374],"product_tag":[],"class_list":{"0":"post-208676","1":"product","2":"type-product","3":"status-publish","4":"has-post-thumbnail","6":"product_cat-hjem-og-hage","7":"product_cat-makrameer-og-drommefangere","8":"product_cat-vintage-gaver-og-suvenirer","9":"pa_collection-protection-dream-catcher-no","10":"pa_made-in-indonesia","12":"first","13":"instock","14":"purchasable","15":"product-type-simple"},"supplier_id":null,"supplier_sku":"EyeDC-05","barcode":null,"atum_controlled":true,"out_stock_date":null,"out_stock_threshold":null,"inheritable":false,"inbound_stock":null,"stock_on_hold":0,"sold_today":0,"sales_last_days":0,"reserved_stock":null,"customer_returns":null,"warehouse_damage":null,"lost_in_post":null,"other_logs":null,"out_stock_days":0,"lost_sales":0,"has_location":null,"update_date":"2026-02-06T00:01:44","atum_locations":[],"atum_stock_status":"instock","restock_status":false,"low_stock_amount":"","sales_update_date":"2026-02-06T00:01:44","calc_backorders":null,"_links":{"self":[{"href":"https:\/\/aromasentia.com\/no\/wp-json\/wp\/v2\/product\/208676","targetHints":{"allow":["GET"]}}],"collection":[{"href":"https:\/\/aromasentia.com\/no\/wp-json\/wp\/v2\/product"}],"about":[{"href":"https:\/\/aromasentia.com\/no\/wp-json\/wp\/v2\/types\/product"}],"replies":[{"embeddable":true,"href":"https:\/\/aromasentia.com\/no\/wp-json\/wp\/v2\/comments?post=208676"}],"version-history":[{"count":0,"href":"https:\/\/aromasentia.com\/no\/wp-json\/wp\/v2\/product\/208676\/revisions"}],"wp:featuredmedia":[{"embeddable":true,"href":"https:\/\/aromasentia.com\/no\/wp-json\/wp\/v2\/media\/366214"}],"wp:attachment":[{"href":"https:\/\/aromasentia.com\/no\/wp-json\/wp\/v2\/media?parent=208676"}],"wp:term":[{"taxonomy":"product_brand","embeddable":true,"href":"https:\/\/aromasentia.com\/no\/wp-json\/wp\/v2\/product_brand?post=208676"},{"taxonomy":"product_cat","embeddable":true,"href":"https:\/\/aromasentia.com\/no\/wp-json\/wp\/v2\/product_cat?post=208676"},{"taxonomy":"product_tag","embeddable":true,"href":"https:\/\/aromasentia.com\/no\/wp-json\/wp\/v2\/product_tag?post=208676"}],"curies":[{"name":"wp","href":"https:\/\/api.w.org\/{rel}","templated":true}]}}