{"id":208661,"date":"2025-03-22T16:05:23","date_gmt":"2025-03-22T16:05:23","guid":{"rendered":"https:\/\/aromasentia.com\/product\/inner-cushion-30x50-cm-300gm\/"},"modified":"2025-05-31T05:17:05","modified_gmt":"2025-05-31T05:17:05","slug":"innerpute-30x50-cm-300gm","status":"publish","type":"product","link":"https:\/\/aromasentia.com\/no\/innerpute-30x50-cm-300gm\/","title":{"rendered":"Innerpute 30&#215;50 cm 300Gm"},"content":{"rendered":"<p><span style=\"color: rgb(75, 80, 88);\"><strong>Resirkulerte puter uten trekk<\/strong> er et b\u00e6rekraftig valg for komfort og en samvittighetsfull livsstil. Disse putene er fylt med <strong>100 % PET-fiber utvunnet fra resirkulerte plastflasker<\/strong>, og bidrar ikke bare til milj\u00f8vern, men gir ogs\u00e5 et luksuri\u00f8st og slitesterkt alternativ til tradisjonelle polyesterinnlegg.<\/span><\/p>\n<p><span style=\"color: rgb(75, 80, 88);\">Den unike sammensetningen av disse putene sikrer et f\u00f8rsteklasses utseende og f\u00f8lelse, sammenlignbar med polyesterinnlegg av h\u00f8y kvalitet, samtidig som de overg\u00e5r i holdbarhet.<strong>&nbsp;Velg et gr\u00f8nnere alternativ uten \u00e5 g\u00e5 p\u00e5 kompromiss med komforten \u2013 v\u00e5re resirkulerte puter uten trekk er et bevis p\u00e5 b\u00e5de luksus og b\u00e6rekraft.<\/strong><\/span><\/p>\n","protected":false},"excerpt":{"rendered":"<p>Resirkulerte puter uten trekk er et b\u00e6rekraftig valg for komfort og en samvittighetsfull livsstil. Disse putene er fylt med 100 % PET-fiber utvunnet fra resirkulerte plastflasker, og bidrar ikke bare til milj\u00f8vern, men gir ogs\u00e5 et luksuri\u00f8st og slitesterkt alternativ til tradisjonelle polyesterinnlegg. Den unike sammensetningen av disse putene sikrer et f\u00f8rsteklasses utseende og f\u00f8lelse, [&hellip;]<\/p>\n","protected":false},"featured_media":369140,"comment_status":"closed","ping_status":"open","template":"","meta":{"_angie_page":false},"product_brand":[],"product_cat":[8394,10592,10395],"product_tag":[],"class_list":{"0":"post-208661","1":"product","2":"type-product","3":"status-publish","4":"has-post-thumbnail","6":"product_cat-hjem-og-hage","7":"product_cat-putevar-og-putetrekk","8":"product_cat-tekstiler","9":"pa_collection-inners-for-cushions-no","10":"pa_made-in-kina","12":"first","13":"instock","14":"purchasable","15":"product-type-simple"},"supplier_id":null,"supplier_sku":"Inner-06DS","barcode":null,"atum_controlled":true,"out_stock_date":null,"out_stock_threshold":null,"inheritable":false,"inbound_stock":null,"stock_on_hold":0,"sold_today":0,"sales_last_days":0,"reserved_stock":null,"customer_returns":null,"warehouse_damage":null,"lost_in_post":null,"other_logs":null,"out_stock_days":0,"lost_sales":0,"has_location":null,"update_date":"2026-05-08T05:10:51","atum_locations":[],"atum_stock_status":"instock","restock_status":false,"low_stock_amount":"","sales_update_date":"2025-09-05T00:28:58","calc_backorders":null,"_links":{"self":[{"href":"https:\/\/aromasentia.com\/no\/wp-json\/wp\/v2\/product\/208661","targetHints":{"allow":["GET"]}}],"collection":[{"href":"https:\/\/aromasentia.com\/no\/wp-json\/wp\/v2\/product"}],"about":[{"href":"https:\/\/aromasentia.com\/no\/wp-json\/wp\/v2\/types\/product"}],"replies":[{"embeddable":true,"href":"https:\/\/aromasentia.com\/no\/wp-json\/wp\/v2\/comments?post=208661"}],"version-history":[{"count":0,"href":"https:\/\/aromasentia.com\/no\/wp-json\/wp\/v2\/product\/208661\/revisions"}],"wp:featuredmedia":[{"embeddable":true,"href":"https:\/\/aromasentia.com\/no\/wp-json\/wp\/v2\/media\/369140"}],"wp:attachment":[{"href":"https:\/\/aromasentia.com\/no\/wp-json\/wp\/v2\/media?parent=208661"}],"wp:term":[{"taxonomy":"product_brand","embeddable":true,"href":"https:\/\/aromasentia.com\/no\/wp-json\/wp\/v2\/product_brand?post=208661"},{"taxonomy":"product_cat","embeddable":true,"href":"https:\/\/aromasentia.com\/no\/wp-json\/wp\/v2\/product_cat?post=208661"},{"taxonomy":"product_tag","embeddable":true,"href":"https:\/\/aromasentia.com\/no\/wp-json\/wp\/v2\/product_tag?post=208661"}],"curies":[{"name":"wp","href":"https:\/\/api.w.org\/{rel}","templated":true}]}}