{"id":208658,"date":"2025-03-22T16:05:23","date_gmt":"2025-03-22T16:05:23","guid":{"rendered":"https:\/\/aromasentia.com\/product\/inner-cushion-60x60-cm-700gm\/"},"modified":"2025-05-31T05:16:56","modified_gmt":"2025-05-31T05:16:56","slug":"innerpute-60x60-cm-700gm","status":"publish","type":"product","link":"https:\/\/aromasentia.com\/no\/innerpute-60x60-cm-700gm\/","title":{"rendered":"Innerpute 60&#215;60 cm 700Gm"},"content":{"rendered":"<p>S\u00f8rg for plysjkomfort til de st\u00f8rre putene dine med denne innerputen 60&#215;60 cm, som veier 700 g. Denne h\u00f8ykvalitets innerputen er fylt med 700 gram, noe som gir utmerket luftighet og st\u00f8tte til dine 60&#215;60 cm dekorative putetrekk. Den bidrar til \u00e5 skape et fyldig, luksuri\u00f8st utseende og f\u00f8lelse, og sikrer at putene dine ikke bare er stilige, men ogs\u00e5 fantastisk komfortable n\u00e5r du slapper av og slapper av. Et perfekt innlegg for \u00e5 oppn\u00e5 den perfekte fyldigheten og innbydende mykheten.<\/p>\n","protected":false},"excerpt":{"rendered":"<p>S\u00f8rg for plysjkomfort til de st\u00f8rre putene dine med denne innerputen 60&#215;60 cm, som veier 700 g. Denne h\u00f8ykvalitets innerputen er fylt med 700 gram, noe som gir utmerket luftighet og st\u00f8tte til dine 60&#215;60 cm dekorative putetrekk. Den bidrar til \u00e5 skape et fyldig, luksuri\u00f8st utseende og f\u00f8lelse, og sikrer at putene dine ikke [&hellip;]<\/p>\n","protected":false},"featured_media":369105,"comment_status":"closed","ping_status":"open","template":"","meta":{"_angie_page":false},"product_brand":[],"product_cat":[8394,10592,10395],"product_tag":[],"class_list":{"0":"post-208658","1":"product","2":"type-product","3":"status-publish","4":"has-post-thumbnail","6":"product_cat-hjem-og-hage","7":"product_cat-putevar-og-putetrekk","8":"product_cat-tekstiler","9":"pa_collection-inners-for-cushions-no","10":"pa_made-in-kina","12":"first","13":"instock","14":"purchasable","15":"product-type-simple"},"supplier_id":null,"supplier_sku":"Inner-04DS","barcode":null,"atum_controlled":true,"out_stock_date":null,"out_stock_threshold":null,"inheritable":false,"inbound_stock":null,"stock_on_hold":0,"sold_today":0,"sales_last_days":0,"reserved_stock":null,"customer_returns":null,"warehouse_damage":null,"lost_in_post":null,"other_logs":null,"out_stock_days":0,"lost_sales":0,"has_location":null,"update_date":"2026-04-27T07:09:00","atum_locations":[],"atum_stock_status":"instock","restock_status":false,"low_stock_amount":"","sales_update_date":"2026-01-30T01:25:02","calc_backorders":null,"_links":{"self":[{"href":"https:\/\/aromasentia.com\/no\/wp-json\/wp\/v2\/product\/208658","targetHints":{"allow":["GET"]}}],"collection":[{"href":"https:\/\/aromasentia.com\/no\/wp-json\/wp\/v2\/product"}],"about":[{"href":"https:\/\/aromasentia.com\/no\/wp-json\/wp\/v2\/types\/product"}],"replies":[{"embeddable":true,"href":"https:\/\/aromasentia.com\/no\/wp-json\/wp\/v2\/comments?post=208658"}],"version-history":[{"count":0,"href":"https:\/\/aromasentia.com\/no\/wp-json\/wp\/v2\/product\/208658\/revisions"}],"wp:featuredmedia":[{"embeddable":true,"href":"https:\/\/aromasentia.com\/no\/wp-json\/wp\/v2\/media\/369105"}],"wp:attachment":[{"href":"https:\/\/aromasentia.com\/no\/wp-json\/wp\/v2\/media?parent=208658"}],"wp:term":[{"taxonomy":"product_brand","embeddable":true,"href":"https:\/\/aromasentia.com\/no\/wp-json\/wp\/v2\/product_brand?post=208658"},{"taxonomy":"product_cat","embeddable":true,"href":"https:\/\/aromasentia.com\/no\/wp-json\/wp\/v2\/product_cat?post=208658"},{"taxonomy":"product_tag","embeddable":true,"href":"https:\/\/aromasentia.com\/no\/wp-json\/wp\/v2\/product_tag?post=208658"}],"curies":[{"name":"wp","href":"https:\/\/api.w.org\/{rel}","templated":true}]}}