{"id":208646,"date":"2025-03-22T16:05:23","date_gmt":"2025-03-22T16:05:23","guid":{"rendered":"https:\/\/aromasentia.com\/product\/indian-chimes-brass-om-with-chakra-beads-7-bells-9-5x32cm\/"},"modified":"2025-05-31T05:15:55","modified_gmt":"2025-05-31T05:15:55","slug":"indisk-vindspill-vindklokker-messing-om-med-chakraperler-7-bjeller-95x32cm","status":"publish","type":"product","link":"https:\/\/aromasentia.com\/no\/indisk-vindspill-vindklokker-messing-om-med-chakraperler-7-bjeller-95x32cm\/","title":{"rendered":"Indisk Vindspill \/ Vindklokker &#8211; Messing Om med Chakraperler &#8211; 7 Bjeller &#8211; 9,5x32Cm"},"content":{"rendered":"<p>Introduser ro og \u00e5ndelig energi til ethvert rom med messing-Om-klokkene med fargerike chakraperler og 7 melodiske klokker. Dette m\u00f8blet er sentrert rundt Om-symbolet, som representerer den universelle lyden av fred, noe som gj\u00f8r det til et ideelt valg for meditasjonsrom, yogastudioer eller hjemmeinnredning.<\/p>\n<p>Hver klokke inneholder livlige chakraperler som representerer kroppens syv energisentre, og harmonerer perfekt med de beroligende tonene fra messingklokkene. Det skaper en atmosf\u00e6re av balanse, ro og \u00e5ndelig forbindelse.<\/p>\n","protected":false},"excerpt":{"rendered":"<p>Introduser ro og \u00e5ndelig energi til ethvert rom med messing-Om-klokkene med fargerike chakraperler og 7 melodiske klokker. Dette m\u00f8blet er sentrert rundt Om-symbolet, som representerer den universelle lyden av fred, noe som gj\u00f8r det til et ideelt valg for meditasjonsrom, yogastudioer eller hjemmeinnredning. Hver klokke inneholder livlige chakraperler som representerer kroppens syv energisentre, og harmonerer [&hellip;]<\/p>\n","protected":false},"featured_media":368997,"comment_status":"closed","ping_status":"open","template":"","meta":[],"product_brand":[],"product_cat":[8394,10625],"product_tag":[],"class_list":{"0":"post-208646","1":"product","2":"type-product","3":"status-publish","4":"has-post-thumbnail","6":"product_cat-hjem-og-hage","7":"product_cat-vindspill","8":"pa_collection-indian-chimes-no","9":"pa_made-in-india","11":"first","12":"instock","13":"purchasable","14":"product-type-simple"},"supplier_id":null,"supplier_sku":"INDBC-11","barcode":null,"atum_controlled":true,"out_stock_date":null,"out_stock_threshold":null,"inheritable":false,"inbound_stock":null,"stock_on_hold":0,"sold_today":0,"sales_last_days":0,"reserved_stock":null,"customer_returns":null,"warehouse_damage":null,"lost_in_post":null,"other_logs":null,"out_stock_days":0,"lost_sales":0,"has_location":null,"update_date":"2026-01-30T01:24:24","atum_locations":[],"atum_stock_status":"instock","restock_status":false,"low_stock_amount":"","sales_update_date":"2026-01-30T01:24:24","calc_backorders":null,"_links":{"self":[{"href":"https:\/\/aromasentia.com\/no\/wp-json\/wp\/v2\/product\/208646","targetHints":{"allow":["GET"]}}],"collection":[{"href":"https:\/\/aromasentia.com\/no\/wp-json\/wp\/v2\/product"}],"about":[{"href":"https:\/\/aromasentia.com\/no\/wp-json\/wp\/v2\/types\/product"}],"replies":[{"embeddable":true,"href":"https:\/\/aromasentia.com\/no\/wp-json\/wp\/v2\/comments?post=208646"}],"version-history":[{"count":0,"href":"https:\/\/aromasentia.com\/no\/wp-json\/wp\/v2\/product\/208646\/revisions"}],"wp:featuredmedia":[{"embeddable":true,"href":"https:\/\/aromasentia.com\/no\/wp-json\/wp\/v2\/media\/368997"}],"wp:attachment":[{"href":"https:\/\/aromasentia.com\/no\/wp-json\/wp\/v2\/media?parent=208646"}],"wp:term":[{"taxonomy":"product_brand","embeddable":true,"href":"https:\/\/aromasentia.com\/no\/wp-json\/wp\/v2\/product_brand?post=208646"},{"taxonomy":"product_cat","embeddable":true,"href":"https:\/\/aromasentia.com\/no\/wp-json\/wp\/v2\/product_cat?post=208646"},{"taxonomy":"product_tag","embeddable":true,"href":"https:\/\/aromasentia.com\/no\/wp-json\/wp\/v2\/product_tag?post=208646"}],"curies":[{"name":"wp","href":"https:\/\/api.w.org\/{rel}","templated":true}]}}