{"id":208640,"date":"2025-03-22T16:05:23","date_gmt":"2025-03-22T16:05:23","guid":{"rendered":"https:\/\/aromasentia.com\/product\/indian-chimes-brass-moon-phases-drop-with-bell-25cm\/"},"modified":"2025-05-31T05:15:34","modified_gmt":"2025-05-31T05:15:34","slug":"indisk-vindspill-vindklokker-manefasedrape-i-messing-med-klokke-25-cm","status":"publish","type":"product","link":"https:\/\/aromasentia.com\/no\/indisk-vindspill-vindklokker-manefasedrape-i-messing-med-klokke-25-cm\/","title":{"rendered":"Indisk Vindspill \/ Vindklokker &#8211; M\u00e5nefasedr\u00e5pe I Messing med Klokke &#8211; 25 cm"},"content":{"rendered":"<p>En vakkert utformet 25 cm klokke som bringer m\u00e5nens mystikk inn i ethvert rom. Laget av messing i India, har denne elegante klokken et kaskadedesign av m\u00e5nens faser, som symboliserer tidens gang og fornyelsessykluser. En enkelt messingklokke nederst \u00f8ker klokkens sjarm og produserer en mild, beroligende lyd med hver bris.<\/p>\n","protected":false},"excerpt":{"rendered":"<p>En vakkert utformet 25 cm klokke som bringer m\u00e5nens mystikk inn i ethvert rom. Laget av messing i India, har denne elegante klokken et kaskadedesign av m\u00e5nens faser, som symboliserer tidens gang og fornyelsessykluser. En enkelt messingklokke nederst \u00f8ker klokkens sjarm og produserer en mild, beroligende lyd med hver bris.<\/p>\n","protected":false},"featured_media":368903,"comment_status":"closed","ping_status":"open","template":"","meta":{"_angie_page":false},"product_brand":[],"product_cat":[8394,10625],"product_tag":[],"class_list":{"0":"post-208640","1":"product","2":"type-product","3":"status-publish","4":"has-post-thumbnail","6":"product_cat-hjem-og-hage","7":"product_cat-vindspill","8":"pa_collection-indian-chimes-no","9":"pa_made-in-india","11":"first","12":"instock","13":"purchasable","14":"product-type-simple"},"supplier_id":null,"supplier_sku":"INDBC-05","barcode":null,"atum_controlled":true,"out_stock_date":null,"out_stock_threshold":null,"inheritable":false,"inbound_stock":null,"stock_on_hold":0,"sold_today":0,"sales_last_days":0,"reserved_stock":null,"customer_returns":null,"warehouse_damage":null,"lost_in_post":null,"other_logs":null,"out_stock_days":0,"lost_sales":0,"has_location":null,"update_date":"2026-04-27T07:08:53","atum_locations":[],"atum_stock_status":"instock","restock_status":false,"low_stock_amount":"","sales_update_date":"2025-09-05T00:28:51","calc_backorders":null,"_links":{"self":[{"href":"https:\/\/aromasentia.com\/no\/wp-json\/wp\/v2\/product\/208640","targetHints":{"allow":["GET"]}}],"collection":[{"href":"https:\/\/aromasentia.com\/no\/wp-json\/wp\/v2\/product"}],"about":[{"href":"https:\/\/aromasentia.com\/no\/wp-json\/wp\/v2\/types\/product"}],"replies":[{"embeddable":true,"href":"https:\/\/aromasentia.com\/no\/wp-json\/wp\/v2\/comments?post=208640"}],"version-history":[{"count":0,"href":"https:\/\/aromasentia.com\/no\/wp-json\/wp\/v2\/product\/208640\/revisions"}],"wp:featuredmedia":[{"embeddable":true,"href":"https:\/\/aromasentia.com\/no\/wp-json\/wp\/v2\/media\/368903"}],"wp:attachment":[{"href":"https:\/\/aromasentia.com\/no\/wp-json\/wp\/v2\/media?parent=208640"}],"wp:term":[{"taxonomy":"product_brand","embeddable":true,"href":"https:\/\/aromasentia.com\/no\/wp-json\/wp\/v2\/product_brand?post=208640"},{"taxonomy":"product_cat","embeddable":true,"href":"https:\/\/aromasentia.com\/no\/wp-json\/wp\/v2\/product_cat?post=208640"},{"taxonomy":"product_tag","embeddable":true,"href":"https:\/\/aromasentia.com\/no\/wp-json\/wp\/v2\/product_tag?post=208640"}],"curies":[{"name":"wp","href":"https:\/\/api.w.org\/{rel}","templated":true}]}}