{"id":208639,"date":"2025-03-22T16:05:23","date_gmt":"2025-03-22T16:05:23","guid":{"rendered":"https:\/\/aromasentia.com\/product\/indian-chimes-brass-moon-phases-chimes-43x40cm\/"},"modified":"2025-05-31T05:15:31","modified_gmt":"2025-05-31T05:15:31","slug":"indisk-vindspill-vindklokker-messing-moon-phases-chimes-43x40cm","status":"publish","type":"product","link":"https:\/\/aromasentia.com\/no\/indisk-vindspill-vindklokker-messing-moon-phases-chimes-43x40cm\/","title":{"rendered":"Indisk Vindspill \/ Vindklokker &#8211; Messing Moon Phases Chimes &#8211; 43x40Cm"},"content":{"rendered":"<p>Laget i India, viser den frem m\u00e5nens faser i fantastisk messing, noe som gj\u00f8r den til et sl\u00e5ende m\u00f8bel for ethvert rom. Den m\u00e5ler 43 x 40 cm og har intrikate design av hver m\u00e5nefase, som symboliserer livssyklusen og fornyelsen. Tillegget av messingklokker forsterker sjarmen og skaper myke, beroligende lyder som flyter med vinden.<\/p>\n","protected":false},"excerpt":{"rendered":"<p>Laget i India, viser den frem m\u00e5nens faser i fantastisk messing, noe som gj\u00f8r den til et sl\u00e5ende m\u00f8bel for ethvert rom. Den m\u00e5ler 43 x 40 cm og har intrikate design av hver m\u00e5nefase, som symboliserer livssyklusen og fornyelsen. Tillegget av messingklokker forsterker sjarmen og skaper myke, beroligende lyder som flyter med vinden.<\/p>\n","protected":false},"featured_media":368886,"comment_status":"closed","ping_status":"open","template":"","meta":{"_angie_page":false},"product_brand":[],"product_cat":[8394,10625],"product_tag":[],"class_list":{"0":"post-208639","1":"product","2":"type-product","3":"status-publish","4":"has-post-thumbnail","6":"product_cat-hjem-og-hage","7":"product_cat-vindspill","8":"pa_collection-indian-chimes-no","9":"pa_made-in-india","11":"first","12":"instock","13":"purchasable","14":"product-type-simple"},"supplier_id":null,"supplier_sku":"INDBC-04","barcode":null,"atum_controlled":true,"out_stock_date":null,"out_stock_threshold":null,"inheritable":false,"inbound_stock":null,"stock_on_hold":0,"sold_today":0,"sales_last_days":0,"reserved_stock":null,"customer_returns":null,"warehouse_damage":null,"lost_in_post":null,"other_logs":null,"out_stock_days":153,"lost_sales":0,"has_location":null,"update_date":"2026-04-27T07:08:53","atum_locations":[],"atum_stock_status":"instock","restock_status":false,"low_stock_amount":"","sales_update_date":"2026-02-06T00:01:11","calc_backorders":null,"_links":{"self":[{"href":"https:\/\/aromasentia.com\/no\/wp-json\/wp\/v2\/product\/208639","targetHints":{"allow":["GET"]}}],"collection":[{"href":"https:\/\/aromasentia.com\/no\/wp-json\/wp\/v2\/product"}],"about":[{"href":"https:\/\/aromasentia.com\/no\/wp-json\/wp\/v2\/types\/product"}],"replies":[{"embeddable":true,"href":"https:\/\/aromasentia.com\/no\/wp-json\/wp\/v2\/comments?post=208639"}],"version-history":[{"count":0,"href":"https:\/\/aromasentia.com\/no\/wp-json\/wp\/v2\/product\/208639\/revisions"}],"wp:featuredmedia":[{"embeddable":true,"href":"https:\/\/aromasentia.com\/no\/wp-json\/wp\/v2\/media\/368886"}],"wp:attachment":[{"href":"https:\/\/aromasentia.com\/no\/wp-json\/wp\/v2\/media?parent=208639"}],"wp:term":[{"taxonomy":"product_brand","embeddable":true,"href":"https:\/\/aromasentia.com\/no\/wp-json\/wp\/v2\/product_brand?post=208639"},{"taxonomy":"product_cat","embeddable":true,"href":"https:\/\/aromasentia.com\/no\/wp-json\/wp\/v2\/product_cat?post=208639"},{"taxonomy":"product_tag","embeddable":true,"href":"https:\/\/aromasentia.com\/no\/wp-json\/wp\/v2\/product_tag?post=208639"}],"curies":[{"name":"wp","href":"https:\/\/api.w.org\/{rel}","templated":true}]}}