{"id":208637,"date":"2025-03-22T16:05:23","date_gmt":"2025-03-22T16:05:23","guid":{"rendered":"https:\/\/aromasentia.com\/product\/100-cotton-yoga-rug-60x200cm-7-chakras\/"},"modified":"2025-05-31T05:15:24","modified_gmt":"2025-05-31T05:15:24","slug":"yogateppe-i-100-bomull-60x200-cm-7-chakraer","status":"publish","type":"product","link":"https:\/\/aromasentia.com\/no\/yogateppe-i-100-bomull-60x200-cm-7-chakraer\/","title":{"rendered":"Yogateppe I 100 % Bomull &#8211; 60&#215;200 cm &#8211; 7 Chakraer"},"content":{"rendered":"<p><span style=\"color: rgb(75, 80, 88);\"><strong>Oppdag v\u00e5rt yogateppe i 100 % bomull med chakra-design<\/strong><\/span><\/p>\n<p><span style=\"color: rgb(75, 80, 88);\">Velkommen til en uts\u00f8kt kolleksjon av yogatepper i 100 % bomull, kj\u00e6rlig h\u00e5ndlaget og silketrykket i det pulserende hjertet av India. Disse allsidige teppene, som m\u00e5ler <strong>60&#215;200 cm<\/strong>, er ikke bare perfekte for yogapraksis, men er ogs\u00e5 en fantastisk veggdekorasjon. La oss introdusere deg for skj\u00f8nnheten og funksjonaliteten til yogateppene v\u00e5re.<\/span><\/p>\n<p><span style=\"color: rgb(75, 80, 88);\"><br \/><\/span><\/p>\n<p><span style=\"color: rgb(75, 80, 88);\"><strong>Egenskaper for yogateppet:<\/strong><\/span><\/p>\n<p><span style=\"color: rgb(75, 80, 88);\"><strong>Bomull av f\u00f8rsteklasses kvalitet:<\/strong> Yogateppene v\u00e5re er laget av 100 % ren bomull og er ikke bare milj\u00f8vennlige, men ogs\u00e5 utrolig myke og komfortable. Dette naturlige materialet er ideelt for \u00e5 absorbere svette og gir en sklisikker overflate for yogapraksisen din.<\/span><\/p>\n<p><span style=\"color: rgb(75, 80, 88);\"><strong>Chakra-design:<\/strong> Hvert teppe er utsmykket med et fascinerende chakra-design, n\u00f8ye silketrykket av dyktige h\u00e5ndverkere. Chakrasymbolene gir en \u00e5ndelig dimensjon til praksisen din, justerer energisentrene dine og forbedrer mindfulnessen din.<\/span><\/p>\n<p><span style=\"color: rgb(75, 80, 88);\"><strong>H\u00e5ndlaget i India:<\/strong> Vi er stolte av kunsten og h\u00e5ndverket som ligger bak hvert av v\u00e5re yogatepper. Dyktige h\u00e5ndverkere i India lager disse teppene med presisjon og omhu, og sikrer at hvert stykke er unikt og av h\u00f8yeste kvalitet.<\/span><\/p>\n<p><span style=\"color: rgb(75, 80, 88);\"><strong>Allsidig st\u00f8rrelse:<\/strong> Yogateppene v\u00e5re m\u00e5ler 60&#215;200 cm og gir god plass til praksisen din. Legg dem ut i yogastudioet, meditasjonsrommet ditt, eller bruk dem som et koselig tillegg til hjemmeinnredningen din.<\/span><\/p>\n<p><span style=\"color: rgb(75, 80, 88);\"><strong>Multifunksjonell bruk:<\/strong> Utover yoga fungerer disse teppene som fantastiske veggdekorasjoner. Heng dem i hjemmet eller studioet ditt for \u00e5 fylle rommet ditt med den \u00e5ndelige energien fra chakrasymbolene og de livlige fargene fra India.<\/span><\/p>\n<p><span style=\"color: rgb(75, 80, 88);\"><strong>L\u00f8ft yogastudioet, butikken eller hjemmeinnredningskolleksjonen din med yogatepper i 100 % bomull med chakradesign.<\/strong> Omfavn skj\u00f8nnheten, kvaliteten og den \u00e5ndelige betydningen av disse unike kreasjonene, h\u00e5ndlaget i India. Kontakt oss i dag for \u00e5 legge inn engrosbestillingen din og dra nytte av denne utrolige muligheten til \u00e5 tilby kundene dine noe helt spesielt.<\/span><\/p>\n<p><span style=\"color: rgb(141, 186, 216);\"><strong>Namaste<\/strong>.<\/span><\/p>\n","protected":false},"excerpt":{"rendered":"<p>Oppdag v\u00e5rt yogateppe i 100 % bomull med chakra-design Velkommen til en uts\u00f8kt kolleksjon av yogatepper i 100 % bomull, kj\u00e6rlig h\u00e5ndlaget og silketrykket i det pulserende hjertet av India. Disse allsidige teppene, som m\u00e5ler 60&#215;200 cm, er ikke bare perfekte for yogapraksis, men er ogs\u00e5 en fantastisk veggdekorasjon. La oss introdusere deg for skj\u00f8nnheten [&hellip;]<\/p>\n","protected":false},"featured_media":368780,"comment_status":"closed","ping_status":"open","template":"","meta":{"_angie_page":false},"product_brand":[],"product_cat":[8394,10395,10394],"product_tag":[],"class_list":{"0":"post-208637","1":"product","2":"type-product","3":"status-publish","4":"has-post-thumbnail","6":"product_cat-hjem-og-hage","7":"product_cat-tekstiler","8":"product_cat-tepper","9":"pa_collection-indian-cotton-rug-no","10":"pa_made-in-india","12":"first","13":"outofstock","14":"purchasable","15":"product-type-simple"},"supplier_id":null,"supplier_sku":"ICR-07","barcode":null,"atum_controlled":true,"out_stock_date":"2025-09-05 00:13:52","out_stock_threshold":null,"inheritable":false,"inbound_stock":null,"stock_on_hold":0,"sold_today":0,"sales_last_days":0,"reserved_stock":null,"customer_returns":null,"warehouse_damage":null,"lost_in_post":null,"other_logs":null,"out_stock_days":0,"lost_sales":0,"has_location":null,"update_date":"2026-04-27T07:08:29","atum_locations":[],"atum_stock_status":"outofstock","restock_status":false,"low_stock_amount":"","sales_update_date":"2025-09-04T00:28:43","calc_backorders":null,"_links":{"self":[{"href":"https:\/\/aromasentia.com\/no\/wp-json\/wp\/v2\/product\/208637","targetHints":{"allow":["GET"]}}],"collection":[{"href":"https:\/\/aromasentia.com\/no\/wp-json\/wp\/v2\/product"}],"about":[{"href":"https:\/\/aromasentia.com\/no\/wp-json\/wp\/v2\/types\/product"}],"replies":[{"embeddable":true,"href":"https:\/\/aromasentia.com\/no\/wp-json\/wp\/v2\/comments?post=208637"}],"version-history":[{"count":0,"href":"https:\/\/aromasentia.com\/no\/wp-json\/wp\/v2\/product\/208637\/revisions"}],"wp:featuredmedia":[{"embeddable":true,"href":"https:\/\/aromasentia.com\/no\/wp-json\/wp\/v2\/media\/368780"}],"wp:attachment":[{"href":"https:\/\/aromasentia.com\/no\/wp-json\/wp\/v2\/media?parent=208637"}],"wp:term":[{"taxonomy":"product_brand","embeddable":true,"href":"https:\/\/aromasentia.com\/no\/wp-json\/wp\/v2\/product_brand?post=208637"},{"taxonomy":"product_cat","embeddable":true,"href":"https:\/\/aromasentia.com\/no\/wp-json\/wp\/v2\/product_cat?post=208637"},{"taxonomy":"product_tag","embeddable":true,"href":"https:\/\/aromasentia.com\/no\/wp-json\/wp\/v2\/product_tag?post=208637"}],"curies":[{"name":"wp","href":"https:\/\/api.w.org\/{rel}","templated":true}]}}