{"id":208635,"date":"2025-03-22T16:05:23","date_gmt":"2025-03-22T16:05:23","guid":{"rendered":"https:\/\/aromasentia.com\/product\/indian-cotton-rug-70x170cm-yellow-blue\/"},"modified":"2025-05-31T05:15:18","modified_gmt":"2025-05-31T05:15:18","slug":"indisk-bomullsteppe-70x170cm-gul-bla","status":"publish","type":"product","link":"https:\/\/aromasentia.com\/no\/indisk-bomullsteppe-70x170cm-gul-bla\/","title":{"rendered":"Indisk Bomullsteppe &#8211; 70x170cm &#8211; Gul\/Bl\u00e5"},"content":{"rendered":"<p>Gult indisk bomullsteppe i yogamatte-st\u00f8rrelse er ideelt for haller, bad, hjemmeinnredning eller yoga. Laget av 100 % indisk bomull av en familiebedrift i Panipat. Denne lille byen nord for Delhi er kjent for sine vevere og er ber\u00f8mt for sine h\u00e5ndlagde tekstiler.<\/p>\n<p>Den glade fargen vil gi liv til ethvert interi\u00f8r. Indiske bomullstepper er kjent for sin holdbarhet og mykhet. De er veldig behagelige for f\u00f8ttene og vil gi komfort til alle husholdningsmedlemmer.<\/p>\n<p>St\u00f8rrelse: 170&#215;70 cm<\/p>\n<p>\n","protected":false},"excerpt":{"rendered":"<p>Gult indisk bomullsteppe i yogamatte-st\u00f8rrelse er ideelt for haller, bad, hjemmeinnredning eller yoga. Laget av 100 % indisk bomull av en familiebedrift i Panipat. Denne lille byen nord for Delhi er kjent for sine vevere og er ber\u00f8mt for sine h\u00e5ndlagde tekstiler. Den glade fargen vil gi liv til ethvert interi\u00f8r. Indiske bomullstepper er kjent [&hellip;]<\/p>\n","protected":false},"featured_media":368762,"comment_status":"closed","ping_status":"open","template":"","meta":{"_angie_page":false},"product_brand":[],"product_cat":[8394,10395,10394],"product_tag":[],"class_list":{"0":"post-208635","1":"product","2":"type-product","3":"status-publish","4":"has-post-thumbnail","6":"product_cat-hjem-og-hage","7":"product_cat-tekstiler","8":"product_cat-tepper","9":"pa_collection-indian-cotton-rug-no","10":"pa_made-in-india","12":"first","13":"instock","14":"purchasable","15":"product-type-simple"},"supplier_id":null,"supplier_sku":"ICR-05","barcode":null,"atum_controlled":true,"out_stock_date":null,"out_stock_threshold":null,"inheritable":false,"inbound_stock":null,"stock_on_hold":0,"sold_today":0,"sales_last_days":0,"reserved_stock":null,"customer_returns":null,"warehouse_damage":null,"lost_in_post":null,"other_logs":null,"out_stock_days":0,"lost_sales":0,"has_location":null,"update_date":"2026-04-27T07:08:29","atum_locations":[],"atum_stock_status":"instock","restock_status":false,"low_stock_amount":"","sales_update_date":"2026-01-30T01:26:09","calc_backorders":null,"_links":{"self":[{"href":"https:\/\/aromasentia.com\/no\/wp-json\/wp\/v2\/product\/208635","targetHints":{"allow":["GET"]}}],"collection":[{"href":"https:\/\/aromasentia.com\/no\/wp-json\/wp\/v2\/product"}],"about":[{"href":"https:\/\/aromasentia.com\/no\/wp-json\/wp\/v2\/types\/product"}],"replies":[{"embeddable":true,"href":"https:\/\/aromasentia.com\/no\/wp-json\/wp\/v2\/comments?post=208635"}],"version-history":[{"count":0,"href":"https:\/\/aromasentia.com\/no\/wp-json\/wp\/v2\/product\/208635\/revisions"}],"wp:featuredmedia":[{"embeddable":true,"href":"https:\/\/aromasentia.com\/no\/wp-json\/wp\/v2\/media\/368762"}],"wp:attachment":[{"href":"https:\/\/aromasentia.com\/no\/wp-json\/wp\/v2\/media?parent=208635"}],"wp:term":[{"taxonomy":"product_brand","embeddable":true,"href":"https:\/\/aromasentia.com\/no\/wp-json\/wp\/v2\/product_brand?post=208635"},{"taxonomy":"product_cat","embeddable":true,"href":"https:\/\/aromasentia.com\/no\/wp-json\/wp\/v2\/product_cat?post=208635"},{"taxonomy":"product_tag","embeddable":true,"href":"https:\/\/aromasentia.com\/no\/wp-json\/wp\/v2\/product_tag?post=208635"}],"curies":[{"name":"wp","href":"https:\/\/api.w.org\/{rel}","templated":true}]}}