{"id":208625,"date":"2025-03-22T16:05:23","date_gmt":"2025-03-22T16:05:23","guid":{"rendered":"https:\/\/aromasentia.com\/product\/albasia-wood-fish-stand-greywash\/"},"modified":"2025-05-31T05:14:44","modified_gmt":"2025-05-31T05:14:44","slug":"fiskestativ-albasia-tre-greywash","status":"publish","type":"product","link":"https:\/\/aromasentia.com\/no\/fiskestativ-albasia-tre-greywash\/","title":{"rendered":"Fiskestativ Albasia Tre &#8211; Greywash"},"content":{"rendered":"<p>Aroma Sentia &#8211; ping Albasia trefiskestativ &#8211; Greywash er laget av ekte treverk av 100 % Albesia, n\u00f8ye utvalgt for \u00e5 gi deg et helt unikt m\u00f8bel som skiller seg ut overalt hvor du plasserer det.<\/p>\n<p>Stativene er h\u00e5ndsk\u00e5ret, h\u00e5ndslipt og h\u00e5ndmalt med den fineste beisen av indonesiske h\u00e5ndverkere p\u00e5 Bali.<\/p>\n<p>Fine, livlige farger med en slitt finish gir kundene dine st\u00f8rre valgmuligheter. Flatpakket sparer plass n\u00e5r det oppbevares eller ikke er i bruk.<\/p>\n<p>La kundene dine lage et lite indonesisk plantehj\u00f8rne og bestill i dag!<\/p>\n","protected":false},"excerpt":{"rendered":"<p>Aroma Sentia &#8211; ping Albasia trefiskestativ &#8211; Greywash er laget av ekte treverk av 100 % Albesia, n\u00f8ye utvalgt for \u00e5 gi deg et helt unikt m\u00f8bel som skiller seg ut overalt hvor du plasserer det. Stativene er h\u00e5ndsk\u00e5ret, h\u00e5ndslipt og h\u00e5ndmalt med den fineste beisen av indonesiske h\u00e5ndverkere p\u00e5 Bali. Fine, livlige farger med [&hellip;]<\/p>\n","protected":false},"featured_media":368360,"comment_status":"closed","ping_status":"open","template":"","meta":{"_angie_page":false},"product_brand":[],"product_cat":[8394,10397],"product_tag":[],"class_list":{"0":"post-208625","1":"product","2":"type-product","3":"status-publish","4":"has-post-thumbnail","6":"product_cat-hjem-og-hage","7":"product_cat-mobler","8":"pa_collection-albasia-wooden-plant-stands-no","9":"pa_made-in-indonesia","11":"first","12":"instock","13":"purchasable","14":"product-type-simple"},"supplier_id":null,"supplier_sku":"HPS-08","barcode":null,"atum_controlled":true,"out_stock_date":null,"out_stock_threshold":null,"inheritable":false,"inbound_stock":null,"stock_on_hold":0,"sold_today":0,"sales_last_days":0,"reserved_stock":null,"customer_returns":null,"warehouse_damage":null,"lost_in_post":null,"other_logs":null,"out_stock_days":0,"lost_sales":0,"has_location":null,"update_date":"2026-04-27T07:07:58","atum_locations":[],"atum_stock_status":"instock","restock_status":false,"low_stock_amount":"","sales_update_date":"2026-02-06T00:02:28","calc_backorders":null,"_links":{"self":[{"href":"https:\/\/aromasentia.com\/no\/wp-json\/wp\/v2\/product\/208625","targetHints":{"allow":["GET"]}}],"collection":[{"href":"https:\/\/aromasentia.com\/no\/wp-json\/wp\/v2\/product"}],"about":[{"href":"https:\/\/aromasentia.com\/no\/wp-json\/wp\/v2\/types\/product"}],"replies":[{"embeddable":true,"href":"https:\/\/aromasentia.com\/no\/wp-json\/wp\/v2\/comments?post=208625"}],"version-history":[{"count":0,"href":"https:\/\/aromasentia.com\/no\/wp-json\/wp\/v2\/product\/208625\/revisions"}],"wp:featuredmedia":[{"embeddable":true,"href":"https:\/\/aromasentia.com\/no\/wp-json\/wp\/v2\/media\/368360"}],"wp:attachment":[{"href":"https:\/\/aromasentia.com\/no\/wp-json\/wp\/v2\/media?parent=208625"}],"wp:term":[{"taxonomy":"product_brand","embeddable":true,"href":"https:\/\/aromasentia.com\/no\/wp-json\/wp\/v2\/product_brand?post=208625"},{"taxonomy":"product_cat","embeddable":true,"href":"https:\/\/aromasentia.com\/no\/wp-json\/wp\/v2\/product_cat?post=208625"},{"taxonomy":"product_tag","embeddable":true,"href":"https:\/\/aromasentia.com\/no\/wp-json\/wp\/v2\/product_tag?post=208625"}],"curies":[{"name":"wp","href":"https:\/\/api.w.org\/{rel}","templated":true}]}}