{"id":208616,"date":"2025-03-22T16:05:23","date_gmt":"2025-03-22T16:05:23","guid":{"rendered":"https:\/\/aromasentia.com\/product\/handmade-indigo-runner-170x60cm-heerak-patern\/"},"modified":"2025-05-31T05:14:14","modified_gmt":"2025-05-31T05:14:14","slug":"handlaget-indigo-loper-170x60cm-heerak-patern","status":"publish","type":"product","link":"https:\/\/aromasentia.com\/no\/handlaget-indigo-loper-170x60cm-heerak-patern\/","title":{"rendered":"H\u00e5ndlaget Indigo L\u00f8per &#8211; 170x60cm &#8211; Heerak Patern"},"content":{"rendered":"<p><span style=\"color: rgb(75, 80, 88);\">Skapelsens reise V\u00e5re h\u00e5ndlagde indigo-pledd bringes til live gjennom en grundig og tidsherdet prosess.<\/span><\/p>\n<p><span style=\"color: rgb(75, 80, 88);\">Mesterh\u00e5ndverkere senker stoffet i naturlige indigo-fargebad, lag for lag, for \u00e5 oppn\u00e5 de dype, str\u00e5lende bl\u00e5 nyansene som definerer indigo-tekstiler. Ulike resistteknikker, som tie-dye, blokktrykk eller batikk, brukes til \u00e5 lage intrikate m\u00f8nstre og design p\u00e5 stoffet, og forvandle det til et lerret av kunstnerisk uttrykk. &nbsp;&nbsp;<\/span><\/p>\n<p><span style=\"color: rgb(75, 80, 88);\">Det fargede stoffet er forsiktig solt\u00f8rket, slik at indigoen oksideres og gradvis avsl\u00f8rer sin ikoniske bl\u00e5 fargetone, str\u00e5lende som den indiske himmelen.&nbsp;<\/span><\/p>\n<p><span style=\"color: rgb(75, 80, 88);\">Hvert pledd er kj\u00e6rlig ferdigbehandlet med h\u00e5ndsydd broderi eller utsmykket med dusker, noe som gir et snev av autentisitet og individualitet til hvert plagg.&nbsp;<\/span><\/p>\n<p><span style=\"color: rgb(75, 80, 88);\"><strong>\u00c5 innlemme h\u00e5ndlagde indigopledd i produktportef\u00f8ljen din beriker ikke bare tilbudet ditt; det forbinder kundene dine med Indias rike historie og kunst.&nbsp;<\/strong><\/span><\/p>\n<p><span style=\"color: rgb(75, 80, 88);\">Disse pleddene overskrider rene tekstiler; De er kulturelle og tradisjonelle skatter som vil fengsle kundene dine og l\u00f8fte oppholdsrommene deres.<\/span><\/p>\n<p><span style=\"color: rgb(141, 186, 216);\"><strong>Bli med oss og feir kunsten \u00e5 farge indigo og den tidl\u00f8se skj\u00f8nnheten den gir interi\u00f8rverdenen.<\/strong><\/span><\/p>\n","protected":false},"excerpt":{"rendered":"<p>Skapelsens reise V\u00e5re h\u00e5ndlagde indigo-pledd bringes til live gjennom en grundig og tidsherdet prosess. Mesterh\u00e5ndverkere senker stoffet i naturlige indigo-fargebad, lag for lag, for \u00e5 oppn\u00e5 de dype, str\u00e5lende bl\u00e5 nyansene som definerer indigo-tekstiler. Ulike resistteknikker, som tie-dye, blokktrykk eller batikk, brukes til \u00e5 lage intrikate m\u00f8nstre og design p\u00e5 stoffet, og forvandle det til [&hellip;]<\/p>\n","protected":false},"featured_media":368063,"comment_status":"closed","ping_status":"open","template":"","meta":{"_angie_page":false},"product_brand":[],"product_cat":[8394,10617,10395],"product_tag":[],"class_list":{"0":"post-208616","1":"product","2":"type-product","3":"status-publish","4":"has-post-thumbnail","6":"product_cat-hjem-og-hage","7":"product_cat-pledd","8":"product_cat-tekstiler","9":"pa_collection-handmade-indigo-throws-no","10":"pa_made-in-india","12":"first","13":"instock","14":"purchasable","15":"product-type-simple"},"supplier_id":null,"supplier_sku":"HIT-07","barcode":null,"atum_controlled":true,"out_stock_date":null,"out_stock_threshold":null,"inheritable":false,"inbound_stock":null,"stock_on_hold":0,"sold_today":0,"sales_last_days":0,"reserved_stock":null,"customer_returns":null,"warehouse_damage":null,"lost_in_post":null,"other_logs":null,"out_stock_days":0,"lost_sales":0,"has_location":null,"update_date":"2026-04-27T07:07:33","atum_locations":[],"atum_stock_status":"instock","restock_status":false,"low_stock_amount":"","sales_update_date":"2025-09-05T00:28:44","calc_backorders":null,"_links":{"self":[{"href":"https:\/\/aromasentia.com\/no\/wp-json\/wp\/v2\/product\/208616","targetHints":{"allow":["GET"]}}],"collection":[{"href":"https:\/\/aromasentia.com\/no\/wp-json\/wp\/v2\/product"}],"about":[{"href":"https:\/\/aromasentia.com\/no\/wp-json\/wp\/v2\/types\/product"}],"replies":[{"embeddable":true,"href":"https:\/\/aromasentia.com\/no\/wp-json\/wp\/v2\/comments?post=208616"}],"version-history":[{"count":0,"href":"https:\/\/aromasentia.com\/no\/wp-json\/wp\/v2\/product\/208616\/revisions"}],"wp:featuredmedia":[{"embeddable":true,"href":"https:\/\/aromasentia.com\/no\/wp-json\/wp\/v2\/media\/368063"}],"wp:attachment":[{"href":"https:\/\/aromasentia.com\/no\/wp-json\/wp\/v2\/media?parent=208616"}],"wp:term":[{"taxonomy":"product_brand","embeddable":true,"href":"https:\/\/aromasentia.com\/no\/wp-json\/wp\/v2\/product_brand?post=208616"},{"taxonomy":"product_cat","embeddable":true,"href":"https:\/\/aromasentia.com\/no\/wp-json\/wp\/v2\/product_cat?post=208616"},{"taxonomy":"product_tag","embeddable":true,"href":"https:\/\/aromasentia.com\/no\/wp-json\/wp\/v2\/product_tag?post=208616"}],"curies":[{"name":"wp","href":"https:\/\/api.w.org\/{rel}","templated":true}]}}