{"id":208601,"date":"2025-03-22T16:05:35","date_gmt":"2025-03-22T16:05:35","guid":{"rendered":"https:\/\/aromasentia.com\/product\/molton-glass-on-wood-candle-holder\/"},"modified":"2025-05-31T05:13:01","modified_gmt":"2025-05-31T05:13:01","slug":"smeltet-glass-pa-tre-lysestake","status":"publish","type":"product","link":"https:\/\/aromasentia.com\/no\/smeltet-glass-pa-tre-lysestake\/","title":{"rendered":"Smeltet Glass P\u00e5 Tre &#8211; Lysestake"},"content":{"rendered":"<p><span style=\"color: rgb(75, 80, 88);\"><strong>H\u00e5ndlaget p\u00e5 Bali av resirkulert glass og balinesisk Gamal-tre<\/strong>. Denne fantastiske, smeltede kunstglasslysestaken bringer det beste fra to verdener sammen: naturlig og menneskeskapt; jordn\u00e6rt og elegant; praktisk og spirituelt.<strong>&nbsp;Glasset er h\u00e5ndbl\u00e5st, og mens det fortsatt er varmt, slappes det deretter av over et stykke Gamal-rot. Glasset herder deretter til treets form, noe som sikrer en perfekt passform.<\/strong><\/span><\/p>\n<p><span style=\"color: rgb(75, 80, 88);\">De er laget av et naturprodukt ved hjelp av h\u00e5ndverkt\u00f8y p\u00e5 tradisjonell balinesisk m\u00e5te. Hvert element er unikt ettersom de er laget av naturlig, b\u00e6rekraftig Gamal-tre, og det resirkulerte glasset er formet for \u00e5 passe, noe som \u00f8ker autentisiteten. Kunden din vil elske det. Ta naturen inn med disse helt nydelige (og rimelige) naturlige kunstverkene, som kundene dine virkelig vil eie.<\/span><\/p>\n<p><strong><span style=\"color: rgb(75, 80, 88);\">Merk: P\u00e5 grunn av den h\u00e5ndlagde naturen til dette produktet, kan det v\u00e6re sm\u00e5 ufullkommenheter i glasset, som sm\u00e5 bobler og lette riper. For det meste pakket individuelt i en forsvarlig eske.<\/span><\/strong><\/p>\n","protected":false},"excerpt":{"rendered":"<p>H\u00e5ndlaget p\u00e5 Bali av resirkulert glass og balinesisk Gamal-tre. Denne fantastiske, smeltede kunstglasslysestaken bringer det beste fra to verdener sammen: naturlig og menneskeskapt; jordn\u00e6rt og elegant; praktisk og spirituelt.&nbsp;Glasset er h\u00e5ndbl\u00e5st, og mens det fortsatt er varmt, slappes det deretter av over et stykke Gamal-rot. Glasset herder deretter til treets form, noe som sikrer en [&hellip;]<\/p>\n","protected":false},"featured_media":371477,"comment_status":"closed","ping_status":"open","template":"","meta":{"_angie_page":false},"product_brand":[],"product_cat":[10539,8394],"product_tag":[],"class_list":{"0":"post-208601","1":"product","2":"type-product","3":"status-publish","4":"has-post-thumbnail","6":"product_cat-glass-dekorasjoner","7":"product_cat-hjem-og-hage","8":"pa_collection-molten-glass-on-wood-no","9":"pa_made-in-indonesia","11":"first","12":"instock","13":"purchasable","14":"product-type-simple"},"supplier_id":null,"supplier_sku":"MGW-09","barcode":null,"atum_controlled":true,"out_stock_date":null,"out_stock_threshold":null,"inheritable":false,"inbound_stock":null,"stock_on_hold":0,"sold_today":0,"sales_last_days":0,"reserved_stock":null,"customer_returns":null,"warehouse_damage":null,"lost_in_post":null,"other_logs":null,"out_stock_days":0,"lost_sales":0,"has_location":null,"update_date":"2026-04-27T07:12:41","atum_locations":[],"atum_stock_status":"instock","restock_status":false,"low_stock_amount":"","sales_update_date":"2026-02-06T00:02:08","calc_backorders":null,"_links":{"self":[{"href":"https:\/\/aromasentia.com\/no\/wp-json\/wp\/v2\/product\/208601","targetHints":{"allow":["GET"]}}],"collection":[{"href":"https:\/\/aromasentia.com\/no\/wp-json\/wp\/v2\/product"}],"about":[{"href":"https:\/\/aromasentia.com\/no\/wp-json\/wp\/v2\/types\/product"}],"replies":[{"embeddable":true,"href":"https:\/\/aromasentia.com\/no\/wp-json\/wp\/v2\/comments?post=208601"}],"version-history":[{"count":0,"href":"https:\/\/aromasentia.com\/no\/wp-json\/wp\/v2\/product\/208601\/revisions"}],"wp:featuredmedia":[{"embeddable":true,"href":"https:\/\/aromasentia.com\/no\/wp-json\/wp\/v2\/media\/371477"}],"wp:attachment":[{"href":"https:\/\/aromasentia.com\/no\/wp-json\/wp\/v2\/media?parent=208601"}],"wp:term":[{"taxonomy":"product_brand","embeddable":true,"href":"https:\/\/aromasentia.com\/no\/wp-json\/wp\/v2\/product_brand?post=208601"},{"taxonomy":"product_cat","embeddable":true,"href":"https:\/\/aromasentia.com\/no\/wp-json\/wp\/v2\/product_cat?post=208601"},{"taxonomy":"product_tag","embeddable":true,"href":"https:\/\/aromasentia.com\/no\/wp-json\/wp\/v2\/product_tag?post=208601"}],"curies":[{"name":"wp","href":"https:\/\/api.w.org\/{rel}","templated":true}]}}