{"id":208599,"date":"2025-03-22T16:05:35","date_gmt":"2025-03-22T16:05:35","guid":{"rendered":"https:\/\/aromasentia.com\/product\/molton-glass-on-wood-whisky-set\/"},"modified":"2025-05-31T05:12:56","modified_gmt":"2025-05-31T05:12:56","slug":"smeltet-glass-pa-tre-whiskysett","status":"publish","type":"product","link":"https:\/\/aromasentia.com\/no\/smeltet-glass-pa-tre-whiskysett\/","title":{"rendered":"Smeltet Glass P\u00e5 Tre &#8211; Whiskysett"},"content":{"rendered":"<p>Smeltet glass p\u00e5 tre \u2013 Whiskysettet er h\u00e5ndlaget p\u00e5 Bali av resirkulert glass og balinesisk gamal-tre.<\/p>\n<p>Dette fantastiske whiskysettet med smeltet kunst forener det beste fra to verdener: naturlig og menneskeskapt; jordn\u00e6rt og elegant; praktisk og spirituelt. Glasset er munnbl\u00e5st, og mens det fortsatt er varmt, slappes det deretter av over et stykke gamalrot. Glasset herder deretter til treets form, noe som sikrer en perfekt passform.<\/p>\n<p>De er laget av et naturprodukt ved hjelp av h\u00e5ndverkt\u00f8y p\u00e5 tradisjonell balinesisk m\u00e5te. Ta naturen inn med disse helt nydelige (og rimelige) naturkunstverkene, som kundene dine virkelig kommer til \u00e5 \u00f8nske \u00e5 eie.<\/p>\n<p><span style=\"color: rgb(141, 186, 216);\"><strong>VENNLIGST MERK<\/strong><\/span><strong><span style=\"color: rgb(141, 186, 216);\"><strong>:<\/strong> Dette produktet tjener som dekorasjon og er ikke egnet for &nbsp;til drikkevarer<\/span>&nbsp;<\/strong><\/p>\n<p><strong>St\u00f8rrelse p\u00e5 flasken: H: 22 cm, B: 7 cm, L: 7 cm, Kapasitet: 500 ml. St\u00f8rrelse p\u00e5 glasset: H: 7 cm, Diameter 5 cm, Kapasitet 70 ml.<\/strong><\/p>\n","protected":false},"excerpt":{"rendered":"<p>Smeltet glass p\u00e5 tre \u2013 Whiskysettet er h\u00e5ndlaget p\u00e5 Bali av resirkulert glass og balinesisk gamal-tre. Dette fantastiske whiskysettet med smeltet kunst forener det beste fra to verdener: naturlig og menneskeskapt; jordn\u00e6rt og elegant; praktisk og spirituelt. Glasset er munnbl\u00e5st, og mens det fortsatt er varmt, slappes det deretter av over et stykke gamalrot. Glasset [&hellip;]<\/p>\n","protected":false},"featured_media":371395,"comment_status":"closed","ping_status":"open","template":"","meta":{"_angie_page":false},"product_brand":[],"product_cat":[10539,8394],"product_tag":[],"class_list":{"0":"post-208599","1":"product","2":"type-product","3":"status-publish","4":"has-post-thumbnail","6":"product_cat-glass-dekorasjoner","7":"product_cat-hjem-og-hage","8":"pa_collection-molten-glass-on-wood-no","9":"pa_made-in-indonesia","11":"first","12":"instock","13":"purchasable","14":"product-type-simple"},"supplier_id":null,"supplier_sku":"MGW-07","barcode":null,"atum_controlled":true,"out_stock_date":null,"out_stock_threshold":null,"inheritable":false,"inbound_stock":null,"stock_on_hold":0,"sold_today":0,"sales_last_days":0,"reserved_stock":null,"customer_returns":null,"warehouse_damage":null,"lost_in_post":null,"other_logs":null,"out_stock_days":0,"lost_sales":0,"has_location":null,"update_date":"2026-05-08T05:13:10","atum_locations":[],"atum_stock_status":"instock","restock_status":false,"low_stock_amount":"","sales_update_date":"2026-02-06T00:02:05","calc_backorders":null,"_links":{"self":[{"href":"https:\/\/aromasentia.com\/no\/wp-json\/wp\/v2\/product\/208599","targetHints":{"allow":["GET"]}}],"collection":[{"href":"https:\/\/aromasentia.com\/no\/wp-json\/wp\/v2\/product"}],"about":[{"href":"https:\/\/aromasentia.com\/no\/wp-json\/wp\/v2\/types\/product"}],"replies":[{"embeddable":true,"href":"https:\/\/aromasentia.com\/no\/wp-json\/wp\/v2\/comments?post=208599"}],"version-history":[{"count":0,"href":"https:\/\/aromasentia.com\/no\/wp-json\/wp\/v2\/product\/208599\/revisions"}],"wp:featuredmedia":[{"embeddable":true,"href":"https:\/\/aromasentia.com\/no\/wp-json\/wp\/v2\/media\/371395"}],"wp:attachment":[{"href":"https:\/\/aromasentia.com\/no\/wp-json\/wp\/v2\/media?parent=208599"}],"wp:term":[{"taxonomy":"product_brand","embeddable":true,"href":"https:\/\/aromasentia.com\/no\/wp-json\/wp\/v2\/product_brand?post=208599"},{"taxonomy":"product_cat","embeddable":true,"href":"https:\/\/aromasentia.com\/no\/wp-json\/wp\/v2\/product_cat?post=208599"},{"taxonomy":"product_tag","embeddable":true,"href":"https:\/\/aromasentia.com\/no\/wp-json\/wp\/v2\/product_tag?post=208599"}],"curies":[{"name":"wp","href":"https:\/\/api.w.org\/{rel}","templated":true}]}}