{"id":208597,"date":"2025-03-22T16:05:35","date_gmt":"2025-03-22T16:05:35","guid":{"rendered":"https:\/\/aromasentia.com\/product\/molten-glass-on-wood-hanging-bowl\/"},"modified":"2025-05-31T05:12:49","modified_gmt":"2025-05-31T05:12:49","slug":"smeltet-glass-pa-tre-hengende-skal","status":"publish","type":"product","link":"https:\/\/aromasentia.com\/no\/smeltet-glass-pa-tre-hengende-skal\/","title":{"rendered":"Smeltet Glass P\u00e5 Tre &#8211; Hengende Sk\u00e5l"},"content":{"rendered":"<p>V\u00e5rt h\u00e5ndlagde smeltede glass p\u00e5 tre er sannsynligvis det st\u00f8rste fra Bali p\u00e5 mange \u00e5r, og i Nederland er det allerede en massiv trend. Alt som er relatert til stueplanter og naturlig er en stor trend, og dette vakre og naturlige produktet er rett p\u00e5 sak. De er h\u00e5ndlaget p\u00e5 Bali av resirkulert glass og balinesisk Gamal-tre for <strong>Aroma Sentia Europe<\/strong>. Denne fantastiske kunstglassvasen <strong>Molten Glass on Wood &#8211; Hanging Bowl<\/strong> bringer det beste fra to verdener sammen: naturlig og menneskeskapt; jordn\u00e6rt og elegant; praktisk og spirituelt.<\/p>\n<p>Glasset er munnbl\u00e5st, og mens det fortsatt er varmt, slappes det deretter av over et stykke Gamal-rot. Glasset herder deretter til treets form, noe som sikrer en perfekt passform. De er laget av et naturprodukt ved hjelp av h\u00e5ndverkt\u00f8y p\u00e5 tradisjonell balinesisk m\u00e5te. Det gir en unik ramme for steiner og luftplanter, avsk\u00e5rne blomster eller en vinkaraffel.<\/p>\n<p>Ta naturen inn med disse helt nydelige (og rimelige) naturlige kunstverkene.<\/p>\n<p><strong><span style=\"color: rgb(75, 80, 88);\">Merk: P\u00e5 grunn av den h\u00e5ndlagde naturen til dette produktet kan det v\u00e6re sm\u00e5 ufullkommenheter i glasset, som sm\u00e5 bobler og lette riper. For det meste individuelt forsvarlig pakket.<\/span><\/strong><\/p>\n<p><strong><span style=\"color: rgb(75, 80, 88);\"><span style=\"color: rgb(141, 186, 216);\"><strong>Kundene dine vil elske dette produktet. Bestill i dag<strong><span style=\"color: rgb(141, 186, 216);\">? <\/span><\/strong><\/strong><\/span><\/span><\/strong><\/p>\n<p><strong>Den kan monteres p\u00e5 veggen&#8230;<\/strong>Sk\u00e5lst\u00f8rrelse: H:27 cm D:5 cm P\u00e5 stativet 30 cm<\/p>\n","protected":false},"excerpt":{"rendered":"<p>V\u00e5rt h\u00e5ndlagde smeltede glass p\u00e5 tre er sannsynligvis det st\u00f8rste fra Bali p\u00e5 mange \u00e5r, og i Nederland er det allerede en massiv trend. Alt som er relatert til stueplanter og naturlig er en stor trend, og dette vakre og naturlige produktet er rett p\u00e5 sak. De er h\u00e5ndlaget p\u00e5 Bali av resirkulert glass og [&hellip;]<\/p>\n","protected":false},"featured_media":371353,"comment_status":"closed","ping_status":"open","template":"","meta":{"_angie_page":false},"product_brand":[],"product_cat":[10539,8394],"product_tag":[],"class_list":{"0":"post-208597","1":"product","2":"type-product","3":"status-publish","4":"has-post-thumbnail","6":"product_cat-glass-dekorasjoner","7":"product_cat-hjem-og-hage","8":"pa_collection-molten-glass-on-wood-no","9":"pa_made-in-indonesia","11":"first","12":"instock","13":"purchasable","14":"product-type-simple"},"supplier_id":null,"supplier_sku":"MGW-05","barcode":null,"atum_controlled":true,"out_stock_date":null,"out_stock_threshold":null,"inheritable":false,"inbound_stock":null,"stock_on_hold":0,"sold_today":0,"sales_last_days":0,"reserved_stock":null,"customer_returns":null,"warehouse_damage":null,"lost_in_post":null,"other_logs":null,"out_stock_days":0,"lost_sales":0,"has_location":null,"update_date":"2026-05-04T00:03:58","atum_locations":[],"atum_stock_status":"instock","restock_status":false,"low_stock_amount":"","sales_update_date":"2026-01-30T01:24:32","calc_backorders":null,"_links":{"self":[{"href":"https:\/\/aromasentia.com\/no\/wp-json\/wp\/v2\/product\/208597","targetHints":{"allow":["GET"]}}],"collection":[{"href":"https:\/\/aromasentia.com\/no\/wp-json\/wp\/v2\/product"}],"about":[{"href":"https:\/\/aromasentia.com\/no\/wp-json\/wp\/v2\/types\/product"}],"replies":[{"embeddable":true,"href":"https:\/\/aromasentia.com\/no\/wp-json\/wp\/v2\/comments?post=208597"}],"version-history":[{"count":0,"href":"https:\/\/aromasentia.com\/no\/wp-json\/wp\/v2\/product\/208597\/revisions"}],"wp:featuredmedia":[{"embeddable":true,"href":"https:\/\/aromasentia.com\/no\/wp-json\/wp\/v2\/media\/371353"}],"wp:attachment":[{"href":"https:\/\/aromasentia.com\/no\/wp-json\/wp\/v2\/media?parent=208597"}],"wp:term":[{"taxonomy":"product_brand","embeddable":true,"href":"https:\/\/aromasentia.com\/no\/wp-json\/wp\/v2\/product_brand?post=208597"},{"taxonomy":"product_cat","embeddable":true,"href":"https:\/\/aromasentia.com\/no\/wp-json\/wp\/v2\/product_cat?post=208597"},{"taxonomy":"product_tag","embeddable":true,"href":"https:\/\/aromasentia.com\/no\/wp-json\/wp\/v2\/product_tag?post=208597"}],"curies":[{"name":"wp","href":"https:\/\/api.w.org\/{rel}","templated":true}]}}