{"id":208593,"date":"2025-03-22T16:05:35","date_gmt":"2025-03-22T16:05:35","guid":{"rendered":"https:\/\/aromasentia.com\/product\/molten-glass-on-wood-small-bowl\/"},"modified":"2025-05-31T05:12:31","modified_gmt":"2025-05-31T05:12:31","slug":"smeltet-glass-pa-tre-skal-liten","status":"publish","type":"product","link":"https:\/\/aromasentia.com\/no\/smeltet-glass-pa-tre-skal-liten\/","title":{"rendered":"Smeltet Glass P\u00e5 Tre &#8211; Sk\u00e5l Liten"},"content":{"rendered":"<p><strong><span style=\"color: rgb(75, 80, 88);\">Aroma Sentia<\/span><\/strong><span style=\"color: rgb(75, 80, 88);\">&nbsp; H\u00e5ndlaget smeltet glass p\u00e5 tre er endelig her. Sannsynligvis den st\u00f8rste tingen fra Bali p\u00e5 mange \u00e5r, i Nederland allerede en massiv trend. Alt som er relatert til stueplanter og naturlig er en stor trend, og dette vakre og naturlige produktet er rett p\u00e5 knappen. De er laget for h\u00e5nd p\u00e5 Bali av resirkulert glass og balinesisk Gamal-tre. Denne fantastiske, smeltede kunstglassvasen bringer det beste fra to verdener sammen: naturlig og menneskeskapt; jordn\u00e6r og elegant; praktisk og spirituell.&nbsp;<\/span><\/p>\n<p><span style=\"color: rgb(75, 80, 88);\"><strong>Smeltet glass p\u00e5 tre &#8211; liten bolle<\/strong>&nbsp; er munnbl\u00e5st, og mens den fortsatt er varm, slappes den deretter av over et stykke Gamal-rot, hvoretter glasset herder til formen p\u00e5 treet og sikrer en perfekt passform. De er laget av et naturprodukt ved hjelp av h\u00e5ndverkt\u00f8y p\u00e5 tradisjonell balinesisk vis. Det gir en unik ramme for steiner og luftplanter, snittblomster, et akvarium eller en vinkaraffel. Hver gjenstand er unik ettersom de er laget av naturlig, b\u00e6rekraftig Gamal-tre, og det resirkulerte glasset er formet for \u00e5 passe, noe som gir dem autentisiteten. Kunden din vil elske dem. De kan brukes til stueplanter, zenhager, fiskesk\u00e5ler eller flytelys.<\/span><\/p>\n<p><span style=\"color: rgb(75, 80, 88);\"><strong>Ta naturen inn med disse helt vakre (og rimelige) naturlige kunstverkene, som kundene dine virkelig vil \u00f8nske \u00e5 eie. <\/strong><\/span><\/p>\n<p><span style=\"color: rgb(75, 80, 88);\">Sk\u00e5lst\u00f8rrelse: H: 9 cm D: 7 cm P\u00e5 trestativet: H: 14 cm<\/span><\/p>\n<p><span style=\"color: rgb(75, 80, 88);\">Strekkode: 5055796593620<\/span><\/p>\n<p><strong><span style=\"color: rgb(75, 80, 88);\">Merk: P\u00e5 grunn av den h\u00e5ndlagde naturen til dette produktet, kan det v\u00e6re sm\u00e5 ufullkommenheter i glasset, som sm\u00e5 bobler og lette riper. For det meste pakket individuelt i en forsvarlig eske.<\/span><\/strong><\/p>\n<p><strong><span style=\"color: rgb(141, 186, 216);\">Kundene dine vil elske dette produktet. Bestill i dag<strong><span style=\"color: rgb(141, 186, 216);\">? <\/span><\/strong><\/span><\/strong><\/p>\n","protected":false},"excerpt":{"rendered":"<p>Aroma Sentia&nbsp; H\u00e5ndlaget smeltet glass p\u00e5 tre er endelig her. Sannsynligvis den st\u00f8rste tingen fra Bali p\u00e5 mange \u00e5r, i Nederland allerede en massiv trend. Alt som er relatert til stueplanter og naturlig er en stor trend, og dette vakre og naturlige produktet er rett p\u00e5 knappen. De er laget for h\u00e5nd p\u00e5 Bali av [&hellip;]<\/p>\n","protected":false},"featured_media":371189,"comment_status":"closed","ping_status":"open","template":"","meta":{"_angie_page":false},"product_brand":[],"product_cat":[10539,8394],"product_tag":[],"class_list":{"0":"post-208593","1":"product","2":"type-product","3":"status-publish","4":"has-post-thumbnail","6":"product_cat-glass-dekorasjoner","7":"product_cat-hjem-og-hage","8":"pa_collection-molten-glass-on-wood-no","9":"pa_made-in-indonesia","11":"first","12":"instock","13":"purchasable","14":"product-type-simple"},"supplier_id":null,"supplier_sku":"MGW-01","barcode":null,"atum_controlled":true,"out_stock_date":null,"out_stock_threshold":null,"inheritable":false,"inbound_stock":null,"stock_on_hold":0,"sold_today":0,"sales_last_days":0,"reserved_stock":null,"customer_returns":null,"warehouse_damage":null,"lost_in_post":null,"other_logs":null,"out_stock_days":0,"lost_sales":0,"has_location":null,"update_date":"2026-05-08T05:13:10","atum_locations":[],"atum_stock_status":"instock","restock_status":false,"low_stock_amount":"","sales_update_date":"2025-09-05T00:29:23","calc_backorders":null,"_links":{"self":[{"href":"https:\/\/aromasentia.com\/no\/wp-json\/wp\/v2\/product\/208593","targetHints":{"allow":["GET"]}}],"collection":[{"href":"https:\/\/aromasentia.com\/no\/wp-json\/wp\/v2\/product"}],"about":[{"href":"https:\/\/aromasentia.com\/no\/wp-json\/wp\/v2\/types\/product"}],"replies":[{"embeddable":true,"href":"https:\/\/aromasentia.com\/no\/wp-json\/wp\/v2\/comments?post=208593"}],"version-history":[{"count":0,"href":"https:\/\/aromasentia.com\/no\/wp-json\/wp\/v2\/product\/208593\/revisions"}],"wp:featuredmedia":[{"embeddable":true,"href":"https:\/\/aromasentia.com\/no\/wp-json\/wp\/v2\/media\/371189"}],"wp:attachment":[{"href":"https:\/\/aromasentia.com\/no\/wp-json\/wp\/v2\/media?parent=208593"}],"wp:term":[{"taxonomy":"product_brand","embeddable":true,"href":"https:\/\/aromasentia.com\/no\/wp-json\/wp\/v2\/product_brand?post=208593"},{"taxonomy":"product_cat","embeddable":true,"href":"https:\/\/aromasentia.com\/no\/wp-json\/wp\/v2\/product_cat?post=208593"},{"taxonomy":"product_tag","embeddable":true,"href":"https:\/\/aromasentia.com\/no\/wp-json\/wp\/v2\/product_tag?post=208593"}],"curies":[{"name":"wp","href":"https:\/\/api.w.org\/{rel}","templated":true}]}}