{"id":208586,"date":"2025-03-22T16:05:35","date_gmt":"2025-03-22T16:05:35","guid":{"rendered":"https:\/\/aromasentia.com\/product\/pastel-blue-macrame-dream-catcher-16cm-asst-colours\/"},"modified":"2025-05-31T05:12:02","modified_gmt":"2025-05-31T05:12:02","slug":"makrame-drommefanger-pastellbla-16-cm-i-flere-farger-2","status":"publish","type":"product","link":"https:\/\/aromasentia.com\/no\/makrame-drommefanger-pastellbla-16-cm-i-flere-farger-2\/","title":{"rendered":"Makrame Dr\u00f8mmefanger Pastellbl\u00e5 16 cm (I Flere Farger)"},"content":{"rendered":"<p>Disse vakre dr\u00f8mmefangerne er h\u00e5ndlaget p\u00e5 den \u00e5ndelig velsignede \u00f8ya Bali.<\/p>\n<p>De gode dr\u00f8mmene passerer gjennom dr\u00f8mmefangeren, og de d\u00e5rlige, som ikke vet veien, vikler seg inn i nettet og forsvinner med det f\u00f8rste daggry. P\u00e5 Bali er lokalbefolkningen i sterk kontakt med \u00e5ndeverdenen og har tatt i bruk dr\u00f8mmefangeren og fornyet dens kraft.<\/p>\n<p>Laget med kj\u00e6rlighet av bomull og fj\u00e6r med ekstra velsignelser.<\/p>\n<p>S\u00f8te dr\u00f8mmer.<\/p>\n","protected":false},"excerpt":{"rendered":"<p>Disse vakre dr\u00f8mmefangerne er h\u00e5ndlaget p\u00e5 den \u00e5ndelig velsignede \u00f8ya Bali. De gode dr\u00f8mmene passerer gjennom dr\u00f8mmefangeren, og de d\u00e5rlige, som ikke vet veien, vikler seg inn i nettet og forsvinner med det f\u00f8rste daggry. P\u00e5 Bali er lokalbefolkningen i sterk kontakt med \u00e5ndeverdenen og har tatt i bruk dr\u00f8mmefangeren og fornyet dens kraft. Laget [&hellip;]<\/p>\n","protected":false},"featured_media":371102,"comment_status":"closed","ping_status":"open","template":"","meta":[],"product_brand":[],"product_cat":[8394,8395],"product_tag":[],"class_list":{"0":"post-208586","1":"product","2":"type-product","3":"status-publish","4":"has-post-thumbnail","6":"product_cat-hjem-og-hage","7":"product_cat-makrameer-og-drommefangere","8":"pa_collection-pastel-macrame-dream-catchers-no","9":"pa_made-in-indonesia","11":"first","12":"instock","13":"purchasable","14":"product-type-simple"},"supplier_id":null,"supplier_sku":"MDC-06","barcode":null,"atum_controlled":true,"out_stock_date":null,"out_stock_threshold":null,"inheritable":false,"inbound_stock":null,"stock_on_hold":0,"sold_today":0,"sales_last_days":0,"reserved_stock":null,"customer_returns":null,"warehouse_damage":null,"lost_in_post":null,"other_logs":null,"out_stock_days":0,"lost_sales":0,"has_location":null,"update_date":"2026-02-02T11:22:19","atum_locations":[],"atum_stock_status":"instock","restock_status":false,"low_stock_amount":"","sales_update_date":"2026-01-30T01:26:34","calc_backorders":null,"_links":{"self":[{"href":"https:\/\/aromasentia.com\/no\/wp-json\/wp\/v2\/product\/208586","targetHints":{"allow":["GET"]}}],"collection":[{"href":"https:\/\/aromasentia.com\/no\/wp-json\/wp\/v2\/product"}],"about":[{"href":"https:\/\/aromasentia.com\/no\/wp-json\/wp\/v2\/types\/product"}],"replies":[{"embeddable":true,"href":"https:\/\/aromasentia.com\/no\/wp-json\/wp\/v2\/comments?post=208586"}],"version-history":[{"count":0,"href":"https:\/\/aromasentia.com\/no\/wp-json\/wp\/v2\/product\/208586\/revisions"}],"wp:featuredmedia":[{"embeddable":true,"href":"https:\/\/aromasentia.com\/no\/wp-json\/wp\/v2\/media\/371102"}],"wp:attachment":[{"href":"https:\/\/aromasentia.com\/no\/wp-json\/wp\/v2\/media?parent=208586"}],"wp:term":[{"taxonomy":"product_brand","embeddable":true,"href":"https:\/\/aromasentia.com\/no\/wp-json\/wp\/v2\/product_brand?post=208586"},{"taxonomy":"product_cat","embeddable":true,"href":"https:\/\/aromasentia.com\/no\/wp-json\/wp\/v2\/product_cat?post=208586"},{"taxonomy":"product_tag","embeddable":true,"href":"https:\/\/aromasentia.com\/no\/wp-json\/wp\/v2\/product_tag?post=208586"}],"curies":[{"name":"wp","href":"https:\/\/api.w.org\/{rel}","templated":true}]}}