{"id":208578,"date":"2025-03-22T16:05:35","date_gmt":"2025-03-22T16:05:35","guid":{"rendered":"https:\/\/aromasentia.com\/product\/macrame-soft-chandelier-black\/"},"modified":"2025-05-31T05:11:31","modified_gmt":"2025-05-31T05:11:31","slug":"myk-lysekrone-i-makrame-svart","status":"publish","type":"product","link":"https:\/\/aromasentia.com\/no\/myk-lysekrone-i-makrame-svart\/","title":{"rendered":"Myk Lysekrone I Makrame &#8211; Svart"},"content":{"rendered":"<p>Tilf\u00f8r et snev av bohemsk glamour til ethvert rom med v\u00e5r <strong>Aroma Sentia<\/strong> <span style=\"color: rgb(141, 186, 216);\"><strong>Makrame-lysekrone<\/strong><\/span>.<\/p>\n<p>Hvis du fortsatt ikke har blitt fanget i makrame-galskapen, vet du ikke hva du g\u00e5r glipp av.<\/p>\n<p>H\u00e5ndvevd i Indonesia med lokalt produsert bomullssnor, er denne lysekronen en unik bohemsk chic-dekorasjon som vil se fantastisk ut i butikken din.<\/p>\n<p>Ca. st\u00f8rrelse: H: 80 cm, B: 50 cm <\/p>\n<p><strong>NB: Lysarmatur ikke inkludert. Bruk kun LED-p\u00e6rer\/lavenergip\u00e6rer\/energieffektive p\u00e6rer som holder seg kj\u00f8lige og ikke blir for varme.<\/strong><\/p>\n<p><em>* Helt naturlig * H\u00e5ndvevd * Produsert lokalt * Handles rettferdig *<\/em><\/p>\n<p><span style=\"color: rgb(141, 186, 216);\"><strong>Bestill i dag. Kundene dine vil f\u00e5 det.<\/strong><\/span><\/p>\n","protected":false},"excerpt":{"rendered":"<p>Tilf\u00f8r et snev av bohemsk glamour til ethvert rom med v\u00e5r Aroma Sentia Makrame-lysekrone. Hvis du fortsatt ikke har blitt fanget i makrame-galskapen, vet du ikke hva du g\u00e5r glipp av. H\u00e5ndvevd i Indonesia med lokalt produsert bomullssnor, er denne lysekronen en unik bohemsk chic-dekorasjon som vil se fantastisk ut i butikken din. Ca. st\u00f8rrelse: [&hellip;]<\/p>\n","protected":false},"featured_media":370974,"comment_status":"closed","ping_status":"open","template":"","meta":[],"product_brand":[],"product_cat":[8394],"product_tag":[],"class_list":{"0":"post-208578","1":"product","2":"type-product","3":"status-publish","4":"has-post-thumbnail","6":"product_cat-hjem-og-hage","7":"pa_made-in-indonesia","9":"first","10":"instock","11":"purchasable","12":"product-type-simple"},"supplier_id":null,"supplier_sku":"MChand-02","barcode":null,"atum_controlled":true,"out_stock_date":null,"out_stock_threshold":null,"inheritable":false,"inbound_stock":null,"stock_on_hold":0,"sold_today":0,"sales_last_days":0,"reserved_stock":null,"customer_returns":null,"warehouse_damage":null,"lost_in_post":null,"other_logs":null,"out_stock_days":0,"lost_sales":0,"has_location":null,"update_date":"2026-01-30T01:25:38","atum_locations":[],"atum_stock_status":"instock","restock_status":false,"low_stock_amount":"","sales_update_date":"2026-01-30T01:25:38","calc_backorders":null,"_links":{"self":[{"href":"https:\/\/aromasentia.com\/no\/wp-json\/wp\/v2\/product\/208578","targetHints":{"allow":["GET"]}}],"collection":[{"href":"https:\/\/aromasentia.com\/no\/wp-json\/wp\/v2\/product"}],"about":[{"href":"https:\/\/aromasentia.com\/no\/wp-json\/wp\/v2\/types\/product"}],"replies":[{"embeddable":true,"href":"https:\/\/aromasentia.com\/no\/wp-json\/wp\/v2\/comments?post=208578"}],"version-history":[{"count":0,"href":"https:\/\/aromasentia.com\/no\/wp-json\/wp\/v2\/product\/208578\/revisions"}],"wp:featuredmedia":[{"embeddable":true,"href":"https:\/\/aromasentia.com\/no\/wp-json\/wp\/v2\/media\/370974"}],"wp:attachment":[{"href":"https:\/\/aromasentia.com\/no\/wp-json\/wp\/v2\/media?parent=208578"}],"wp:term":[{"taxonomy":"product_brand","embeddable":true,"href":"https:\/\/aromasentia.com\/no\/wp-json\/wp\/v2\/product_brand?post=208578"},{"taxonomy":"product_cat","embeddable":true,"href":"https:\/\/aromasentia.com\/no\/wp-json\/wp\/v2\/product_cat?post=208578"},{"taxonomy":"product_tag","embeddable":true,"href":"https:\/\/aromasentia.com\/no\/wp-json\/wp\/v2\/product_tag?post=208578"}],"curies":[{"name":"wp","href":"https:\/\/api.w.org\/{rel}","templated":true}]}}