{"id":208561,"date":"2025-03-22T16:05:35","date_gmt":"2025-03-22T16:05:35","guid":{"rendered":"https:\/\/aromasentia.com\/product\/macrame-pot-holder-classic-pastal-tones-terrace-med-pot\/"},"modified":"2025-05-31T05:10:13","modified_gmt":"2025-05-31T05:10:13","slug":"makrame-gryteholder-classic-pastellfarger-terrasse-med-potte","status":"publish","type":"product","link":"https:\/\/aromasentia.com\/no\/makrame-gryteholder-classic-pastellfarger-terrasse-med-potte\/","title":{"rendered":"Makrame Gryteholder Classic &#8211; Pastellfarger Terrasse med Potte"},"content":{"rendered":"<p>Utvid varelageret ditt og f\u00f8lg de nyeste trendene med denne <strong>Grosshandel Terrace Macrame potteholder i pastellfarger<\/strong>! Denne <strong>mellomstore<\/strong><strong>d<\/strong> planteopphengeren er h\u00e5ndlaget i Indonesia og har en herlig blanding av pastellfarger som tilf\u00f8rer et snev av v\u00e5rlig sjarm og terrassevibber til ethvert innend\u00f8rs rom.<\/p>\n<p>Denne allsidige makram\u00e9opphengeren har <strong>perfekt st\u00f8rrelse for \u00e5 romme et bredt utvalg av popul\u00e6re potteplanter<\/strong>, inkludert bregner, filodendron, pothos eller sukkulenter i kaskader. Siden potten ikke er inkludert, kan kundene tilpasse utseendet ved \u00e5 velge potter som utfyller pastellfargene og forbedrer innredningen innend\u00f8rs.<\/p>\n<p>Laget av materialer av h\u00f8y kvalitet, er disse makram\u00e9planteopphengene bygget for \u00e5 vare. Den <strong>intrikate knytningen<\/strong> s\u00f8rger for sikker plassering av plantekrukker, minimerer retur og maksimerer kundetilfredsheten.<\/p>\n<p>Shopp Terrace Macrame potteoppheng i pastellfarger og oppgrader ditt utvalg av interi\u00f8rartikler med dette vakre m\u00f8belet!&nbsp;<\/p>\n<\/p>\n<p> <em><strong>Bemerk: Potten er ikke inkludert. &nbsp;&nbsp;<\/strong><\/em><\/p>\n","protected":false},"excerpt":{"rendered":"<p>Utvid varelageret ditt og f\u00f8lg de nyeste trendene med denne Grosshandel Terrace Macrame potteholder i pastellfarger! Denne mellomstored planteopphengeren er h\u00e5ndlaget i Indonesia og har en herlig blanding av pastellfarger som tilf\u00f8rer et snev av v\u00e5rlig sjarm og terrassevibber til ethvert innend\u00f8rs rom. Denne allsidige makram\u00e9opphengeren har perfekt st\u00f8rrelse for \u00e5 romme et bredt utvalg [&hellip;]<\/p>\n","protected":false},"featured_media":370525,"comment_status":"closed","ping_status":"open","template":"","meta":[],"product_brand":[],"product_cat":[8394,8395],"product_tag":[],"class_list":{"0":"post-208561","1":"product","2":"type-product","3":"status-publish","4":"has-post-thumbnail","6":"product_cat-hjem-og-hage","7":"product_cat-makrameer-og-drommefangere","8":"pa_collection-macrame-pot-holder-no","9":"pa_made-in-indonesia","11":"first","12":"instock","13":"purchasable","14":"product-type-simple"},"supplier_id":null,"supplier_sku":"MacP-11","barcode":null,"atum_controlled":true,"out_stock_date":null,"out_stock_threshold":null,"inheritable":false,"inbound_stock":null,"stock_on_hold":0,"sold_today":0,"sales_last_days":0,"reserved_stock":null,"customer_returns":null,"warehouse_damage":null,"lost_in_post":null,"other_logs":null,"out_stock_days":0,"lost_sales":0,"has_location":null,"update_date":"2026-02-06T00:02:14","atum_locations":[],"atum_stock_status":"instock","restock_status":false,"low_stock_amount":"","sales_update_date":"2026-02-06T00:02:14","calc_backorders":null,"_links":{"self":[{"href":"https:\/\/aromasentia.com\/no\/wp-json\/wp\/v2\/product\/208561","targetHints":{"allow":["GET"]}}],"collection":[{"href":"https:\/\/aromasentia.com\/no\/wp-json\/wp\/v2\/product"}],"about":[{"href":"https:\/\/aromasentia.com\/no\/wp-json\/wp\/v2\/types\/product"}],"replies":[{"embeddable":true,"href":"https:\/\/aromasentia.com\/no\/wp-json\/wp\/v2\/comments?post=208561"}],"version-history":[{"count":0,"href":"https:\/\/aromasentia.com\/no\/wp-json\/wp\/v2\/product\/208561\/revisions"}],"wp:featuredmedia":[{"embeddable":true,"href":"https:\/\/aromasentia.com\/no\/wp-json\/wp\/v2\/media\/370525"}],"wp:attachment":[{"href":"https:\/\/aromasentia.com\/no\/wp-json\/wp\/v2\/media?parent=208561"}],"wp:term":[{"taxonomy":"product_brand","embeddable":true,"href":"https:\/\/aromasentia.com\/no\/wp-json\/wp\/v2\/product_brand?post=208561"},{"taxonomy":"product_cat","embeddable":true,"href":"https:\/\/aromasentia.com\/no\/wp-json\/wp\/v2\/product_cat?post=208561"},{"taxonomy":"product_tag","embeddable":true,"href":"https:\/\/aromasentia.com\/no\/wp-json\/wp\/v2\/product_tag?post=208561"}],"curies":[{"name":"wp","href":"https:\/\/api.w.org\/{rel}","templated":true}]}}