{"id":208560,"date":"2025-03-22T16:05:35","date_gmt":"2025-03-22T16:05:35","guid":{"rendered":"https:\/\/aromasentia.com\/product\/macrame-pot-holder-classic-pastal-tones-bathroom-med-pot\/"},"modified":"2025-05-31T05:10:10","modified_gmt":"2025-05-31T05:10:10","slug":"makrame-gryteholder-classic-pastellfarget-baderomsgryte","status":"publish","type":"product","link":"https:\/\/aromasentia.com\/no\/makrame-gryteholder-classic-pastellfarget-baderomsgryte\/","title":{"rendered":"Makrame Gryteholder Classic &#8211; Pastellfarget Baderomsgryte"},"content":{"rendered":"<p>Liv opp inventaret ditt og im\u00f8tekomme de nyeste trendene med denne <strong>Grossist Medium Bathroom Macrame Pot Holder i pastellfarger<\/strong>! Denne mellomstore planteopphengeren er h\u00e5ndlaget i Indonesia og har en herlig blanding av pastellfarger som gir et snev av v\u00e5rlig sjarm til ethvert bad.<\/p>\n<p>Denne allsidige makram\u00e9opphengeren er <strong>st\u00f8rrelse perfekt for \u00e5 im\u00f8tekomme et bredt spekter av popul\u00e6re potteplanter, inkludert bregner, filodendroner, pothos eller kaskader av sukkulenter. Siden potten ikke er inkludert, kan kundene tilpasse utseendet ved \u00e5 velge potter som utfyller pastellfargene og forbedrer baderomsinnredningen.<\/p>\n<p>Laget av materialer av h\u00f8y kvalitet, er disse makram\u00e9planteopphengene <strong>bygget for \u00e5 vare<\/strong>. De intrikate knutene s\u00f8rger for sikker plassering av plantene, minimerer retur og maksimerer kundetilfredsheten.<\/p>\n<p>Tilby Medium Bathroom Macrame Pot Holder i pastellfarger og la kundene dine oppdatere hjemmene sine!<\/p>\n<p><strong><em>Bemerk: Potten er ikke inkludert.<\/p>\n","protected":false},"excerpt":{"rendered":"<p>Liv opp inventaret ditt og im\u00f8tekomme de nyeste trendene med denne Grossist Medium Bathroom Macrame Pot Holder i pastellfarger! Denne mellomstore planteopphengeren er h\u00e5ndlaget i Indonesia og har en herlig blanding av pastellfarger som gir et snev av v\u00e5rlig sjarm til ethvert bad. Denne allsidige makram\u00e9opphengeren er st\u00f8rrelse perfekt for \u00e5 im\u00f8tekomme et bredt spekter [&hellip;]<\/p>\n","protected":false},"featured_media":370516,"comment_status":"closed","ping_status":"open","template":"","meta":[],"product_brand":[],"product_cat":[8394,8395],"product_tag":[],"class_list":{"0":"post-208560","1":"product","2":"type-product","3":"status-publish","4":"has-post-thumbnail","6":"product_cat-hjem-og-hage","7":"product_cat-makrameer-og-drommefangere","8":"pa_collection-macrame-pot-holder-no","9":"pa_made-in-indonesia","11":"first","12":"instock","13":"purchasable","14":"product-type-simple"},"supplier_id":null,"supplier_sku":"MacP-10","barcode":null,"atum_controlled":true,"out_stock_date":null,"out_stock_threshold":null,"inheritable":false,"inbound_stock":null,"stock_on_hold":0,"sold_today":0,"sales_last_days":0,"reserved_stock":null,"customer_returns":null,"warehouse_damage":null,"lost_in_post":null,"other_logs":null,"out_stock_days":0,"lost_sales":0,"has_location":null,"update_date":"2026-02-06T00:02:13","atum_locations":[],"atum_stock_status":"instock","restock_status":false,"low_stock_amount":"","sales_update_date":"2026-02-06T00:02:13","calc_backorders":null,"_links":{"self":[{"href":"https:\/\/aromasentia.com\/no\/wp-json\/wp\/v2\/product\/208560","targetHints":{"allow":["GET"]}}],"collection":[{"href":"https:\/\/aromasentia.com\/no\/wp-json\/wp\/v2\/product"}],"about":[{"href":"https:\/\/aromasentia.com\/no\/wp-json\/wp\/v2\/types\/product"}],"replies":[{"embeddable":true,"href":"https:\/\/aromasentia.com\/no\/wp-json\/wp\/v2\/comments?post=208560"}],"version-history":[{"count":0,"href":"https:\/\/aromasentia.com\/no\/wp-json\/wp\/v2\/product\/208560\/revisions"}],"wp:featuredmedia":[{"embeddable":true,"href":"https:\/\/aromasentia.com\/no\/wp-json\/wp\/v2\/media\/370516"}],"wp:attachment":[{"href":"https:\/\/aromasentia.com\/no\/wp-json\/wp\/v2\/media?parent=208560"}],"wp:term":[{"taxonomy":"product_brand","embeddable":true,"href":"https:\/\/aromasentia.com\/no\/wp-json\/wp\/v2\/product_brand?post=208560"},{"taxonomy":"product_cat","embeddable":true,"href":"https:\/\/aromasentia.com\/no\/wp-json\/wp\/v2\/product_cat?post=208560"},{"taxonomy":"product_tag","embeddable":true,"href":"https:\/\/aromasentia.com\/no\/wp-json\/wp\/v2\/product_tag?post=208560"}],"curies":[{"name":"wp","href":"https:\/\/api.w.org\/{rel}","templated":true}]}}