{"id":208547,"date":"2025-03-22T16:05:35","date_gmt":"2025-03-22T16:05:35","guid":{"rendered":"https:\/\/aromasentia.com\/product\/macrame-angel-rebel\/"},"modified":"2025-05-31T05:09:32","modified_gmt":"2025-05-31T05:09:32","slug":"makrame-engel-rebel","status":"publish","type":"product","link":"https:\/\/aromasentia.com\/no\/makrame-engel-rebel\/","title":{"rendered":"Makrame Engel &#8211; Rebel"},"content":{"rendered":"<p>Denne engelen er laget av r\u00e5, ubearbeidede fibre som avsl\u00f8rer menneskesjelens r\u00e5 \u00f8nsker og behov. Det er alltid tider n\u00e5r oppr\u00f8reren m\u00e5 og b\u00f8r slippes l\u00f8s for \u00e5 oppn\u00e5 balanse og mening. Akkurat som Adam og Eva gjorde oppr\u00f8r og spiste eplet for \u00e5 finne menneskelighet, for senere \u00e5 finne et h\u00f8yere form\u00e5l &#8230; s\u00e5 m\u00e5 vi alle gj\u00f8re oppr\u00f8r. Rebel-engelen er en perfekt gave \u00e5 gi til en venn som trenger motet til \u00e5 ta det skrittet med oppr\u00f8r og selvoppdagelse.<\/p>\n<p>Engros Hati-Hati Makram\u00e9-engel &#8211; Rebel er h\u00e5ndvevd i fjellandsbyer av ren indonesisk bomull. Hver engel leveres komplett med en brosjyre og en fin gaveeske. Dette gj\u00f8r den til en fantastisk kulturell og omsorgsfull gave.<\/p>\n<p>Hati-Hati er et vanlig indonesisk ord som betyr \u00abta vare p\u00e5 deg\u00bb. S\u00e5 disse englene er designet for \u00e5 bringe kj\u00e6rlighet og omsorg til alle som holder dem.<\/p>\n<p>Kunden din kan henge engelen p\u00e5 et d\u00f8rh\u00e5ndtak, garderobeknott, juletre, veske eller rett og slett hvor som helst de \u00f8nsker \u00e5 f\u00f8le en positiv energi. De kan til og med samle p\u00e5 disse englene!<\/p>\n<p><a href=\"https:\/\/aromasentia.com\/hatia\"><span style=\"color: rgb(149, 122, 101);\">Du liker kanskje ogs\u00e5 Hati Hati-engler laget av b\u00e6rekraftig Suar-tre.<\/span><\/a><\/p>\n<p><em>Engelst\u00f8rrelse: 22 x 14 x 1 cm<\/em><\/p>\n<p><span style=\"color: rgb(141, 186, 216);\"><strong>Husk \u00e5 smile og si \u00abHati-Hati!\u00bb n\u00e5r du sender denne engelen videre.<\/strong><\/span><\/p>\n","protected":false},"excerpt":{"rendered":"<p>Denne engelen er laget av r\u00e5, ubearbeidede fibre som avsl\u00f8rer menneskesjelens r\u00e5 \u00f8nsker og behov. Det er alltid tider n\u00e5r oppr\u00f8reren m\u00e5 og b\u00f8r slippes l\u00f8s for \u00e5 oppn\u00e5 balanse og mening. Akkurat som Adam og Eva gjorde oppr\u00f8r og spiste eplet for \u00e5 finne menneskelighet, for senere \u00e5 finne et h\u00f8yere form\u00e5l &#8230; s\u00e5 [&hellip;]<\/p>\n","protected":false},"featured_media":370143,"comment_status":"closed","ping_status":"open","template":"","meta":{"_angie_page":false},"product_brand":[],"product_cat":[8394,8395],"product_tag":[],"class_list":{"0":"post-208547","1":"product","2":"type-product","3":"status-publish","4":"has-post-thumbnail","6":"product_cat-hjem-og-hage","7":"product_cat-makrameer-og-drommefangere","8":"pa_collection-hati-hati-macrame-angel-in-gift-box-no","9":"pa_made-in-indonesia","11":"first","12":"instock","13":"purchasable","14":"product-type-simple"},"supplier_id":null,"supplier_sku":"MacA-03","barcode":null,"atum_controlled":true,"out_stock_date":null,"out_stock_threshold":null,"inheritable":false,"inbound_stock":null,"stock_on_hold":0,"sold_today":0,"sales_last_days":0,"reserved_stock":null,"customer_returns":null,"warehouse_damage":null,"lost_in_post":null,"other_logs":null,"out_stock_days":0,"lost_sales":0,"has_location":null,"update_date":"2026-05-08T05:13:07","atum_locations":[],"atum_stock_status":"instock","restock_status":false,"low_stock_amount":"","sales_update_date":"2026-01-30T01:25:47","calc_backorders":null,"_links":{"self":[{"href":"https:\/\/aromasentia.com\/no\/wp-json\/wp\/v2\/product\/208547","targetHints":{"allow":["GET"]}}],"collection":[{"href":"https:\/\/aromasentia.com\/no\/wp-json\/wp\/v2\/product"}],"about":[{"href":"https:\/\/aromasentia.com\/no\/wp-json\/wp\/v2\/types\/product"}],"replies":[{"embeddable":true,"href":"https:\/\/aromasentia.com\/no\/wp-json\/wp\/v2\/comments?post=208547"}],"version-history":[{"count":0,"href":"https:\/\/aromasentia.com\/no\/wp-json\/wp\/v2\/product\/208547\/revisions"}],"wp:featuredmedia":[{"embeddable":true,"href":"https:\/\/aromasentia.com\/no\/wp-json\/wp\/v2\/media\/370143"}],"wp:attachment":[{"href":"https:\/\/aromasentia.com\/no\/wp-json\/wp\/v2\/media?parent=208547"}],"wp:term":[{"taxonomy":"product_brand","embeddable":true,"href":"https:\/\/aromasentia.com\/no\/wp-json\/wp\/v2\/product_brand?post=208547"},{"taxonomy":"product_cat","embeddable":true,"href":"https:\/\/aromasentia.com\/no\/wp-json\/wp\/v2\/product_cat?post=208547"},{"taxonomy":"product_tag","embeddable":true,"href":"https:\/\/aromasentia.com\/no\/wp-json\/wp\/v2\/product_tag?post=208547"}],"curies":[{"name":"wp","href":"https:\/\/api.w.org\/{rel}","templated":true}]}}