{"id":208546,"date":"2025-03-22T16:05:35","date_gmt":"2025-03-22T16:05:35","guid":{"rendered":"https:\/\/aromasentia.com\/product\/macrame-angel-earth\/"},"modified":"2025-05-31T05:09:20","modified_gmt":"2025-05-31T05:09:20","slug":"makrame-engel-jord","status":"publish","type":"product","link":"https:\/\/aromasentia.com\/no\/makrame-engel-jord\/","title":{"rendered":"Makrame Engel &#8211; Jord"},"content":{"rendered":"<p>Denne engelen er laget av jordens element\u00e6re farger. Bl\u00e5 for havet, gr\u00f8nn for jorden og kremfarget for den rollen vi mennesker b\u00f8r spille. I Balis kultur er det en tradisjon for balanse &#8211; balanse i naturen, balanse i jorden og balanse i menneskelig atferd. Denne engelen minner oss om at jorden er v\u00e5rt eneste hjem, og at vi alltid m\u00e5 ta vare p\u00e5 og beskytte hjemmet v\u00e5rt. Jordengelen er v\u00e5r universelle skytsengel og en gave til alle som bryr seg om verden v\u00e5r.<\/p>\n<p>Engros<strong>Hati-Hati Makram\u00e9-engel &#8211; Jord<\/strong> er h\u00e5ndvevd i fjellandsbyer av ren indonesisk bomull. Hver engel leveres komplett med en brosjyre og en fin gaveeske. Dette gj\u00f8r den til en fantastisk kulturell og omsorgsfull gave.<\/p>\n<p>Hati-Hati er et vanlig indonesisk ord som betyr \u00abta vare p\u00e5 deg\u00bb. S\u00e5 disse englene er designet for \u00e5 bringe kj\u00e6rlighet og omsorg til alle som holder dem.<\/p>\n<p><strong>Kunden din kan henge engelen p\u00e5 et d\u00f8rh\u00e5ndtak, garderobeknott, juletre, veske, eller rett og slett hvor som helst de vil f\u00f8le en positiv energi. De kan til og med samle p\u00e5 disse englene!<\/strong><\/p>\n<p><span style=\"color: rgb(149, 122, 101);\">Du liker kanskje ogs\u00e5 Hati Hati-engler laget av b\u00e6rekraftig Suar-tre.<\/span><\/p>\n<p><em>Engelst\u00f8rrelse: 22 x 14 x 1 cm<\/em><\/p>\n<p><span style=\"color: rgb(141, 186, 216);\"><strong>Husk \u00e5 smile og si \u00abHati-Hati!\u00bb n\u00e5r du gir denne engelen videre.<\/strong><\/span><\/p>\n","protected":false},"excerpt":{"rendered":"<p>Denne engelen er laget av jordens element\u00e6re farger. Bl\u00e5 for havet, gr\u00f8nn for jorden og kremfarget for den rollen vi mennesker b\u00f8r spille. I Balis kultur er det en tradisjon for balanse &#8211; balanse i naturen, balanse i jorden og balanse i menneskelig atferd. Denne engelen minner oss om at jorden er v\u00e5rt eneste hjem, [&hellip;]<\/p>\n","protected":false},"featured_media":370118,"comment_status":"closed","ping_status":"open","template":"","meta":{"_angie_page":false},"product_brand":[],"product_cat":[8394,8395],"product_tag":[],"class_list":{"0":"post-208546","1":"product","2":"type-product","3":"status-publish","4":"has-post-thumbnail","6":"product_cat-hjem-og-hage","7":"product_cat-makrameer-og-drommefangere","8":"pa_collection-hati-hati-macrame-angel-in-gift-box-no","9":"pa_made-in-indonesia","11":"first","12":"instock","13":"purchasable","14":"product-type-simple"},"supplier_id":null,"supplier_sku":"MacA-02","barcode":null,"atum_controlled":true,"out_stock_date":null,"out_stock_threshold":null,"inheritable":false,"inbound_stock":null,"stock_on_hold":0,"sold_today":0,"sales_last_days":0,"reserved_stock":null,"customer_returns":null,"warehouse_damage":null,"lost_in_post":null,"other_logs":null,"out_stock_days":0,"lost_sales":0,"has_location":null,"update_date":"2026-05-08T05:13:07","atum_locations":[],"atum_stock_status":"instock","restock_status":false,"low_stock_amount":"","sales_update_date":"2026-02-06T00:00:46","calc_backorders":null,"_links":{"self":[{"href":"https:\/\/aromasentia.com\/no\/wp-json\/wp\/v2\/product\/208546","targetHints":{"allow":["GET"]}}],"collection":[{"href":"https:\/\/aromasentia.com\/no\/wp-json\/wp\/v2\/product"}],"about":[{"href":"https:\/\/aromasentia.com\/no\/wp-json\/wp\/v2\/types\/product"}],"replies":[{"embeddable":true,"href":"https:\/\/aromasentia.com\/no\/wp-json\/wp\/v2\/comments?post=208546"}],"version-history":[{"count":0,"href":"https:\/\/aromasentia.com\/no\/wp-json\/wp\/v2\/product\/208546\/revisions"}],"wp:featuredmedia":[{"embeddable":true,"href":"https:\/\/aromasentia.com\/no\/wp-json\/wp\/v2\/media\/370118"}],"wp:attachment":[{"href":"https:\/\/aromasentia.com\/no\/wp-json\/wp\/v2\/media?parent=208546"}],"wp:term":[{"taxonomy":"product_brand","embeddable":true,"href":"https:\/\/aromasentia.com\/no\/wp-json\/wp\/v2\/product_brand?post=208546"},{"taxonomy":"product_cat","embeddable":true,"href":"https:\/\/aromasentia.com\/no\/wp-json\/wp\/v2\/product_cat?post=208546"},{"taxonomy":"product_tag","embeddable":true,"href":"https:\/\/aromasentia.com\/no\/wp-json\/wp\/v2\/product_tag?post=208546"}],"curies":[{"name":"wp","href":"https:\/\/api.w.org\/{rel}","templated":true}]}}