{"id":208540,"date":"2025-03-22T16:05:35","date_gmt":"2025-03-22T16:05:35","guid":{"rendered":"https:\/\/aromasentia.com\/product\/1x-linen-cushion-30x50cm-with-fringe\/"},"modified":"2025-05-31T05:08:57","modified_gmt":"2025-05-31T05:08:57","slug":"1x-putetrekk-i-lin-linpute-30x50cm-med-frynser","status":"publish","type":"product","link":"https:\/\/aromasentia.com\/no\/1x-putetrekk-i-lin-linpute-30x50cm-med-frynser\/","title":{"rendered":"1x Putetrekk i Lin \/ Linpute 30x50cm med Frynser"},"content":{"rendered":"<p><span style=\"color: rgb(75, 80, 88);\"><strong>Aroma Sentia Drosphip Europe<\/strong> 1x Linpute 30x50cm med frynser er laget av 100 % lin, og er et perfekt milj\u00f8vennlig alternativ. Lin er et fornybart og fullstendig biologisk nedbrytbart materiale, det brukes ingen gj\u00f8dsel i dyrkingen og det trenger ikke vanning. Materialet f\u00f8les veldig mykt og behagelig, og inviterer deg til \u00e5 slappe av. Med hver neste vask og bruk blir det mykere. Det er fordi linfibrene brister under vask, s\u00e5 jo lenger du bruker det, desto finere er det.<\/span><\/p>\n","protected":false},"excerpt":{"rendered":"<p>Aroma Sentia Drosphip Europe 1x Linpute 30x50cm med frynser er laget av 100 % lin, og er et perfekt milj\u00f8vennlig alternativ. Lin er et fornybart og fullstendig biologisk nedbrytbart materiale, det brukes ingen gj\u00f8dsel i dyrkingen og det trenger ikke vanning. Materialet f\u00f8les veldig mykt og behagelig, og inviterer deg til \u00e5 slappe av. Med [&hellip;]<\/p>\n","protected":false},"featured_media":369984,"comment_status":"closed","ping_status":"open","template":"","meta":{"_angie_page":false},"product_brand":[],"product_cat":[8394,10592,10395],"product_tag":[],"class_list":{"0":"post-208540","1":"product","2":"type-product","3":"status-publish","4":"has-post-thumbnail","6":"product_cat-hjem-og-hage","7":"product_cat-putevar-og-putetrekk","8":"product_cat-tekstiler","9":"pa_collection-linen-cushion-coverings-no","10":"pa_made-in-indonesia","12":"first","13":"instock","14":"purchasable","15":"product-type-simple"},"supplier_id":null,"supplier_sku":"LinC-03","barcode":null,"atum_controlled":true,"out_stock_date":null,"out_stock_threshold":null,"inheritable":false,"inbound_stock":null,"stock_on_hold":0,"sold_today":0,"sales_last_days":0,"reserved_stock":null,"customer_returns":null,"warehouse_damage":null,"lost_in_post":null,"other_logs":null,"out_stock_days":0,"lost_sales":0,"has_location":null,"update_date":"2026-04-27T07:11:06","atum_locations":[],"atum_stock_status":"instock","restock_status":false,"low_stock_amount":"","sales_update_date":"2026-01-30T01:24:44","calc_backorders":null,"_links":{"self":[{"href":"https:\/\/aromasentia.com\/no\/wp-json\/wp\/v2\/product\/208540","targetHints":{"allow":["GET"]}}],"collection":[{"href":"https:\/\/aromasentia.com\/no\/wp-json\/wp\/v2\/product"}],"about":[{"href":"https:\/\/aromasentia.com\/no\/wp-json\/wp\/v2\/types\/product"}],"replies":[{"embeddable":true,"href":"https:\/\/aromasentia.com\/no\/wp-json\/wp\/v2\/comments?post=208540"}],"version-history":[{"count":0,"href":"https:\/\/aromasentia.com\/no\/wp-json\/wp\/v2\/product\/208540\/revisions"}],"wp:featuredmedia":[{"embeddable":true,"href":"https:\/\/aromasentia.com\/no\/wp-json\/wp\/v2\/media\/369984"}],"wp:attachment":[{"href":"https:\/\/aromasentia.com\/no\/wp-json\/wp\/v2\/media?parent=208540"}],"wp:term":[{"taxonomy":"product_brand","embeddable":true,"href":"https:\/\/aromasentia.com\/no\/wp-json\/wp\/v2\/product_brand?post=208540"},{"taxonomy":"product_cat","embeddable":true,"href":"https:\/\/aromasentia.com\/no\/wp-json\/wp\/v2\/product_cat?post=208540"},{"taxonomy":"product_tag","embeddable":true,"href":"https:\/\/aromasentia.com\/no\/wp-json\/wp\/v2\/product_tag?post=208540"}],"curies":[{"name":"wp","href":"https:\/\/api.w.org\/{rel}","templated":true}]}}