{"id":208539,"date":"2025-03-22T16:05:35","date_gmt":"2025-03-22T16:05:35","guid":{"rendered":"https:\/\/aromasentia.com\/product\/1x-linen-cushion-45x45cm-with-fringe\/"},"modified":"2025-05-31T05:08:50","modified_gmt":"2025-05-31T05:08:50","slug":"1x-putetrekk-i-lin-linpute-45x45cm-med-frynser","status":"publish","type":"product","link":"https:\/\/aromasentia.com\/no\/1x-putetrekk-i-lin-linpute-45x45cm-med-frynser\/","title":{"rendered":"1x Putetrekk i Lin \/ Linpute 45x45cm med Frynser"},"content":{"rendered":"<p><strong>Aroma Sentia Drosphip Europe<\/strong> 1x linpute 45x45cm med frynser er laget av 100 % lin, og er et perfekt milj\u00f8vennlig alternativ. Lin er et fornybart og fullstendig biologisk nedbrytbart materiale, det brukes ingen gj\u00f8dsel i dyrkingen og det trenger ikke vanning. Materialet f\u00f8les veldig mykt og behagelig, og inviterer deg til \u00e5 slappe av. Med hver neste vask og bruk blir det mykere. Det er fordi linfibrene brister under vask, s\u00e5 jo lenger du bruker det, desto finere er det.<\/span><\/p>\n","protected":false},"excerpt":{"rendered":"<p>Aroma Sentia Drosphip Europe 1x linpute 45x45cm med frynser er laget av 100 % lin, og er et perfekt milj\u00f8vennlig alternativ. Lin er et fornybart og fullstendig biologisk nedbrytbart materiale, det brukes ingen gj\u00f8dsel i dyrkingen og det trenger ikke vanning. Materialet f\u00f8les veldig mykt og behagelig, og inviterer deg til \u00e5 slappe av. Med [&hellip;]<\/p>\n","protected":false},"featured_media":369967,"comment_status":"closed","ping_status":"open","template":"","meta":{"_angie_page":false},"product_brand":[],"product_cat":[8394,10592,10395],"product_tag":[],"class_list":{"0":"post-208539","1":"product","2":"type-product","3":"status-publish","4":"has-post-thumbnail","6":"product_cat-hjem-og-hage","7":"product_cat-putevar-og-putetrekk","8":"product_cat-tekstiler","9":"pa_collection-linen-cushion-coverings-no","10":"pa_made-in-indonesia","12":"first","13":"instock","14":"purchasable","15":"product-type-simple"},"supplier_id":null,"supplier_sku":"LinC-01","barcode":null,"atum_controlled":true,"out_stock_date":null,"out_stock_threshold":null,"inheritable":false,"inbound_stock":null,"stock_on_hold":0,"sold_today":0,"sales_last_days":0,"reserved_stock":null,"customer_returns":null,"warehouse_damage":null,"lost_in_post":null,"other_logs":null,"out_stock_days":0,"lost_sales":0,"has_location":null,"update_date":"2026-05-02T01:01:34","atum_locations":[],"atum_stock_status":"instock","restock_status":false,"low_stock_amount":"","sales_update_date":"2026-02-06T00:01:42","calc_backorders":null,"_links":{"self":[{"href":"https:\/\/aromasentia.com\/no\/wp-json\/wp\/v2\/product\/208539","targetHints":{"allow":["GET"]}}],"collection":[{"href":"https:\/\/aromasentia.com\/no\/wp-json\/wp\/v2\/product"}],"about":[{"href":"https:\/\/aromasentia.com\/no\/wp-json\/wp\/v2\/types\/product"}],"replies":[{"embeddable":true,"href":"https:\/\/aromasentia.com\/no\/wp-json\/wp\/v2\/comments?post=208539"}],"version-history":[{"count":0,"href":"https:\/\/aromasentia.com\/no\/wp-json\/wp\/v2\/product\/208539\/revisions"}],"wp:featuredmedia":[{"embeddable":true,"href":"https:\/\/aromasentia.com\/no\/wp-json\/wp\/v2\/media\/369967"}],"wp:attachment":[{"href":"https:\/\/aromasentia.com\/no\/wp-json\/wp\/v2\/media?parent=208539"}],"wp:term":[{"taxonomy":"product_brand","embeddable":true,"href":"https:\/\/aromasentia.com\/no\/wp-json\/wp\/v2\/product_brand?post=208539"},{"taxonomy":"product_cat","embeddable":true,"href":"https:\/\/aromasentia.com\/no\/wp-json\/wp\/v2\/product_cat?post=208539"},{"taxonomy":"product_tag","embeddable":true,"href":"https:\/\/aromasentia.com\/no\/wp-json\/wp\/v2\/product_tag?post=208539"}],"curies":[{"name":"wp","href":"https:\/\/api.w.org\/{rel}","templated":true}]}}