{"id":208531,"date":"2025-03-22T16:05:35","date_gmt":"2025-03-22T16:05:35","guid":{"rendered":"https:\/\/aromasentia.com\/product\/kilim-rug-125x80-cm-charcoal\/"},"modified":"2025-05-31T05:08:26","modified_gmt":"2025-05-31T05:08:26","slug":"kelimteppe-125x80-cm-hvit","status":"publish","type":"product","link":"https:\/\/aromasentia.com\/no\/kelimteppe-125x80-cm-hvit\/","title":{"rendered":"Kelimteppe 125&#215;80 cm &#8211; Hvit"},"content":{"rendered":"<p>Disse <strong>Aroma Sentia<\/strong> <strong>Kilim-teppene &#8211; <\/strong><strong>Kilim-teppe 125&#215;80 cm &#8211; Kullgr\u00e5<\/strong> <strong>&nbsp;<\/strong>er veldig stilige og i\u00f8ynefallende med sitt trinnvise diagonale m\u00f8nster. De vil tilf\u00f8re farge til ethvert rom.<\/p>\n<p>Gi kundene dine en orientalsk f\u00f8lelse hjemme. Kilim-teppet er et orientalsk flatt, vevd billedvev. Det har blitt produsert siden antikken.<\/p>\n<p>Dette kunstneriske utstillingen av bohemsk flatvevd teppe er kjent fordi ull ikke g\u00e5r over hele teppets bredde, men i stedet snur n\u00e5r fargen endres. Det betyr at <strong>hvert teppe har et unikt utseende<\/strong>. Tribal-inspirert design. Direkte importert fra Tyrkia.<\/p>\n<p><span style=\"color: rgb(141, 186, 216);\"><strong>Legg til denne unike og fasjonable hjemmedekorasjonen i nettbutikkens produktportef\u00f8lje. Kundene dine vil elske det.<\/strong><\/span><\/p>\n","protected":false},"excerpt":{"rendered":"<p>Disse Aroma Sentia Kilim-teppene &#8211; Kilim-teppe 125&#215;80 cm &#8211; Kullgr\u00e5 &nbsp;er veldig stilige og i\u00f8ynefallende med sitt trinnvise diagonale m\u00f8nster. De vil tilf\u00f8re farge til ethvert rom. Gi kundene dine en orientalsk f\u00f8lelse hjemme. Kilim-teppet er et orientalsk flatt, vevd billedvev. Det har blitt produsert siden antikken. Dette kunstneriske utstillingen av bohemsk flatvevd teppe er [&hellip;]<\/p>\n","protected":false},"featured_media":369703,"comment_status":"closed","ping_status":"open","template":"","meta":{"_angie_page":false},"product_brand":[],"product_cat":[8394,10395,10394],"product_tag":[],"class_list":{"0":"post-208531","1":"product","2":"type-product","3":"status-publish","4":"has-post-thumbnail","6":"product_cat-hjem-og-hage","7":"product_cat-tekstiler","8":"product_cat-tepper","9":"pa_collection-kilim-rug-no","10":"pa_made-in-tyrkia","12":"first","13":"instock","14":"purchasable","15":"product-type-simple"},"supplier_id":null,"supplier_sku":"KRug-02","barcode":null,"atum_controlled":true,"out_stock_date":null,"out_stock_threshold":null,"inheritable":false,"inbound_stock":null,"stock_on_hold":0,"sold_today":0,"sales_last_days":0,"reserved_stock":null,"customer_returns":null,"warehouse_damage":null,"lost_in_post":null,"other_logs":null,"out_stock_days":0,"lost_sales":0,"has_location":null,"update_date":"2026-04-27T07:10:28","atum_locations":[],"atum_stock_status":"instock","restock_status":false,"low_stock_amount":"","sales_update_date":"2026-01-30T01:24:57","calc_backorders":null,"_links":{"self":[{"href":"https:\/\/aromasentia.com\/no\/wp-json\/wp\/v2\/product\/208531","targetHints":{"allow":["GET"]}}],"collection":[{"href":"https:\/\/aromasentia.com\/no\/wp-json\/wp\/v2\/product"}],"about":[{"href":"https:\/\/aromasentia.com\/no\/wp-json\/wp\/v2\/types\/product"}],"replies":[{"embeddable":true,"href":"https:\/\/aromasentia.com\/no\/wp-json\/wp\/v2\/comments?post=208531"}],"version-history":[{"count":0,"href":"https:\/\/aromasentia.com\/no\/wp-json\/wp\/v2\/product\/208531\/revisions"}],"wp:featuredmedia":[{"embeddable":true,"href":"https:\/\/aromasentia.com\/no\/wp-json\/wp\/v2\/media\/369703"}],"wp:attachment":[{"href":"https:\/\/aromasentia.com\/no\/wp-json\/wp\/v2\/media?parent=208531"}],"wp:term":[{"taxonomy":"product_brand","embeddable":true,"href":"https:\/\/aromasentia.com\/no\/wp-json\/wp\/v2\/product_brand?post=208531"},{"taxonomy":"product_cat","embeddable":true,"href":"https:\/\/aromasentia.com\/no\/wp-json\/wp\/v2\/product_cat?post=208531"},{"taxonomy":"product_tag","embeddable":true,"href":"https:\/\/aromasentia.com\/no\/wp-json\/wp\/v2\/product_tag?post=208531"}],"curies":[{"name":"wp","href":"https:\/\/api.w.org\/{rel}","templated":true}]}}