{"id":208528,"date":"2025-03-22T16:05:35","date_gmt":"2025-03-22T16:05:35","guid":{"rendered":"https:\/\/aromasentia.com\/product\/kilim-cushion-cover-charcoal\/"},"modified":"2025-05-31T05:08:18","modified_gmt":"2025-05-31T05:08:18","slug":"kelim-putetrekk-kullfarget","status":"publish","type":"product","link":"https:\/\/aromasentia.com\/no\/kelim-putetrekk-kullfarget\/","title":{"rendered":"Kelim Putetrekk &#8211; Kullfarget"},"content":{"rendered":"<p>Tilf\u00f8r sofistikert tekstur med dette Kilim-putebetrekket &#8211; Kull. Dette sl\u00e5ende putetrekket er vevd i tradisjonell kelimvev og viser fengslende geometriske eller etniske m\u00f8nstre i en dyp koksgr\u00e5 farge, kanskje med kontrasterende aksenter. Den rike teksturen og den dristige, n\u00f8ytrale fargen gir et snev av moderne bohemsk eller rustikk eleganse til innredningen din. Et slitesterkt og stilig m\u00f8bel som tilf\u00f8rer ethvert rom dybde, kunstnerskap og en f\u00f8lelse av sofistikert raffinement.<\/p>\n","protected":false},"excerpt":{"rendered":"<p>Tilf\u00f8r sofistikert tekstur med dette Kilim-putebetrekket &#8211; Kull. Dette sl\u00e5ende putetrekket er vevd i tradisjonell kelimvev og viser fengslende geometriske eller etniske m\u00f8nstre i en dyp koksgr\u00e5 farge, kanskje med kontrasterende aksenter. Den rike teksturen og den dristige, n\u00f8ytrale fargen gir et snev av moderne bohemsk eller rustikk eleganse til innredningen din. Et slitesterkt og [&hellip;]<\/p>\n","protected":false},"featured_media":369628,"comment_status":"closed","ping_status":"open","template":"","meta":{"_angie_page":false},"product_brand":[],"product_cat":[8394,10592,10395],"product_tag":[],"class_list":{"0":"post-208528","1":"product","2":"type-product","3":"status-publish","4":"has-post-thumbnail","6":"product_cat-hjem-og-hage","7":"product_cat-putevar-og-putetrekk","8":"product_cat-tekstiler","9":"pa_made-in-tyrkia","11":"first","12":"instock","13":"purchasable","14":"product-type-simple"},"supplier_id":null,"supplier_sku":"KCush-02DS","barcode":null,"atum_controlled":true,"out_stock_date":null,"out_stock_threshold":null,"inheritable":false,"inbound_stock":null,"stock_on_hold":0,"sold_today":0,"sales_last_days":0,"reserved_stock":null,"customer_returns":null,"warehouse_damage":null,"lost_in_post":null,"other_logs":null,"out_stock_days":0,"lost_sales":0,"has_location":null,"update_date":"2026-04-27T07:10:19","atum_locations":[],"atum_stock_status":"instock","restock_status":false,"low_stock_amount":"","sales_update_date":"2026-01-30T01:25:48","calc_backorders":null,"_links":{"self":[{"href":"https:\/\/aromasentia.com\/no\/wp-json\/wp\/v2\/product\/208528","targetHints":{"allow":["GET"]}}],"collection":[{"href":"https:\/\/aromasentia.com\/no\/wp-json\/wp\/v2\/product"}],"about":[{"href":"https:\/\/aromasentia.com\/no\/wp-json\/wp\/v2\/types\/product"}],"replies":[{"embeddable":true,"href":"https:\/\/aromasentia.com\/no\/wp-json\/wp\/v2\/comments?post=208528"}],"version-history":[{"count":0,"href":"https:\/\/aromasentia.com\/no\/wp-json\/wp\/v2\/product\/208528\/revisions"}],"wp:featuredmedia":[{"embeddable":true,"href":"https:\/\/aromasentia.com\/no\/wp-json\/wp\/v2\/media\/369628"}],"wp:attachment":[{"href":"https:\/\/aromasentia.com\/no\/wp-json\/wp\/v2\/media?parent=208528"}],"wp:term":[{"taxonomy":"product_brand","embeddable":true,"href":"https:\/\/aromasentia.com\/no\/wp-json\/wp\/v2\/product_brand?post=208528"},{"taxonomy":"product_cat","embeddable":true,"href":"https:\/\/aromasentia.com\/no\/wp-json\/wp\/v2\/product_cat?post=208528"},{"taxonomy":"product_tag","embeddable":true,"href":"https:\/\/aromasentia.com\/no\/wp-json\/wp\/v2\/product_tag?post=208528"}],"curies":[{"name":"wp","href":"https:\/\/api.w.org\/{rel}","templated":true}]}}